{"id":94888,"date":"2021-02-21T21:55:28","date_gmt":"2021-02-21T21:55:28","guid":{"rendered":"https:\/\/www.autonvaraosahaku.fi\/?product=vaico-v10-2592-huohotin"},"modified":"2021-02-21T21:55:35","modified_gmt":"2021-02-21T21:55:35","slug":"vaico-v10-2592-huohotin","status":"publish","type":"product","link":"https:\/\/www.autonvaraosahaku.fi\/?product=vaico-v10-2592-huohotin","title":{"rendered":"VAICO V10-2592 Huohotin"},"content":{"rendered":"<p>Venttiilimalli: Ilmanpoistoventtiili, Kalvonventtiili; Huomioi tekniset tiedot: ; Suositeltu vaihtov\u00e4li [km]: 60000; Huomioi huolto-ohjeet: ; Asennuspuoli: Sylinterikansi; Pituus (mm): 115; Kotelomateriaali: Polyamidi 6.6; Leveys (mm): 91; Suositeltu vaihtov\u00e4li [vuotta]: 3; Huomioi ajoneuvovalmistajan vaatimukset: ; Korkeus (mm): 55; K\u00e4ytt\u00f6: paineohjattu; Paino [kg]: 0,559; Pakkausleveys [cm]: 13,5; Pakkauskorkeus [mm]: 13,5; Pakkaussyvyys [cm]: 6; lis\u00e4tieto: CST99; Moottorinumero: AGG; VW: GOLF III 1H1,PASSAT Variant 3A5, 35I,GOLF III Cabriolet 1E7,GOLF Mk III Cabriolet 1E7,GOLF III Variant 1H5,PASSAT 3A2, 35I,CORRADO 53I,VENTO 1H2; SEAT: IBIZA II 6K1,CORDOBA 6K1, 6K2,TOLEDO I 1L; 037129101G, 37129101G, 037129101G, 37129101G<\/p>\n","protected":false},"excerpt":{"rendered":"<p>VAICO \u00d6ljynerotin, Kampikammiotuuletus V10-2592  VW,SEAT,GOLF III 1H1,PASSAT Variant 3A5, 35I,GOLF III Cabriolet 1E7,GOLF Mk III Cabriolet 1E7<\/p>\n","protected":false},"featured_media":0,"template":"","meta":{"site-sidebar-layout":"default","site-content-layout":"default","ast-global-header-display":"","ast-main-header-display":"","ast-hfb-above-header-display":"","ast-hfb-below-header-display":"","ast-hfb-mobile-header-display":"","site-post-title":"","ast-breadcrumbs-content":"","ast-featured-img":"","footer-sml-layout":"","theme-transparent-header-meta":"","adv-header-id-meta":"","stick-header-meta":"","header-above-stick-meta":"","header-main-stick-meta":"","header-below-stick-meta":""},"pwb-brand":[330],"product_cat":[125],"product_tag":[],"class_list":{"0":"post-94888","1":"product","2":"type-product","3":"status-publish","5":"pwb-brand-vaico","6":"product_cat-huohotin","7":"desktop-align-left","8":"tablet-align-left","9":"mobile-align-left","11":"first","12":"instock","13":"product-type-external"},"brands":[{"id":330,"name":"VAICO","slug":"vaico"}],"_links":{"self":[{"href":"https:\/\/www.autonvaraosahaku.fi\/index.php?rest_route=\/wp\/v2\/product\/94888","targetHints":{"allow":["GET"]}}],"collection":[{"href":"https:\/\/www.autonvaraosahaku.fi\/index.php?rest_route=\/wp\/v2\/product"}],"about":[{"href":"https:\/\/www.autonvaraosahaku.fi\/index.php?rest_route=\/wp\/v2\/types\/product"}],"wp:attachment":[{"href":"https:\/\/www.autonvaraosahaku.fi\/index.php?rest_route=%2Fwp%2Fv2%2Fmedia&parent=94888"}],"wp:term":[{"taxonomy":"pwb-brand","embeddable":true,"href":"https:\/\/www.autonvaraosahaku.fi\/index.php?rest_route=%2Fwp%2Fv2%2Fpwb-brand&post=94888"},{"taxonomy":"product_cat","embeddable":true,"href":"https:\/\/www.autonvaraosahaku.fi\/index.php?rest_route=%2Fwp%2Fv2%2Fproduct_cat&post=94888"},{"taxonomy":"product_tag","embeddable":true,"href":"https:\/\/www.autonvaraosahaku.fi\/index.php?rest_route=%2Fwp%2Fv2%2Fproduct_tag&post=94888"}],"curies":[{"name":"wp","href":"https:\/\/api.w.org\/{rel}","templated":true}]}}