{"id":94902,"date":"2021-02-21T21:55:36","date_gmt":"2021-02-21T21:55:36","guid":{"rendered":"https:\/\/www.autonvaraosahaku.fi\/?product=ajusa-12014900-venttiilinvarren-kumit"},"modified":"2021-02-21T21:55:41","modified_gmt":"2021-02-21T21:55:41","slug":"ajusa-12014900-venttiilinvarren-kumit","status":"publish","type":"product","link":"https:\/\/www.autonvaraosahaku.fi\/?product=ajusa-12014900-venttiilinvarren-kumit","title":{"rendered":"AJUSA 12014900 Venttiilinvarren kumit"},"content":{"rendered":"<p>Asennuspuoli: Sylinterikannen kopasta sylinterikanteen; Sis\u00e4l\u00e4pimitta [mm]: 5,5; Ulkol\u00e4pimitta [mm]: 11,7; Korkeus (mm): 20; Tarvittava kappalem\u00e4\u00e4r\u00e4: 8; MAZDA: TRIBUTE EP; FORD USA: CONTOUR; FORD: FOCUS Kombi DNW,FOCUS DAW, DBW,MAVERICK,FOCUS Stufenheck DFW,MONDEO II Kombi BNP,FIESTA III GFJ,TRANSIT CONNECT P65_, P70_, P80_,COUGAR EC_,MONDEO II BAP,TOURNEO CONNECT,RANGER ER, EQ,ESCORT VII GAL, AAL, ABL,MONDEO II Stufenheck BFP,MONDEO I Kombi BNP,MONDEO I GBP,ESCORT VII Kombi GAL, ANL,ESCORT VII Cabriolet ALL,ESCORT VI Cabriolet ALL,ESCORT VI GAL,ESCORT V Cabriolet ALL,MONDEO I Stufenheck GBP,ESCORT V GAL,ESCORT VII Stufenheck GAL, AFL,ESCORT VI Kombi GAL,ESCORT CLASSIC AAL, ABL,ESCORT CLASSIC Turnier ANL,ESCORT VI Stufenheck GAL,ESCORT V Kombi GAL, AVL,ORION III GAL; MORGAN: PLUS FOUR; 1086431, 7236260, 958M6571BB, 958M6571CC<\/p>\n","protected":false},"excerpt":{"rendered":"<p>AJUSA Tiiviste, Venttiilivarsi 12014900  MAZDA,FORD USA,FORD,TRIBUTE EP,CONTOUR,FOCUS Kombi DNW,FOCUS DAW, DBW,MAVERICK,FOCUS Stufenheck DFW<\/p>\n","protected":false},"featured_media":0,"template":"","meta":{"site-sidebar-layout":"default","site-content-layout":"default","ast-global-header-display":"","ast-main-header-display":"","ast-hfb-above-header-display":"","ast-hfb-below-header-display":"","ast-hfb-mobile-header-display":"","site-post-title":"","ast-breadcrumbs-content":"","ast-featured-img":"","footer-sml-layout":"","theme-transparent-header-meta":"","adv-header-id-meta":"","stick-header-meta":"","header-above-stick-meta":"","header-main-stick-meta":"","header-below-stick-meta":""},"pwb-brand":[211],"product_cat":[170],"product_tag":[],"class_list":{"0":"post-94902","1":"product","2":"type-product","3":"status-publish","5":"pwb-brand-ajusa","6":"product_cat-venttiilinvarren-kumit","7":"desktop-align-left","8":"tablet-align-left","9":"mobile-align-left","11":"first","12":"instock","13":"product-type-external"},"brands":[{"id":211,"name":"AJUSA","slug":"ajusa"}],"_links":{"self":[{"href":"https:\/\/www.autonvaraosahaku.fi\/index.php?rest_route=\/wp\/v2\/product\/94902","targetHints":{"allow":["GET"]}}],"collection":[{"href":"https:\/\/www.autonvaraosahaku.fi\/index.php?rest_route=\/wp\/v2\/product"}],"about":[{"href":"https:\/\/www.autonvaraosahaku.fi\/index.php?rest_route=\/wp\/v2\/types\/product"}],"wp:attachment":[{"href":"https:\/\/www.autonvaraosahaku.fi\/index.php?rest_route=%2Fwp%2Fv2%2Fmedia&parent=94902"}],"wp:term":[{"taxonomy":"pwb-brand","embeddable":true,"href":"https:\/\/www.autonvaraosahaku.fi\/index.php?rest_route=%2Fwp%2Fv2%2Fpwb-brand&post=94902"},{"taxonomy":"product_cat","embeddable":true,"href":"https:\/\/www.autonvaraosahaku.fi\/index.php?rest_route=%2Fwp%2Fv2%2Fproduct_cat&post=94902"},{"taxonomy":"product_tag","embeddable":true,"href":"https:\/\/www.autonvaraosahaku.fi\/index.php?rest_route=%2Fwp%2Fv2%2Fproduct_tag&post=94902"}],"curies":[{"name":"wp","href":"https:\/\/api.w.org\/{rel}","templated":true}]}}