{"id":94910,"date":"2021-02-21T21:55:45","date_gmt":"2021-02-21T21:55:45","guid":{"rendered":"https:\/\/www.autonvaraosahaku.fi\/?product=japanparts-kf-718-kytkinpaketti"},"modified":"2021-02-21T21:55:45","modified_gmt":"2021-02-21T21:55:45","slug":"japanparts-kf-718-kytkinpaketti","status":"publish","type":"product","link":"https:\/\/www.autonvaraosahaku.fi\/?product=japanparts-kf-718-kytkinpaketti","title":{"rendered":"JAPANPARTS KF-718 Kytkinpaketti"},"content":{"rendered":"<p>L\u00e4pimitta [mm]: 225; Sis\u00e4l\u00e4pimitta [mm]: 144; Asennusl\u00e4pimitta [mm]: 284; keskitt\u00e4misl\u00e4pimitta [mm]: 25; Hammasluku: 24; SUBARU: FORESTER SG,FORESTER SH,FORESTER SF,IMPREZA Stufenheck GD,IMPREZA Schr\u00e4gheck GR, GH, G3,IMPREZA Station Wagon GG,XV; 30100AA590, 30100AA620, 30100AA660, 30100AA680, 30100AA850, 30100AA851, 30210AA370, 30210AA373, 30210AA374, 30210AA410, 30210AA411, 30210AA590, 30210AA600, 30502AA051, 30502AA060; Kytkinsarja<\/p>\n","protected":false},"excerpt":{"rendered":"<p>JAPANPARTS Kytkinpaketti KF-718 Kytkinsarja SUBARU,FORESTER SG,FORESTER SH,FORESTER SF,IMPREZA Stufenheck GD,IMPREZA Schr\u00e4gheck GR, GH, G3<\/p>\n","protected":false},"featured_media":0,"template":"","meta":{"site-sidebar-layout":"default","site-content-layout":"default","ast-global-header-display":"","ast-main-header-display":"","ast-hfb-above-header-display":"","ast-hfb-below-header-display":"","ast-hfb-mobile-header-display":"","site-post-title":"","ast-breadcrumbs-content":"","ast-featured-img":"","footer-sml-layout":"","theme-transparent-header-meta":"","adv-header-id-meta":"","stick-header-meta":"","header-above-stick-meta":"","header-main-stick-meta":"","header-below-stick-meta":""},"pwb-brand":[334],"product_cat":[21],"product_tag":[],"class_list":{"0":"post-94910","1":"product","2":"type-product","3":"status-publish","5":"pwb-brand-japanparts","6":"product_cat-kytkinpaketti","7":"desktop-align-left","8":"tablet-align-left","9":"mobile-align-left","11":"first","12":"instock","13":"product-type-external"},"brands":[{"id":334,"name":"JAPANPARTS","slug":"japanparts"}],"_links":{"self":[{"href":"https:\/\/www.autonvaraosahaku.fi\/index.php?rest_route=\/wp\/v2\/product\/94910","targetHints":{"allow":["GET"]}}],"collection":[{"href":"https:\/\/www.autonvaraosahaku.fi\/index.php?rest_route=\/wp\/v2\/product"}],"about":[{"href":"https:\/\/www.autonvaraosahaku.fi\/index.php?rest_route=\/wp\/v2\/types\/product"}],"wp:attachment":[{"href":"https:\/\/www.autonvaraosahaku.fi\/index.php?rest_route=%2Fwp%2Fv2%2Fmedia&parent=94910"}],"wp:term":[{"taxonomy":"pwb-brand","embeddable":true,"href":"https:\/\/www.autonvaraosahaku.fi\/index.php?rest_route=%2Fwp%2Fv2%2Fpwb-brand&post=94910"},{"taxonomy":"product_cat","embeddable":true,"href":"https:\/\/www.autonvaraosahaku.fi\/index.php?rest_route=%2Fwp%2Fv2%2Fproduct_cat&post=94910"},{"taxonomy":"product_tag","embeddable":true,"href":"https:\/\/www.autonvaraosahaku.fi\/index.php?rest_route=%2Fwp%2Fv2%2Fproduct_tag&post=94910"}],"curies":[{"name":"wp","href":"https:\/\/api.w.org\/{rel}","templated":true}]}}