{"id":9493,"date":"2021-02-21T14:06:02","date_gmt":"2021-02-21T14:06:02","guid":{"rendered":"https:\/\/www.autonvaraosahaku.fi\/?product=swf-262215-pyyhkijansulat"},"modified":"2021-02-21T14:06:03","modified_gmt":"2021-02-21T14:06:03","slug":"swf-262215-pyyhkijansulat","status":"publish","type":"product","link":"https:\/\/www.autonvaraosahaku.fi\/?product=swf-262215-pyyhkijansulat","title":{"rendered":"SWF 262215 Pyyhkij\u00e4nsulat"},"content":{"rendered":"<p>Vasen \/ oikea liikenne: Ohjaus vasemmalla; M\u00e4\u00e4r\u00e4: 1; Pituus (mm): 700; Pituus (tuumaa): 28; Paino [kg]: 0,242; Tuotelinja: Alternative Connect; Pyyhkij\u00e4nsulkatyyppi: Rungottomat; Oviluku: 5; VW: TOURAN 1T1, 1T2,GOLF PLUS 5M1, 521,SHARAN 7M8, 7M9, 7M6,SHARAN 7N1, 7N2,GOLF SPORTSVAN AM1,TOURAN,CRAFTER Kasten SY_,CRAFTER Bus SY_,CRAFTER Pritsche\/Fahrgestell SZ_; MERCEDES-BENZ: VIANO W639,M-CLASS W164,VITO Bus W639,S-CLASS W220,VITO \/ MIXTO Kasten W639,S-CLASS W221,R-CLASS W251, V251,GL-CLASS X164; OPEL: ZAFIRA B A05,MERIVA B,ASTRA GTC J,CASCADA W13,ASTRA K,ASTRA K Caravan; FORD: GALAXY WGR,C-MAX II,KUGA II DM2,GRAND C-MAX,FIESTA VII,TOURNEO COURIER Kombi,TRANSIT COURIER Kasten,KUGA II Van,TRANSIT COURIER Kombi; RENAULT: MODUS \/ GRAND MODUS F\/JP0_; PEUGEOT: 307 SW 3H,307 CC 3B,407 SW 6E_,307 3A\/C,307 Break 3E,407 6D_,407 Coupe 6C_; SEAT: ALHAMBRA 7V8, 7V9,ALHAMBRA 710, 711; CITRO\u00cbN: C5 III Break TD_,C4 I LC_,C5 III RD_,C4 Coupe LA_,C6 TD_,C4 Stufenheck L; JAGUAR: XE X760,XF X260,XF SPORTBRAKE X260; FORD USA: EDGE; 1611354380, 1613157080, 642399, 1373656, 1373657, 5176786, 5310655, 1608738780, 1611354380, 1613319580, 5TB998002; Tuulilasinpyyhkimet,Pyyhkij\u00e4t,Pyyhkij\u00e4nsulka<\/p>\n","protected":false},"excerpt":{"rendered":"<p>SWF Pyyhkij\u00e4nsulat 262215 Tuulilasinpyyhkimet,Pyyhkij\u00e4t VW,MERCEDES-BENZ,OPEL,TOURAN 1T1, 1T2,GOLF PLUS 5M1, 521,SHARAN 7M8, 7M9, 7M6,SHARAN 7N1, 7N2<\/p>\n","protected":false},"featured_media":0,"template":"","meta":{"site-sidebar-layout":"default","site-content-layout":"default","ast-global-header-display":"","ast-main-header-display":"","ast-hfb-above-header-display":"","ast-hfb-below-header-display":"","ast-hfb-mobile-header-display":"","site-post-title":"","ast-breadcrumbs-content":"","ast-featured-img":"","footer-sml-layout":"","theme-transparent-header-meta":"","adv-header-id-meta":"","stick-header-meta":"","header-above-stick-meta":"","header-main-stick-meta":"","header-below-stick-meta":""},"pwb-brand":[204],"product_cat":[33],"product_tag":[],"class_list":{"0":"post-9493","1":"product","2":"type-product","3":"status-publish","5":"pwb-brand-swf","6":"product_cat-pyyhkijansulat","7":"desktop-align-left","8":"tablet-align-left","9":"mobile-align-left","11":"first","12":"instock","13":"product-type-external"},"brands":[{"id":204,"name":"SWF","slug":"swf"}],"_links":{"self":[{"href":"https:\/\/www.autonvaraosahaku.fi\/index.php?rest_route=\/wp\/v2\/product\/9493","targetHints":{"allow":["GET"]}}],"collection":[{"href":"https:\/\/www.autonvaraosahaku.fi\/index.php?rest_route=\/wp\/v2\/product"}],"about":[{"href":"https:\/\/www.autonvaraosahaku.fi\/index.php?rest_route=\/wp\/v2\/types\/product"}],"wp:attachment":[{"href":"https:\/\/www.autonvaraosahaku.fi\/index.php?rest_route=%2Fwp%2Fv2%2Fmedia&parent=9493"}],"wp:term":[{"taxonomy":"pwb-brand","embeddable":true,"href":"https:\/\/www.autonvaraosahaku.fi\/index.php?rest_route=%2Fwp%2Fv2%2Fpwb-brand&post=9493"},{"taxonomy":"product_cat","embeddable":true,"href":"https:\/\/www.autonvaraosahaku.fi\/index.php?rest_route=%2Fwp%2Fv2%2Fproduct_cat&post=9493"},{"taxonomy":"product_tag","embeddable":true,"href":"https:\/\/www.autonvaraosahaku.fi\/index.php?rest_route=%2Fwp%2Fv2%2Fproduct_tag&post=9493"}],"curies":[{"name":"wp","href":"https:\/\/api.w.org\/{rel}","templated":true}]}}