{"id":94944,"date":"2021-02-21T21:55:53","date_gmt":"2021-02-21T21:55:53","guid":{"rendered":"https:\/\/www.autonvaraosahaku.fi\/?product=mapco-27656-ohjaustehostimen-pumppu"},"modified":"2021-02-21T21:55:59","modified_gmt":"2021-02-21T21:55:59","slug":"mapco-27656-ohjaustehostimen-pumppu","status":"publish","type":"product","link":"https:\/\/www.autonvaraosahaku.fi\/?product=mapco-27656-ohjaustehostimen-pumppu","title":{"rendered":"MAPCO 27656 Ohjaustehostimen pumppu"},"content":{"rendered":"<p>Uusi osa: ; K\u00e4ytt\u00f6: Hydraulinen; Valmistaja rajaus: ZF; Korvaava tuote\/korvaava tiedote 2: Nestes\u00e4ili\u00f6ll\u00e4; Hihnapy\u00f6r\u00e4t: Ilman hihnapy\u00f6ri\u00e4; Napaprofiili: dreieckig 3-loch; Paine (bar): 110; BMW: 3 E46,5 E39,3 Touring E46,5 Touring E39,3 Compact E46,3 Coupe E46,X5 E53,3 Cabriolet E46; 32411095155, 32411095748, 32411095749, 32416750938, 32416754172, 32416756575, 32416756930, 32416757465, 32416761876; Hydrauliikkapumppu, Ohjaus<\/p>\n","protected":false},"excerpt":{"rendered":"<p>MAPCO Ohjaustehostimen Pumppu 27656 Hydrauliikkapumppu, Ohjaus BMW,3 E46,5 E39,3 Touring E46,5 Touring E39,3 Compact E46,3 Coupe E46,X5 E53<\/p>\n","protected":false},"featured_media":0,"template":"","meta":{"site-sidebar-layout":"default","site-content-layout":"default","ast-global-header-display":"","ast-main-header-display":"","ast-hfb-above-header-display":"","ast-hfb-below-header-display":"","ast-hfb-mobile-header-display":"","site-post-title":"","ast-breadcrumbs-content":"","ast-featured-img":"","footer-sml-layout":"","theme-transparent-header-meta":"","adv-header-id-meta":"","stick-header-meta":"","header-above-stick-meta":"","header-main-stick-meta":"","header-below-stick-meta":""},"pwb-brand":[36],"product_cat":[287],"product_tag":[],"class_list":{"0":"post-94944","1":"product","2":"type-product","3":"status-publish","5":"pwb-brand-mapco","6":"product_cat-ohjaustehostimen-pumppu","7":"desktop-align-left","8":"tablet-align-left","9":"mobile-align-left","11":"first","12":"instock","13":"product-type-external"},"brands":[{"id":36,"name":"MAPCO","slug":"mapco"}],"_links":{"self":[{"href":"https:\/\/www.autonvaraosahaku.fi\/index.php?rest_route=\/wp\/v2\/product\/94944","targetHints":{"allow":["GET"]}}],"collection":[{"href":"https:\/\/www.autonvaraosahaku.fi\/index.php?rest_route=\/wp\/v2\/product"}],"about":[{"href":"https:\/\/www.autonvaraosahaku.fi\/index.php?rest_route=\/wp\/v2\/types\/product"}],"wp:attachment":[{"href":"https:\/\/www.autonvaraosahaku.fi\/index.php?rest_route=%2Fwp%2Fv2%2Fmedia&parent=94944"}],"wp:term":[{"taxonomy":"pwb-brand","embeddable":true,"href":"https:\/\/www.autonvaraosahaku.fi\/index.php?rest_route=%2Fwp%2Fv2%2Fpwb-brand&post=94944"},{"taxonomy":"product_cat","embeddable":true,"href":"https:\/\/www.autonvaraosahaku.fi\/index.php?rest_route=%2Fwp%2Fv2%2Fproduct_cat&post=94944"},{"taxonomy":"product_tag","embeddable":true,"href":"https:\/\/www.autonvaraosahaku.fi\/index.php?rest_route=%2Fwp%2Fv2%2Fproduct_tag&post=94944"}],"curies":[{"name":"wp","href":"https:\/\/api.w.org\/{rel}","templated":true}]}}