{"id":94952,"date":"2021-02-21T21:56:01","date_gmt":"2021-02-21T21:56:01","guid":{"rendered":"https:\/\/www.autonvaraosahaku.fi\/?product=elwis-royal-9952012-kannentiiviste"},"modified":"2021-02-21T21:56:03","modified_gmt":"2021-02-21T21:56:03","slug":"elwis-royal-9952012-kannentiiviste","status":"publish","type":"product","link":"https:\/\/www.autonvaraosahaku.fi\/?product=elwis-royal-9952012-kannentiiviste","title":{"rendered":"ELWIS ROYAL 9952012 Kannentiiviste"},"content":{"rendered":"<p>Tarvittava kappalem\u00e4\u00e4r\u00e4: 1; Lis\u00e4tarvike\/lis\u00e4tieto: Sylinterikannen tiivisteell\u00e4, Venttiilivarren tiivisteell\u00e4, 133; SUZUKI: SAMURAI SJ,SWIFT II Schr\u00e4gheck EA, MA,SJ 413,SWIFT I AA,SAMURAI Gel\u00e4ndewagen offen SJ; 1140061831, 1140061833, 1140061861, 1140061880, 1140082821, 1140082822, 1140082823, 1140082824, 1140082825, 1140082826, 1140082827, 1140083810, 1140083811, 1140083812, 1140083813, 1140083814, 1140083815, 1140083816, 1140083817, 1140083818, 1140083819, 1140086822<\/p>\n","protected":false},"excerpt":{"rendered":"<p>ELWIS ROYAL T\u00e4ydellinen Tiivistesarja Moottori 9952012  SUZUKI,SAMURAI SJ,SWIFT II Schr\u00e4gheck EA, MA,SJ 413,SWIFT I AA,SAMURAI Gel\u00e4ndewagen offen SJ<\/p>\n","protected":false},"featured_media":0,"template":"","meta":{"site-sidebar-layout":"default","site-content-layout":"default","ast-global-header-display":"","ast-main-header-display":"","ast-hfb-above-header-display":"","ast-hfb-below-header-display":"","ast-hfb-mobile-header-display":"","site-post-title":"","ast-breadcrumbs-content":"","ast-featured-img":"","footer-sml-layout":"","theme-transparent-header-meta":"","adv-header-id-meta":"","stick-header-meta":"","header-above-stick-meta":"","header-main-stick-meta":"","header-below-stick-meta":""},"pwb-brand":[120],"product_cat":[230],"product_tag":[],"class_list":{"0":"post-94952","1":"product","2":"type-product","3":"status-publish","5":"pwb-brand-elwis-royal","6":"product_cat-kannentiiviste","7":"desktop-align-left","8":"tablet-align-left","9":"mobile-align-left","11":"first","12":"instock","13":"product-type-external"},"brands":[{"id":120,"name":"ELWIS ROYAL","slug":"elwis-royal"}],"_links":{"self":[{"href":"https:\/\/www.autonvaraosahaku.fi\/index.php?rest_route=\/wp\/v2\/product\/94952","targetHints":{"allow":["GET"]}}],"collection":[{"href":"https:\/\/www.autonvaraosahaku.fi\/index.php?rest_route=\/wp\/v2\/product"}],"about":[{"href":"https:\/\/www.autonvaraosahaku.fi\/index.php?rest_route=\/wp\/v2\/types\/product"}],"wp:attachment":[{"href":"https:\/\/www.autonvaraosahaku.fi\/index.php?rest_route=%2Fwp%2Fv2%2Fmedia&parent=94952"}],"wp:term":[{"taxonomy":"pwb-brand","embeddable":true,"href":"https:\/\/www.autonvaraosahaku.fi\/index.php?rest_route=%2Fwp%2Fv2%2Fpwb-brand&post=94952"},{"taxonomy":"product_cat","embeddable":true,"href":"https:\/\/www.autonvaraosahaku.fi\/index.php?rest_route=%2Fwp%2Fv2%2Fproduct_cat&post=94952"},{"taxonomy":"product_tag","embeddable":true,"href":"https:\/\/www.autonvaraosahaku.fi\/index.php?rest_route=%2Fwp%2Fv2%2Fproduct_tag&post=94952"}],"curies":[{"name":"wp","href":"https:\/\/api.w.org\/{rel}","templated":true}]}}