{"id":94980,"date":"2021-02-21T21:56:10","date_gmt":"2021-02-21T21:56:10","guid":{"rendered":"https:\/\/www.autonvaraosahaku.fi\/?product=valeo-587725-polttoainesuodatin"},"modified":"2021-02-21T21:56:14","modified_gmt":"2021-02-21T21:56:14","slug":"valeo-587725-polttoainesuodatin","status":"publish","type":"product","link":"https:\/\/www.autonvaraosahaku.fi\/?product=valeo-587725-polttoainesuodatin","title":{"rendered":"VALEO 587725 Polttoainesuodatin"},"content":{"rendered":"<p>Kierremitta: M 16&#215;1,5; Ulkol\u00e4pimitta [mm]: 84,5; Sis\u00e4l\u00e4pimitta 1 [mm]: 70; Sis\u00e4l\u00e4pimitta 2 [mm]: 62; Korkeus (mm): 150; Suodatintyyppi: Ruuvattava suodatin; Paino [kg]: 0,487; Valmistusvuoteen: 12\/2006; HYUNDAI: ix35 LM, EL, ELH,i30 FD,i10 PA,i20 PB, PBT,TUCSON JM,i30 CW FD,SANTA F\u00c9 I SM,TRAJET FO,H-1 Cargo TQ; KIA: PICANTO BA,SPORTAGE SL,CEE&#8217;D SW ED,CEE&#8217;D Schr\u00e4gheck ED,SPORTAGE JE_, KM_,RIO III UB,CEE&#8217;D JD,CARNIVAL \/ GRAND CARNIVAL III VQ,PRO CEE&#8217;D ED,SOUL AM,CERATO LD,CERATO Stufenheck LD; 319222E900, 319222EA00, 319223A810, 319223A850, 319222E900<\/p>\n","protected":false},"excerpt":{"rendered":"<p>VALEO Polttoainesuodatin 587725  HYUNDAI,KIA,ix35 LM, EL, ELH,i30 FD,i10 PA,i20 PB, PBT,TUCSON JM,i30 CW FD,SANTA F\u00c9 I SM,TRAJET FO,H-1 Cargo TQ<\/p>\n","protected":false},"featured_media":0,"template":"","meta":{"site-sidebar-layout":"default","site-content-layout":"default","ast-global-header-display":"","ast-main-header-display":"","ast-hfb-above-header-display":"","ast-hfb-below-header-display":"","ast-hfb-mobile-header-display":"","site-post-title":"","ast-breadcrumbs-content":"","ast-featured-img":"","footer-sml-layout":"","theme-transparent-header-meta":"","adv-header-id-meta":"","stick-header-meta":"","header-above-stick-meta":"","header-main-stick-meta":"","header-below-stick-meta":""},"pwb-brand":[28],"product_cat":[29],"product_tag":[],"class_list":{"0":"post-94980","1":"product","2":"type-product","3":"status-publish","5":"pwb-brand-valeo","6":"product_cat-polttoainesuodatin","7":"desktop-align-left","8":"tablet-align-left","9":"mobile-align-left","11":"first","12":"instock","13":"product-type-external"},"brands":[{"id":28,"name":"VALEO","slug":"valeo"}],"_links":{"self":[{"href":"https:\/\/www.autonvaraosahaku.fi\/index.php?rest_route=\/wp\/v2\/product\/94980","targetHints":{"allow":["GET"]}}],"collection":[{"href":"https:\/\/www.autonvaraosahaku.fi\/index.php?rest_route=\/wp\/v2\/product"}],"about":[{"href":"https:\/\/www.autonvaraosahaku.fi\/index.php?rest_route=\/wp\/v2\/types\/product"}],"wp:attachment":[{"href":"https:\/\/www.autonvaraosahaku.fi\/index.php?rest_route=%2Fwp%2Fv2%2Fmedia&parent=94980"}],"wp:term":[{"taxonomy":"pwb-brand","embeddable":true,"href":"https:\/\/www.autonvaraosahaku.fi\/index.php?rest_route=%2Fwp%2Fv2%2Fpwb-brand&post=94980"},{"taxonomy":"product_cat","embeddable":true,"href":"https:\/\/www.autonvaraosahaku.fi\/index.php?rest_route=%2Fwp%2Fv2%2Fproduct_cat&post=94980"},{"taxonomy":"product_tag","embeddable":true,"href":"https:\/\/www.autonvaraosahaku.fi\/index.php?rest_route=%2Fwp%2Fv2%2Fproduct_tag&post=94980"}],"curies":[{"name":"wp","href":"https:\/\/api.w.org\/{rel}","templated":true}]}}