{"id":95034,"date":"2021-02-21T21:56:37","date_gmt":"2021-02-21T21:56:37","guid":{"rendered":"https:\/\/www.autonvaraosahaku.fi\/?product=hella-1ae-003-427-011-muut-luokat"},"modified":"2021-02-21T21:56:39","modified_gmt":"2021-02-21T21:56:39","slug":"hella-1ae-003-427-011-muut-luokat","status":"publish","type":"product","link":"https:\/\/www.autonvaraosahaku.fi\/?product=hella-1ae-003-427-011-muut-luokat","title":{"rendered":"HELLA 1AE 003 427-011 Muut luokat"},"content":{"rendered":"<p>Leveys (mm): 200; Korkeus (mm): 142; Viite: 17,5; Asennusmalli: Upotus; Asennuspuoli: Vasen, Oikea; Korvaava tuote\/korvaava tiedote 2: ilman polttimoita; Lyhdyn muoto: Halogeeni; Tarkistuskilpi: E1 24523, E1 34548, ECE; Nimellisj\u00e4nnite (V): 12, 24; Lyhtytoimintojen m\u00e4\u00e4r\u00e4: 2; Lamppumalli: H4; Valotoiminto: puolivalolla, kaukovalolla; Valoaukko (mm): 190 x 132; Vasen \/ oikea liikenne: Oikeanpuoleiselle liikenteelle; Valmistusvuosi alkaen: 01\/1980; VW: TARO; NISSAN: PICK UP D21,CHERRY II Coupe N10,CHERRY II Hatchback N10,SUNNY 140Y, 150Y,DATSUN 160 J 710, A10,CHERRY II Traveller VN10; HONDA: CIVIC I Hatchback SB,PRELUDE I Coupe SN,CIVIC II Schr\u00e4gheck SS, SL,CIVIC I Stufenheck SF,QUINTET SU; DAIHATSU: FOURTRAK F7, F8,CHARADE II G11, G30,CUORE I L55, L60,ROCKY Soft Top F7, F8,CHARADE I G10,CHARMANT A; SUZUKI: SUPER CARRY Bus ED,ALTO SS80,SUPER CARRY Kasten ED; TOYOTA: HIACE III Wagon LH1_, RZH1_,HIACE III Kasten YH7_, LH6_, LH7_, LH5_, YH5_, YH6_,CELICA Coupe _A6_,COROLLA KE,LITEACE Bus CM30_G, KM30_G,HIACE II Wagon LH7_, LH5_, LH6_, YH7_, YH6_, YH5_,COROLLA Station Wagon _E7_,HIACE II Kasten LH5_, YH7_, LH7_, LH6_, YH6_, YH5_,COROLLA _E7_,COROLLA Liftback KE, TE,STARLET KP6_,COROLLA Liftback _E7_,LITEACE Kasten CM3_V, KM3_V,STARLET Station Wagon KP6_; MITSUBISHI: CELESTE A7_; 1522236, 33110SA0742, 3132292<\/p>\n","protected":false},"excerpt":{"rendered":"<p>HELLA Ajovalosarja, Ajovalo 1AE 003 427-011  VW,NISSAN,HONDA,TARO,PICK UP D21,CHERRY II Coupe N10,CHERRY II Hatchback N10,SUNNY 140Y, 150Y<\/p>\n","protected":false},"featured_media":0,"template":"","meta":{"site-sidebar-layout":"default","site-content-layout":"default","ast-global-header-display":"","ast-main-header-display":"","ast-hfb-above-header-display":"","ast-hfb-below-header-display":"","ast-hfb-mobile-header-display":"","site-post-title":"","ast-breadcrumbs-content":"","ast-featured-img":"","footer-sml-layout":"","theme-transparent-header-meta":"","adv-header-id-meta":"","stick-header-meta":"","header-above-stick-meta":"","header-main-stick-meta":"","header-below-stick-meta":""},"pwb-brand":[24],"product_cat":[37],"product_tag":[],"class_list":{"0":"post-95034","1":"product","2":"type-product","3":"status-publish","5":"pwb-brand-hella","6":"product_cat-muut-luokat","7":"desktop-align-left","8":"tablet-align-left","9":"mobile-align-left","11":"first","12":"instock","13":"product-type-external"},"brands":[{"id":24,"name":"HELLA","slug":"hella"}],"_links":{"self":[{"href":"https:\/\/www.autonvaraosahaku.fi\/index.php?rest_route=\/wp\/v2\/product\/95034","targetHints":{"allow":["GET"]}}],"collection":[{"href":"https:\/\/www.autonvaraosahaku.fi\/index.php?rest_route=\/wp\/v2\/product"}],"about":[{"href":"https:\/\/www.autonvaraosahaku.fi\/index.php?rest_route=\/wp\/v2\/types\/product"}],"wp:attachment":[{"href":"https:\/\/www.autonvaraosahaku.fi\/index.php?rest_route=%2Fwp%2Fv2%2Fmedia&parent=95034"}],"wp:term":[{"taxonomy":"pwb-brand","embeddable":true,"href":"https:\/\/www.autonvaraosahaku.fi\/index.php?rest_route=%2Fwp%2Fv2%2Fpwb-brand&post=95034"},{"taxonomy":"product_cat","embeddable":true,"href":"https:\/\/www.autonvaraosahaku.fi\/index.php?rest_route=%2Fwp%2Fv2%2Fproduct_cat&post=95034"},{"taxonomy":"product_tag","embeddable":true,"href":"https:\/\/www.autonvaraosahaku.fi\/index.php?rest_route=%2Fwp%2Fv2%2Fproduct_tag&post=95034"}],"curies":[{"name":"wp","href":"https:\/\/api.w.org\/{rel}","templated":true}]}}