{"id":95037,"date":"2021-02-21T21:56:37","date_gmt":"2021-02-21T21:56:37","guid":{"rendered":"https:\/\/www.autonvaraosahaku.fi\/?product=meyle-029-300-1210-pyyhkijansulat"},"modified":"2021-02-21T21:56:40","modified_gmt":"2021-02-21T21:56:40","slug":"meyle-029-300-1210-pyyhkijansulat","status":"publish","type":"product","link":"https:\/\/www.autonvaraosahaku.fi\/?product=meyle-029-300-1210-pyyhkijansulat","title":{"rendered":"MEYLE 029 300 1210 Pyyhkij\u00e4nsulat"},"content":{"rendered":"<p>Lis\u00e4adapteri: abnehmbar; Asennuspuoli: Takana; Pituus (mm): 300; Pituus (tuumaa): 12; Korvaava tuote\/korvaava tiedote 2: adapterilla; Pyyhkij\u00e4nsulkatyyppi: Pyyhkij\u00e4nsulka,perinteinen runko; Valmistusvuosi alkaen: 09\/2008; NISSAN: QASHQAI \/ QASHQAI +2 J10, JJ10; VOLVO: V60; DAIHATSU: CHARADE; SAAB: 9-5 Kombi YS3E,9-3 Kombi YS3F,9-3X; OPEL: ASTRA H Caravan L35,ASTRA H L48,ASTRA H TwinTop L67,ASTRA H Stufenheck L69,ASTRA H Kasten L70,CORSA E,GRANDLAND X A18,CORSA E Van; MINI: MINI R50, R53; LANCIA: DELTA III 844; FORD: FOCUS II Kombi DA_,FIESTA VI,MONDEO IV Turnier BA7,FOCUS III Turnier,FOCUS III,FIESTA VI Van; TOYOTA: YARIS SCP9_, NSP9_, KSP9_, NCP9_, ZSP9_; CITRO\u00cbN: C2 JM_,C4 I LC_,C5 I Break DE_; Tuulilasinpyyhkimet,Pyyhkij\u00e4t,Pyyhkij\u00e4nsulka<\/p>\n","protected":false},"excerpt":{"rendered":"<p>MEYLE Pyyhkij\u00e4nsulat 029 300 1210 Tuulilasinpyyhkimet,Pyyhkij\u00e4t NISSAN,VOLVO,DAIHATSU,QASHQAI \/ QASHQAI +2 J10, JJ10,V60,CHARADE,9-5 Kombi YS3E<\/p>\n","protected":false},"featured_media":0,"template":"","meta":{"site-sidebar-layout":"default","site-content-layout":"default","ast-global-header-display":"","ast-main-header-display":"","ast-hfb-above-header-display":"","ast-hfb-below-header-display":"","ast-hfb-mobile-header-display":"","site-post-title":"","ast-breadcrumbs-content":"","ast-featured-img":"","footer-sml-layout":"","theme-transparent-header-meta":"","adv-header-id-meta":"","stick-header-meta":"","header-above-stick-meta":"","header-main-stick-meta":"","header-below-stick-meta":""},"pwb-brand":[84],"product_cat":[33],"product_tag":[],"class_list":{"0":"post-95037","1":"product","2":"type-product","3":"status-publish","5":"pwb-brand-meyle","6":"product_cat-pyyhkijansulat","7":"desktop-align-left","8":"tablet-align-left","9":"mobile-align-left","11":"first","12":"instock","13":"product-type-external"},"brands":[{"id":84,"name":"MEYLE","slug":"meyle"}],"_links":{"self":[{"href":"https:\/\/www.autonvaraosahaku.fi\/index.php?rest_route=\/wp\/v2\/product\/95037","targetHints":{"allow":["GET"]}}],"collection":[{"href":"https:\/\/www.autonvaraosahaku.fi\/index.php?rest_route=\/wp\/v2\/product"}],"about":[{"href":"https:\/\/www.autonvaraosahaku.fi\/index.php?rest_route=\/wp\/v2\/types\/product"}],"wp:attachment":[{"href":"https:\/\/www.autonvaraosahaku.fi\/index.php?rest_route=%2Fwp%2Fv2%2Fmedia&parent=95037"}],"wp:term":[{"taxonomy":"pwb-brand","embeddable":true,"href":"https:\/\/www.autonvaraosahaku.fi\/index.php?rest_route=%2Fwp%2Fv2%2Fpwb-brand&post=95037"},{"taxonomy":"product_cat","embeddable":true,"href":"https:\/\/www.autonvaraosahaku.fi\/index.php?rest_route=%2Fwp%2Fv2%2Fproduct_cat&post=95037"},{"taxonomy":"product_tag","embeddable":true,"href":"https:\/\/www.autonvaraosahaku.fi\/index.php?rest_route=%2Fwp%2Fv2%2Fproduct_tag&post=95037"}],"curies":[{"name":"wp","href":"https:\/\/api.w.org\/{rel}","templated":true}]}}