{"id":95042,"date":"2021-02-21T21:56:37","date_gmt":"2021-02-21T21:56:37","guid":{"rendered":"https:\/\/www.autonvaraosahaku.fi\/?product=meyle-014-017-4500-s-hydrauliikkasuodatin"},"modified":"2021-02-21T21:56:42","modified_gmt":"2021-02-21T21:56:42","slug":"meyle-014-017-4500-s-hydrauliikkasuodatin","status":"publish","type":"product","link":"https:\/\/www.autonvaraosahaku.fi\/?product=meyle-014-017-4500-s-hydrauliikkasuodatin","title":{"rendered":"MEYLE 014 017 4500\/S Hydrauliikkasuodatin"},"content":{"rendered":"<p>Sis\u00e4l\u00e4pimitta [mm]: 35; Ulkol\u00e4pimitta [mm]: 78; Paksuus [mm]: 25; Lis\u00e4tarvike\/lis\u00e4tieto: Tiivisteill\u00e4; M\u00e4\u00e4r\u00e4yksikk\u00f6: Sarja; lis\u00e4tieto: ORIGINAL Quality; MERCEDES-BENZ: C-CLASS W202,190 W201,Stufenheck W124,CLK C208,C-CLASS Kombi S202,KOMBI Kombi S124,E-CLASS W124,G-CLASS W463,CLK Cabriolet A208,COUPE C124,G-CLASS W460,E-CLASS Kombi S124,G-CLASS W461,T1 Bus 601,E-CLASS Cabriolet A124,E-CLASS Coupe C124,T1 Pritsche\/Fahrgestell 602,T1 Kasten 602,T1 Pritsche\/Fahrgestell 601,T1 Kasten 601,CABRIOLET A124,T1 Bus 602,G-CLASS Cabrio W463; 0004660704, 0004661604, 0004662104<\/p>\n","protected":false},"excerpt":{"rendered":"<p>MEYLE Hydrauliikkasuodatin, Ohjaus 014 017 4500\/S  MERCEDES-BENZ,C-CLASS W202,190 W201,Stufenheck W124,CLK C208,C-CLASS Kombi S202,KOMBI Kombi S124<\/p>\n","protected":false},"featured_media":0,"template":"","meta":{"site-sidebar-layout":"default","site-content-layout":"default","ast-global-header-display":"","ast-main-header-display":"","ast-hfb-above-header-display":"","ast-hfb-below-header-display":"","ast-hfb-mobile-header-display":"","site-post-title":"","ast-breadcrumbs-content":"","ast-featured-img":"","footer-sml-layout":"","theme-transparent-header-meta":"","adv-header-id-meta":"","stick-header-meta":"","header-above-stick-meta":"","header-main-stick-meta":"","header-below-stick-meta":""},"pwb-brand":[84],"product_cat":[104],"product_tag":[],"class_list":{"0":"post-95042","1":"product","2":"type-product","3":"status-publish","5":"pwb-brand-meyle","6":"product_cat-hydrauliikkasuodatin","7":"desktop-align-left","8":"tablet-align-left","9":"mobile-align-left","11":"first","12":"instock","13":"product-type-external"},"brands":[{"id":84,"name":"MEYLE","slug":"meyle"}],"_links":{"self":[{"href":"https:\/\/www.autonvaraosahaku.fi\/index.php?rest_route=\/wp\/v2\/product\/95042","targetHints":{"allow":["GET"]}}],"collection":[{"href":"https:\/\/www.autonvaraosahaku.fi\/index.php?rest_route=\/wp\/v2\/product"}],"about":[{"href":"https:\/\/www.autonvaraosahaku.fi\/index.php?rest_route=\/wp\/v2\/types\/product"}],"wp:attachment":[{"href":"https:\/\/www.autonvaraosahaku.fi\/index.php?rest_route=%2Fwp%2Fv2%2Fmedia&parent=95042"}],"wp:term":[{"taxonomy":"pwb-brand","embeddable":true,"href":"https:\/\/www.autonvaraosahaku.fi\/index.php?rest_route=%2Fwp%2Fv2%2Fpwb-brand&post=95042"},{"taxonomy":"product_cat","embeddable":true,"href":"https:\/\/www.autonvaraosahaku.fi\/index.php?rest_route=%2Fwp%2Fv2%2Fproduct_cat&post=95042"},{"taxonomy":"product_tag","embeddable":true,"href":"https:\/\/www.autonvaraosahaku.fi\/index.php?rest_route=%2Fwp%2Fv2%2Fproduct_tag&post=95042"}],"curies":[{"name":"wp","href":"https:\/\/api.w.org\/{rel}","templated":true}]}}