{"id":95062,"date":"2021-02-21T21:56:46","date_gmt":"2021-02-21T21:56:46","guid":{"rendered":"https:\/\/www.autonvaraosahaku.fi\/?product=autofren-seinsa-d41807c-jarrusatula-korjaussarja"},"modified":"2021-02-21T21:56:51","modified_gmt":"2021-02-21T21:56:51","slug":"autofren-seinsa-d41807c-jarrusatula-korjaussarja","status":"publish","type":"product","link":"https:\/\/www.autonvaraosahaku.fi\/?product=autofren-seinsa-d41807c-jarrusatula-korjaussarja","title":{"rendered":"AUTOFREN SEINSA D41807C Jarrusatula korjaussarja"},"content":{"rendered":"<p>Asennuspuoli: Etuakseli; L\u00e4pimitta [mm]: 48; T\u00e4yssarja: ; Jarruj\u00e4rjestelm\u00e4: BENDIX-BOSCH; OE-numerolle: 547178; DACIA: 1310 Stufenheck U, X; ALFA ROMEO: 33 907A,33 905,ALFASUD Sprint 902.A,33 Sportwagon 905A,ARNA 920; RENAULT: 5 122_,12,16 115_,18 134_,17,18 Variable 135_,15 130_,14 121_; PEUGEOT: 104,305 II 581M,304 _04M_,104 Coupe,305 I 581A,304 Break _04D_,305 I Break 581D; TALBOT: MURENA,SAMBA Cabriolet 51E,SAMBA 51A,1307-1510; 0060501456, 0060501457, 0060501458, 0060515390, 60755049, 60755050, 440149, 440150, 7701006628, 7701006629, 7701012569, 7701012570, 7701201090, 7701201091, 7701201108, 7701201109, 7701201239, 7701201240, 13573900, 13574000, 49710N, 49735B, 7910028608, 7910028609; Korjaussarja, Jarrusatula<\/p>\n","protected":false},"excerpt":{"rendered":"<p>AUTOFREN SEINSA Jarrusatula Korjaussarja D41807C Korjaussarja, Jarrusatula DACIA,ALFA ROMEO,RENAULT,1310 Stufenheck U, X,33 907A,33 905<\/p>\n","protected":false},"featured_media":0,"template":"","meta":{"site-sidebar-layout":"default","site-content-layout":"default","ast-global-header-display":"","ast-main-header-display":"","ast-hfb-above-header-display":"","ast-hfb-below-header-display":"","ast-hfb-mobile-header-display":"","site-post-title":"","ast-breadcrumbs-content":"","ast-featured-img":"","footer-sml-layout":"","theme-transparent-header-meta":"","adv-header-id-meta":"","stick-header-meta":"","header-above-stick-meta":"","header-main-stick-meta":"","header-below-stick-meta":""},"pwb-brand":[243],"product_cat":[57],"product_tag":[],"class_list":{"0":"post-95062","1":"product","2":"type-product","3":"status-publish","5":"pwb-brand-autofren-seinsa","6":"product_cat-jarrusatula-korjaussarja","7":"desktop-align-left","8":"tablet-align-left","9":"mobile-align-left","11":"first","12":"instock","13":"product-type-external"},"brands":[{"id":243,"name":"AUTOFREN SEINSA","slug":"autofren-seinsa"}],"_links":{"self":[{"href":"https:\/\/www.autonvaraosahaku.fi\/index.php?rest_route=\/wp\/v2\/product\/95062","targetHints":{"allow":["GET"]}}],"collection":[{"href":"https:\/\/www.autonvaraosahaku.fi\/index.php?rest_route=\/wp\/v2\/product"}],"about":[{"href":"https:\/\/www.autonvaraosahaku.fi\/index.php?rest_route=\/wp\/v2\/types\/product"}],"wp:attachment":[{"href":"https:\/\/www.autonvaraosahaku.fi\/index.php?rest_route=%2Fwp%2Fv2%2Fmedia&parent=95062"}],"wp:term":[{"taxonomy":"pwb-brand","embeddable":true,"href":"https:\/\/www.autonvaraosahaku.fi\/index.php?rest_route=%2Fwp%2Fv2%2Fpwb-brand&post=95062"},{"taxonomy":"product_cat","embeddable":true,"href":"https:\/\/www.autonvaraosahaku.fi\/index.php?rest_route=%2Fwp%2Fv2%2Fproduct_cat&post=95062"},{"taxonomy":"product_tag","embeddable":true,"href":"https:\/\/www.autonvaraosahaku.fi\/index.php?rest_route=%2Fwp%2Fv2%2Fproduct_tag&post=95062"}],"curies":[{"name":"wp","href":"https:\/\/api.w.org\/{rel}","templated":true}]}}