{"id":95068,"date":"2021-02-21T21:56:46","date_gmt":"2021-02-21T21:56:46","guid":{"rendered":"https:\/\/www.autonvaraosahaku.fi\/?product=meyle-514-631-0021-ohjaustehostimen-pumppu"},"modified":"2021-02-21T21:56:53","modified_gmt":"2021-02-21T21:56:53","slug":"meyle-514-631-0021-ohjaustehostimen-pumppu","status":"publish","type":"product","link":"https:\/\/www.autonvaraosahaku.fi\/?product=meyle-514-631-0021-ohjaustehostimen-pumppu","title":{"rendered":"MEYLE 514 631 0021 Ohjaustehostimen pumppu"},"content":{"rendered":"<p>K\u00e4ytt\u00f6: Hydraulinen; K\u00e4ytt\u00f6paine (bar): 110; Pantiton uusi osa: ; lis\u00e4tieto: ORIGINAL Quality; Valmistusvuoteen: 07\/2009; VOLVO: V70 III BW,XC70 II,S80 II AS; FORD: MONDEO IV Turnier BA7,S-MAX WA6,MONDEO IV BA7,MONDEO IV Stufenheck BA7; 1469028, 1506272, 6G913A696NA, 6G913A696NB, 36000689, 36000790; Hydrauliikkapumppu, Ohjaus<\/p>\n","protected":false},"excerpt":{"rendered":"<p>MEYLE Ohjaustehostimen Pumppu 514 631 0021 Hydrauliikkapumppu, Ohjaus VOLVO,FORD,V70 III BW,XC70 II,S80 II AS,MONDEO IV Turnier BA7,S-MAX WA6<\/p>\n","protected":false},"featured_media":0,"template":"","meta":{"site-sidebar-layout":"default","site-content-layout":"default","ast-global-header-display":"","ast-main-header-display":"","ast-hfb-above-header-display":"","ast-hfb-below-header-display":"","ast-hfb-mobile-header-display":"","site-post-title":"","ast-breadcrumbs-content":"","ast-featured-img":"","footer-sml-layout":"","theme-transparent-header-meta":"","adv-header-id-meta":"","stick-header-meta":"","header-above-stick-meta":"","header-main-stick-meta":"","header-below-stick-meta":""},"pwb-brand":[84],"product_cat":[287],"product_tag":[],"class_list":{"0":"post-95068","1":"product","2":"type-product","3":"status-publish","5":"pwb-brand-meyle","6":"product_cat-ohjaustehostimen-pumppu","7":"desktop-align-left","8":"tablet-align-left","9":"mobile-align-left","11":"first","12":"instock","13":"product-type-external"},"brands":[{"id":84,"name":"MEYLE","slug":"meyle"}],"_links":{"self":[{"href":"https:\/\/www.autonvaraosahaku.fi\/index.php?rest_route=\/wp\/v2\/product\/95068","targetHints":{"allow":["GET"]}}],"collection":[{"href":"https:\/\/www.autonvaraosahaku.fi\/index.php?rest_route=\/wp\/v2\/product"}],"about":[{"href":"https:\/\/www.autonvaraosahaku.fi\/index.php?rest_route=\/wp\/v2\/types\/product"}],"wp:attachment":[{"href":"https:\/\/www.autonvaraosahaku.fi\/index.php?rest_route=%2Fwp%2Fv2%2Fmedia&parent=95068"}],"wp:term":[{"taxonomy":"pwb-brand","embeddable":true,"href":"https:\/\/www.autonvaraosahaku.fi\/index.php?rest_route=%2Fwp%2Fv2%2Fpwb-brand&post=95068"},{"taxonomy":"product_cat","embeddable":true,"href":"https:\/\/www.autonvaraosahaku.fi\/index.php?rest_route=%2Fwp%2Fv2%2Fproduct_cat&post=95068"},{"taxonomy":"product_tag","embeddable":true,"href":"https:\/\/www.autonvaraosahaku.fi\/index.php?rest_route=%2Fwp%2Fv2%2Fproduct_tag&post=95068"}],"curies":[{"name":"wp","href":"https:\/\/api.w.org\/{rel}","templated":true}]}}