{"id":95129,"date":"2021-02-21T21:57:11","date_gmt":"2021-02-21T21:57:11","guid":{"rendered":"https:\/\/www.autonvaraosahaku.fi\/?product=luk-415-0755-09-vauhtipyora"},"modified":"2021-02-21T21:57:19","modified_gmt":"2021-02-21T21:57:19","slug":"luk-415-0755-09-vauhtipyora","status":"publish","type":"product","link":"https:\/\/www.autonvaraosahaku.fi\/?product=luk-415-0755-09-vauhtipyora","title":{"rendered":"LuK 415 0755 09 Vauhtipy\u00f6r\u00e4"},"content":{"rendered":"<p>Vaihteistomalli: Kaksoiskytkinvaihteisto; Kiinnitysreikien lukum\u00e4\u00e4r\u00e4: 10, 10; Lis\u00e4tarvike\/lis\u00e4tieto: Ohjauslaakerilla, Ohjauslaakerilla; Korvaava tuote\/korvaava tiedote 2: ilman ruuvisarjaa; Vaihteistomalli: DSG; VW: GOLF IV 1J1,GOLF V 1K1,PASSAT Variant 3C5,PASSAT 3C2,PASSAT Variant 365,EOS 1F7, 1F8,PASSAT CC 357,PASSAT 362,CC 358; AUDI: A3 8P1,A3 Sportback 8PA,TT 8N3,TT 8J3,TT Roadster 8N9,TT Roadster 8J9; SKODA: SUPERB Kombi 3T5,SUPERB 3T4; 022105266AH, 022105266AK, 022105266AK, 022105266AK<\/p>\n","protected":false},"excerpt":{"rendered":"<p>LuK Vauhtipy\u00f6r\u00e4 415 0755 09  VW,AUDI,SKODA,GOLF IV 1J1,GOLF V 1K1,PASSAT Variant 3C5,PASSAT 3C2,PASSAT Variant 365,EOS 1F7, 1F8,PASSAT CC 357<\/p>\n","protected":false},"featured_media":0,"template":"","meta":{"site-sidebar-layout":"default","site-content-layout":"default","ast-global-header-display":"","ast-main-header-display":"","ast-hfb-above-header-display":"","ast-hfb-below-header-display":"","ast-hfb-mobile-header-display":"","site-post-title":"","ast-breadcrumbs-content":"","ast-featured-img":"","footer-sml-layout":"","theme-transparent-header-meta":"","adv-header-id-meta":"","stick-header-meta":"","header-above-stick-meta":"","header-main-stick-meta":"","header-below-stick-meta":""},"pwb-brand":[20],"product_cat":[68],"product_tag":[],"class_list":{"0":"post-95129","1":"product","2":"type-product","3":"status-publish","5":"pwb-brand-luk","6":"product_cat-vauhtipyora","7":"desktop-align-left","8":"tablet-align-left","9":"mobile-align-left","11":"first","12":"instock","13":"product-type-external"},"brands":[{"id":20,"name":"LuK","slug":"luk"}],"_links":{"self":[{"href":"https:\/\/www.autonvaraosahaku.fi\/index.php?rest_route=\/wp\/v2\/product\/95129","targetHints":{"allow":["GET"]}}],"collection":[{"href":"https:\/\/www.autonvaraosahaku.fi\/index.php?rest_route=\/wp\/v2\/product"}],"about":[{"href":"https:\/\/www.autonvaraosahaku.fi\/index.php?rest_route=\/wp\/v2\/types\/product"}],"wp:attachment":[{"href":"https:\/\/www.autonvaraosahaku.fi\/index.php?rest_route=%2Fwp%2Fv2%2Fmedia&parent=95129"}],"wp:term":[{"taxonomy":"pwb-brand","embeddable":true,"href":"https:\/\/www.autonvaraosahaku.fi\/index.php?rest_route=%2Fwp%2Fv2%2Fpwb-brand&post=95129"},{"taxonomy":"product_cat","embeddable":true,"href":"https:\/\/www.autonvaraosahaku.fi\/index.php?rest_route=%2Fwp%2Fv2%2Fproduct_cat&post=95129"},{"taxonomy":"product_tag","embeddable":true,"href":"https:\/\/www.autonvaraosahaku.fi\/index.php?rest_route=%2Fwp%2Fv2%2Fproduct_tag&post=95129"}],"curies":[{"name":"wp","href":"https:\/\/api.w.org\/{rel}","templated":true}]}}