{"id":95130,"date":"2021-02-21T21:57:20","date_gmt":"2021-02-21T21:57:20","guid":{"rendered":"https:\/\/www.autonvaraosahaku.fi\/?product=nk-393349-abs-keha"},"modified":"2021-02-21T21:57:21","modified_gmt":"2021-02-21T21:57:21","slug":"nk-393349-abs-keha","status":"publish","type":"product","link":"https:\/\/www.autonvaraosahaku.fi\/?product=nk-393349-abs-keha","title":{"rendered":"NK 393349 ABS keh\u00e4"},"content":{"rendered":"<p>Leveys (mm): 10; Sis\u00e4l\u00e4pimitta [mm]: 80,5; Ulkol\u00e4pimitta [mm]: 84,5; Napojen m\u00e4\u00e4r\u00e4: 96; Asennuspuoli: Hinterachse; MERCEDES-BENZ: E-CLASS W211,C-CLASS W204,E-CLASS T-Model S211,CLS C219,SL R230; CHRYSLER: 300 C Touring LX,300 C LX; 2113500056, 2113500456, 2113503856, 2303506210, 2303507410, 2303507610, 2303570182, A2113500056, A2113500456, A2113503856, A2303506210, A2303507410, A2303507610, A2303570182; ABS Hammaskeh\u00e4,ABS Rengas,Anturirengas, ABS<\/p>\n","protected":false},"excerpt":{"rendered":"<p>NK ABS Keh\u00e4 393349 ABS Hammaskeh\u00e4,ABS Rengas MERCEDES-BENZ,CHRYSLER,E-CLASS W211,C-CLASS W204,E-CLASS T-Model S211,CLS C219,SL R230,300 C Touring LX<\/p>\n","protected":false},"featured_media":0,"template":"","meta":{"site-sidebar-layout":"default","site-content-layout":"default","ast-global-header-display":"","ast-main-header-display":"","ast-hfb-above-header-display":"","ast-hfb-below-header-display":"","ast-hfb-mobile-header-display":"","site-post-title":"","ast-breadcrumbs-content":"","ast-featured-img":"","footer-sml-layout":"","theme-transparent-header-meta":"","adv-header-id-meta":"","stick-header-meta":"","header-above-stick-meta":"","header-main-stick-meta":"","header-below-stick-meta":""},"pwb-brand":[341],"product_cat":[273],"product_tag":[],"class_list":{"0":"post-95130","1":"product","2":"type-product","3":"status-publish","5":"pwb-brand-nk","6":"product_cat-abs-keha","7":"desktop-align-left","8":"tablet-align-left","9":"mobile-align-left","11":"first","12":"instock","13":"product-type-external"},"brands":[{"id":341,"name":"NK","slug":"nk"}],"_links":{"self":[{"href":"https:\/\/www.autonvaraosahaku.fi\/index.php?rest_route=\/wp\/v2\/product\/95130","targetHints":{"allow":["GET"]}}],"collection":[{"href":"https:\/\/www.autonvaraosahaku.fi\/index.php?rest_route=\/wp\/v2\/product"}],"about":[{"href":"https:\/\/www.autonvaraosahaku.fi\/index.php?rest_route=\/wp\/v2\/types\/product"}],"wp:attachment":[{"href":"https:\/\/www.autonvaraosahaku.fi\/index.php?rest_route=%2Fwp%2Fv2%2Fmedia&parent=95130"}],"wp:term":[{"taxonomy":"pwb-brand","embeddable":true,"href":"https:\/\/www.autonvaraosahaku.fi\/index.php?rest_route=%2Fwp%2Fv2%2Fpwb-brand&post=95130"},{"taxonomy":"product_cat","embeddable":true,"href":"https:\/\/www.autonvaraosahaku.fi\/index.php?rest_route=%2Fwp%2Fv2%2Fproduct_cat&post=95130"},{"taxonomy":"product_tag","embeddable":true,"href":"https:\/\/www.autonvaraosahaku.fi\/index.php?rest_route=%2Fwp%2Fv2%2Fproduct_tag&post=95130"}],"curies":[{"name":"wp","href":"https:\/\/api.w.org\/{rel}","templated":true}]}}