{"id":95161,"date":"2021-02-21T21:57:29","date_gmt":"2021-02-21T21:57:29","guid":{"rendered":"https:\/\/www.autonvaraosahaku.fi\/?product=meyle-012-320-0039-raitisilmasuodatin"},"modified":"2021-02-21T21:57:33","modified_gmt":"2021-02-21T21:57:33","slug":"meyle-012-320-0039-raitisilmasuodatin","status":"publish","type":"product","link":"https:\/\/www.autonvaraosahaku.fi\/?product=meyle-012-320-0039-raitisilmasuodatin","title":{"rendered":"MEYLE 012 320 0039 Raitisilmasuodatin"},"content":{"rendered":"<p>Leveys (mm): 214; Suodatintyyppi: Aktiivihiilisuodatin, Suodatinpanos; Korkeus (mm): 24; Pituus (mm): 215; lis\u00e4tieto: ORIGINAL Quality; SMART: FORTWO Coupe 451,FORTWO Cabrio 451,FORTWO Coupe 453,FORFOUR Schr\u00e4gheck 453,FORTWO Cabriolet 453; RENAULT: TWINGO III; 4518300018, 272774711R, 272779986R, 4518300018, 4538350300; Sis\u00e4ilmansuodatin,Suodatin, Sis\u00e4ilma<\/p>\n","protected":false},"excerpt":{"rendered":"<p>MEYLE Raitisilmasuodatin 012 320 0039 Sis\u00e4ilmansuodatin,Suodatin, Sis\u00e4ilma SMART,RENAULT,FORTWO Coupe 451,FORTWO Cabrio 451,FORTWO Coupe 453<\/p>\n","protected":false},"featured_media":0,"template":"","meta":{"site-sidebar-layout":"default","site-content-layout":"default","ast-global-header-display":"","ast-main-header-display":"","ast-hfb-above-header-display":"","ast-hfb-below-header-display":"","ast-hfb-mobile-header-display":"","site-post-title":"","ast-breadcrumbs-content":"","ast-featured-img":"","footer-sml-layout":"","theme-transparent-header-meta":"","adv-header-id-meta":"","stick-header-meta":"","header-above-stick-meta":"","header-main-stick-meta":"","header-below-stick-meta":""},"pwb-brand":[84],"product_cat":[19],"product_tag":[],"class_list":{"0":"post-95161","1":"product","2":"type-product","3":"status-publish","5":"pwb-brand-meyle","6":"product_cat-raitisilmasuodatin","7":"desktop-align-left","8":"tablet-align-left","9":"mobile-align-left","11":"first","12":"instock","13":"product-type-external"},"brands":[{"id":84,"name":"MEYLE","slug":"meyle"}],"_links":{"self":[{"href":"https:\/\/www.autonvaraosahaku.fi\/index.php?rest_route=\/wp\/v2\/product\/95161","targetHints":{"allow":["GET"]}}],"collection":[{"href":"https:\/\/www.autonvaraosahaku.fi\/index.php?rest_route=\/wp\/v2\/product"}],"about":[{"href":"https:\/\/www.autonvaraosahaku.fi\/index.php?rest_route=\/wp\/v2\/types\/product"}],"wp:attachment":[{"href":"https:\/\/www.autonvaraosahaku.fi\/index.php?rest_route=%2Fwp%2Fv2%2Fmedia&parent=95161"}],"wp:term":[{"taxonomy":"pwb-brand","embeddable":true,"href":"https:\/\/www.autonvaraosahaku.fi\/index.php?rest_route=%2Fwp%2Fv2%2Fpwb-brand&post=95161"},{"taxonomy":"product_cat","embeddable":true,"href":"https:\/\/www.autonvaraosahaku.fi\/index.php?rest_route=%2Fwp%2Fv2%2Fproduct_cat&post=95161"},{"taxonomy":"product_tag","embeddable":true,"href":"https:\/\/www.autonvaraosahaku.fi\/index.php?rest_route=%2Fwp%2Fv2%2Fproduct_tag&post=95161"}],"curies":[{"name":"wp","href":"https:\/\/api.w.org\/{rel}","templated":true}]}}