{"id":95185,"date":"2021-02-21T21:57:37","date_gmt":"2021-02-21T21:57:37","guid":{"rendered":"https:\/\/www.autonvaraosahaku.fi\/?product=metzger-0905152-jaahdytysnesteen-lampotila-anturi"},"modified":"2021-02-21T21:57:43","modified_gmt":"2021-02-21T21:57:43","slug":"metzger-0905152-jaahdytysnesteen-lampotila-anturi","status":"publish","type":"product","link":"https:\/\/www.autonvaraosahaku.fi\/?product=metzger-0905152-jaahdytysnesteen-lampotila-anturi","title":{"rendered":"METZGER 0905152 J\u00e4\u00e4hdytysnesteen l\u00e4mp\u00f6tila anturi"},"content":{"rendered":"<p>Kierremitta: M 12&#215;1,5; Napojen m\u00e4\u00e4r\u00e4: 2; V\u00e4ri: Vihre\u00e4; Lis\u00e4tarvike\/lis\u00e4tieto: Tiivisteill\u00e4; Moottorinumero: 187A1.000; SAAB: 9-3 YS3F,9-5 Kombi YS3E,9-3 Kombi YS3F,9-5 YS3E,9-3 Cabriolet YS3F; SUZUKI: SWIFT III MZ, EZ,SX4 EY, GY,WAGON R+ MM,IGNIS II; OPEL: CORSA D,CORSA C F08, F68,ZAFIRA B A05,ASTRA H Caravan L35,MERIVA,ASTRA H L48,VECTRA C Caravan,ASTRA H GTC L08,SIGNUM,VECTRA C,AGILA A H00,VECTRA C GTS,TIGRA TwinTop,ASTRA H TwinTop L67,COMBO Kasten\/Kombi,COMBO Tour,CORSA C Kasten F08, W5L,ASTRA H Stufenheck L69; LANCIA: YPSILON 843,MUSA 350,THESIS 841AX; FORD: KA RU8; FIAT: GRANDE PUNTO 199,PUNTO 188,PANDA 169,500 312,STILO 192,BRAVO II 198,SEICENTO 187,DOBLO Cargo 223,STILO Multi Wagon 192,DOBLO 119,CROMA 194,IDEA,SEDICI,STRADA Pick-up 178E,FIORINO Kasten\/Kombi 225,PALIO Weekend 178DX; ALFA ROMEO: 147 937,159 Sportwagon 939,156 Sportwagon 932,156 932,159 939,GT 937,BRERA,SPIDER 939; 40224602, 46554621, 55188058, 1538606, 9S5112A648BA, 1338040, 55193203, 6338023, 6338038, 135084E51000, 1365079J50000, 1365084E50000, 13650M86J00; J\u00e4\u00e4hdytysnestel\u00e4mp\u00f6tilan Sensori<\/p>\n","protected":false},"excerpt":{"rendered":"<p>METZGER J\u00e4\u00e4hdytysnesteen L\u00e4mp\u00f6tila Anturi 0905152 J\u00e4\u00e4hdytysnestel\u00e4mp\u00f6tilan Sensori SAAB,SUZUKI,OPEL,9-3 YS3F,9-5 Kombi YS3E,9-3 Kombi YS3F,9-5 YS3E<\/p>\n","protected":false},"featured_media":0,"template":"","meta":{"site-sidebar-layout":"default","site-content-layout":"default","ast-global-header-display":"","ast-main-header-display":"","ast-hfb-above-header-display":"","ast-hfb-below-header-display":"","ast-hfb-mobile-header-display":"","site-post-title":"","ast-breadcrumbs-content":"","ast-featured-img":"","footer-sml-layout":"","theme-transparent-header-meta":"","adv-header-id-meta":"","stick-header-meta":"","header-above-stick-meta":"","header-main-stick-meta":"","header-below-stick-meta":""},"pwb-brand":[69],"product_cat":[200],"product_tag":[],"class_list":{"0":"post-95185","1":"product","2":"type-product","3":"status-publish","5":"pwb-brand-metzger","6":"product_cat-jaahdytysnesteen-lampotila-anturi","7":"desktop-align-left","8":"tablet-align-left","9":"mobile-align-left","11":"first","12":"instock","13":"product-type-external"},"brands":[{"id":69,"name":"METZGER","slug":"metzger"}],"_links":{"self":[{"href":"https:\/\/www.autonvaraosahaku.fi\/index.php?rest_route=\/wp\/v2\/product\/95185","targetHints":{"allow":["GET"]}}],"collection":[{"href":"https:\/\/www.autonvaraosahaku.fi\/index.php?rest_route=\/wp\/v2\/product"}],"about":[{"href":"https:\/\/www.autonvaraosahaku.fi\/index.php?rest_route=\/wp\/v2\/types\/product"}],"wp:attachment":[{"href":"https:\/\/www.autonvaraosahaku.fi\/index.php?rest_route=%2Fwp%2Fv2%2Fmedia&parent=95185"}],"wp:term":[{"taxonomy":"pwb-brand","embeddable":true,"href":"https:\/\/www.autonvaraosahaku.fi\/index.php?rest_route=%2Fwp%2Fv2%2Fpwb-brand&post=95185"},{"taxonomy":"product_cat","embeddable":true,"href":"https:\/\/www.autonvaraosahaku.fi\/index.php?rest_route=%2Fwp%2Fv2%2Fproduct_cat&post=95185"},{"taxonomy":"product_tag","embeddable":true,"href":"https:\/\/www.autonvaraosahaku.fi\/index.php?rest_route=%2Fwp%2Fv2%2Fproduct_tag&post=95185"}],"curies":[{"name":"wp","href":"https:\/\/api.w.org\/{rel}","templated":true}]}}