{"id":95186,"date":"2021-02-21T21:57:37","date_gmt":"2021-02-21T21:57:37","guid":{"rendered":"https:\/\/www.autonvaraosahaku.fi\/?product=metzger-0905145-jaahdytysnesteen-lampotila-anturi"},"modified":"2021-02-21T21:57:43","modified_gmt":"2021-02-21T21:57:43","slug":"metzger-0905145-jaahdytysnesteen-lampotila-anturi","status":"publish","type":"product","link":"https:\/\/www.autonvaraosahaku.fi\/?product=metzger-0905145-jaahdytysnesteen-lampotila-anturi","title":{"rendered":"METZGER 0905145 J\u00e4\u00e4hdytysnesteen l\u00e4mp\u00f6tila anturi"},"content":{"rendered":"<p>Kopan l\u00e4pimitta (mm): 9; Pistokkeen kotelon muoto: Soikea; V\u00e4ri: Musta; Lis\u00e4tarvike\/lis\u00e4tieto: Tiivisteill\u00e4; Napojen m\u00e4\u00e4r\u00e4: 2; Suositellun tarvikkeen tuotenumero: 2324012; Moottorinumero: F16D4; CHEVROLET: ORLANDO J309,CRUZE J300,AVEO Schr\u00e4gheck T300,CRUZE Schr\u00e4gheck J305,AVEO Stufenheck T300; OPEL: CORSA D,ZAFIRA B A05,ASTRA H Caravan L35,MERIVA,ASTRA H L48,ASTRA J Sports Tourer,INSIGNIA Caravan,VECTRA C Caravan,ASTRA J,ASTRA H GTC L08,MERIVA B,SIGNUM,VECTRA C,ZAFIRA TOURER C P12,MOKKA,ADAM,VECTRA C GTS,ASTRA H TwinTop L67,INSIGNIA,INSIGNIA Stufenheck,ZAFIRA B Van,ASTRA GTC J,ASTRA J Stufenheck,CORSA D Van,CASCADA W13,ASTRA H Stufenheck L69; FIAT: CROMA 194; ALFA ROMEO: 159 Sportwagon 939,159 939; 55353807, 55591401, 12641073, 1338246, 1338369, 1338370, 1338407, 55353807, 55563530, 55591002, 55591401, 6338045<\/p>\n","protected":false},"excerpt":{"rendered":"<p>METZGER Tunnistin, J\u00e4\u00e4hdytysnesteen L\u00e4mp\u00f6tila 0905145  CHEVROLET,OPEL,FIAT,ORLANDO J309,CRUZE J300,AVEO Schr\u00e4gheck T300,CRUZE Schr\u00e4gheck J305<\/p>\n","protected":false},"featured_media":0,"template":"","meta":{"site-sidebar-layout":"default","site-content-layout":"default","ast-global-header-display":"","ast-main-header-display":"","ast-hfb-above-header-display":"","ast-hfb-below-header-display":"","ast-hfb-mobile-header-display":"","site-post-title":"","ast-breadcrumbs-content":"","ast-featured-img":"","footer-sml-layout":"","theme-transparent-header-meta":"","adv-header-id-meta":"","stick-header-meta":"","header-above-stick-meta":"","header-main-stick-meta":"","header-below-stick-meta":""},"pwb-brand":[69],"product_cat":[200],"product_tag":[],"class_list":{"0":"post-95186","1":"product","2":"type-product","3":"status-publish","5":"pwb-brand-metzger","6":"product_cat-jaahdytysnesteen-lampotila-anturi","7":"desktop-align-left","8":"tablet-align-left","9":"mobile-align-left","11":"first","12":"instock","13":"product-type-external"},"brands":[{"id":69,"name":"METZGER","slug":"metzger"}],"_links":{"self":[{"href":"https:\/\/www.autonvaraosahaku.fi\/index.php?rest_route=\/wp\/v2\/product\/95186","targetHints":{"allow":["GET"]}}],"collection":[{"href":"https:\/\/www.autonvaraosahaku.fi\/index.php?rest_route=\/wp\/v2\/product"}],"about":[{"href":"https:\/\/www.autonvaraosahaku.fi\/index.php?rest_route=\/wp\/v2\/types\/product"}],"wp:attachment":[{"href":"https:\/\/www.autonvaraosahaku.fi\/index.php?rest_route=%2Fwp%2Fv2%2Fmedia&parent=95186"}],"wp:term":[{"taxonomy":"pwb-brand","embeddable":true,"href":"https:\/\/www.autonvaraosahaku.fi\/index.php?rest_route=%2Fwp%2Fv2%2Fpwb-brand&post=95186"},{"taxonomy":"product_cat","embeddable":true,"href":"https:\/\/www.autonvaraosahaku.fi\/index.php?rest_route=%2Fwp%2Fv2%2Fproduct_cat&post=95186"},{"taxonomy":"product_tag","embeddable":true,"href":"https:\/\/www.autonvaraosahaku.fi\/index.php?rest_route=%2Fwp%2Fv2%2Fproduct_tag&post=95186"}],"curies":[{"name":"wp","href":"https:\/\/api.w.org\/{rel}","templated":true}]}}