{"id":95216,"date":"2021-02-21T21:57:54","date_gmt":"2021-02-21T21:57:54","guid":{"rendered":"https:\/\/www.autonvaraosahaku.fi\/?product=hella-8ew-009-158-181-lammityslaitteen-puhallin"},"modified":"2021-02-21T21:57:56","modified_gmt":"2021-02-21T21:57:56","slug":"hella-8ew-009-158-181-lammityslaitteen-puhallin","status":"publish","type":"product","link":"https:\/\/www.autonvaraosahaku.fi\/?product=hella-8ew-009-158-181-lammityslaitteen-puhallin","title":{"rendered":"HELLA 8EW 009 158-181 L\u00e4mmityslaitteen puhallin"},"content":{"rendered":"<p>L\u00e4pimitta [mm]: 158; Varusteet: Autoihin, joissa ilmastointi, Autoihin, joissa autom. ilmastointi; Nimellisj\u00e4nnite (V): 12; Versio: produced by BEHR; lis\u00e4tieto: BEHR HELLA SERVICE *** PREMIUM LINE ***; MERCEDES-BENZ: VIANO W639,VITO Bus W639,VITO \/ MIXTO Kasten W639; 0008357904, A0008357904; Sis\u00e4tilan Puhallin,Sis\u00e4tilapuhallin<\/p>\n","protected":false},"excerpt":{"rendered":"<p>HELLA L\u00e4mmityslaitteen Puhallin 8EW 009 158-181 Sis\u00e4tilan Puhallin,Sis\u00e4tilapuhallin MERCEDES-BENZ,VIANO W639,VITO Bus W639,VITO \/ MIXTO Kasten W639<\/p>\n","protected":false},"featured_media":0,"template":"","meta":{"site-sidebar-layout":"default","site-content-layout":"default","ast-global-header-display":"","ast-main-header-display":"","ast-hfb-above-header-display":"","ast-hfb-below-header-display":"","ast-hfb-mobile-header-display":"","site-post-title":"","ast-breadcrumbs-content":"","ast-featured-img":"","footer-sml-layout":"","theme-transparent-header-meta":"","adv-header-id-meta":"","stick-header-meta":"","header-above-stick-meta":"","header-main-stick-meta":"","header-below-stick-meta":""},"pwb-brand":[24],"product_cat":[86],"product_tag":[],"class_list":{"0":"post-95216","1":"product","2":"type-product","3":"status-publish","5":"pwb-brand-hella","6":"product_cat-lammityslaitteen-puhallin","7":"desktop-align-left","8":"tablet-align-left","9":"mobile-align-left","11":"first","12":"instock","13":"product-type-external"},"brands":[{"id":24,"name":"HELLA","slug":"hella"}],"_links":{"self":[{"href":"https:\/\/www.autonvaraosahaku.fi\/index.php?rest_route=\/wp\/v2\/product\/95216","targetHints":{"allow":["GET"]}}],"collection":[{"href":"https:\/\/www.autonvaraosahaku.fi\/index.php?rest_route=\/wp\/v2\/product"}],"about":[{"href":"https:\/\/www.autonvaraosahaku.fi\/index.php?rest_route=\/wp\/v2\/types\/product"}],"wp:attachment":[{"href":"https:\/\/www.autonvaraosahaku.fi\/index.php?rest_route=%2Fwp%2Fv2%2Fmedia&parent=95216"}],"wp:term":[{"taxonomy":"pwb-brand","embeddable":true,"href":"https:\/\/www.autonvaraosahaku.fi\/index.php?rest_route=%2Fwp%2Fv2%2Fpwb-brand&post=95216"},{"taxonomy":"product_cat","embeddable":true,"href":"https:\/\/www.autonvaraosahaku.fi\/index.php?rest_route=%2Fwp%2Fv2%2Fproduct_cat&post=95216"},{"taxonomy":"product_tag","embeddable":true,"href":"https:\/\/www.autonvaraosahaku.fi\/index.php?rest_route=%2Fwp%2Fv2%2Fproduct_tag&post=95216"}],"curies":[{"name":"wp","href":"https:\/\/api.w.org\/{rel}","templated":true}]}}