{"id":95243,"date":"2021-02-21T21:58:02","date_gmt":"2021-02-21T21:58:02","guid":{"rendered":"https:\/\/www.autonvaraosahaku.fi\/?product=meyle-029-350-1410-pyyhkijansulat"},"modified":"2021-02-21T21:58:07","modified_gmt":"2021-02-21T21:58:07","slug":"meyle-029-350-1410-pyyhkijansulat","status":"publish","type":"product","link":"https:\/\/www.autonvaraosahaku.fi\/?product=meyle-029-350-1410-pyyhkijansulat","title":{"rendered":"MEYLE 029 350 1410 Pyyhkij\u00e4nsulat"},"content":{"rendered":"<p>Asennuspuoli: Takana; Pituus (mm): 350; Pituus (tuumaa): 14; Pyyhkij\u00e4nsulkatyyppi: Pyyhkij\u00e4nsulka,perinteinen runko; Varusteet: f\u00fcr Fahrzeuge mit Heckt\u00fcren; JEEP: WRANGLER III JK; NISSAN: ALMERA II Hatchback N16; LAND ROVER: DISCOVERY II LJ, LT; VOLVO: XC60,XC90 I; OPEL: ZAFIRA B A05,ZAFIRA B Van; LANCIA: PHEDRA 179; FORD: TOURNEO COURIER Kombi,TRANSIT COURIER Kasten,TRANSIT COURIER Kombi; DACIA: DUSTER,LOGAN MCV KS_,LOGAN EXPRESS FS_; FIAT: STILO Multi Wagon 192,SCUDO 270_,ULYSSE 179AX,SCUDO Kasten 270_; CITRO\u00cbN: C3 I FC_,BERLINGO B9,C8 EA_, EB_,SAXO S0, S1,JUMPY,BERLINGO Kasten B9,JUMPY Kasten,XANTIA X2,XANTIA X1,XANTIA Break X2,XANTIA Break X1; Tuulilasinpyyhkimet,Pyyhkij\u00e4t,Pyyhkij\u00e4nsulka<\/p>\n","protected":false},"excerpt":{"rendered":"<p>MEYLE Pyyhkij\u00e4nsulat 029 350 1410 Tuulilasinpyyhkimet,Pyyhkij\u00e4t JEEP,NISSAN,LAND ROVER,WRANGLER III JK,ALMERA II Hatchback N16,DISCOVERY II LJ, LT<\/p>\n","protected":false},"featured_media":0,"template":"","meta":{"site-sidebar-layout":"default","site-content-layout":"default","ast-global-header-display":"","ast-main-header-display":"","ast-hfb-above-header-display":"","ast-hfb-below-header-display":"","ast-hfb-mobile-header-display":"","site-post-title":"","ast-breadcrumbs-content":"","ast-featured-img":"","footer-sml-layout":"","theme-transparent-header-meta":"","adv-header-id-meta":"","stick-header-meta":"","header-above-stick-meta":"","header-main-stick-meta":"","header-below-stick-meta":""},"pwb-brand":[84],"product_cat":[33],"product_tag":[],"class_list":{"0":"post-95243","1":"product","2":"type-product","3":"status-publish","5":"pwb-brand-meyle","6":"product_cat-pyyhkijansulat","7":"desktop-align-left","8":"tablet-align-left","9":"mobile-align-left","11":"first","12":"instock","13":"product-type-external"},"brands":[{"id":84,"name":"MEYLE","slug":"meyle"}],"_links":{"self":[{"href":"https:\/\/www.autonvaraosahaku.fi\/index.php?rest_route=\/wp\/v2\/product\/95243","targetHints":{"allow":["GET"]}}],"collection":[{"href":"https:\/\/www.autonvaraosahaku.fi\/index.php?rest_route=\/wp\/v2\/product"}],"about":[{"href":"https:\/\/www.autonvaraosahaku.fi\/index.php?rest_route=\/wp\/v2\/types\/product"}],"wp:attachment":[{"href":"https:\/\/www.autonvaraosahaku.fi\/index.php?rest_route=%2Fwp%2Fv2%2Fmedia&parent=95243"}],"wp:term":[{"taxonomy":"pwb-brand","embeddable":true,"href":"https:\/\/www.autonvaraosahaku.fi\/index.php?rest_route=%2Fwp%2Fv2%2Fpwb-brand&post=95243"},{"taxonomy":"product_cat","embeddable":true,"href":"https:\/\/www.autonvaraosahaku.fi\/index.php?rest_route=%2Fwp%2Fv2%2Fproduct_cat&post=95243"},{"taxonomy":"product_tag","embeddable":true,"href":"https:\/\/www.autonvaraosahaku.fi\/index.php?rest_route=%2Fwp%2Fv2%2Fproduct_tag&post=95243"}],"curies":[{"name":"wp","href":"https:\/\/api.w.org\/{rel}","templated":true}]}}