{"id":95246,"date":"2021-02-21T21:58:02","date_gmt":"2021-02-21T21:58:02","guid":{"rendered":"https:\/\/www.autonvaraosahaku.fi\/?product=topran-115-798-alatukivarsi"},"modified":"2021-02-21T21:58:08","modified_gmt":"2021-02-21T21:58:08","slug":"topran-115-798-alatukivarsi","status":"publish","type":"product","link":"https:\/\/www.autonvaraosahaku.fi\/?product=topran-115-798-alatukivarsi","title":{"rendered":"TOPRAN 115 798 Alatukivarsi"},"content":{"rendered":"<p>Asennuspuoli: Etuakseli; Kallistuksenvakaajan l\u00e4pimitta [mm]: 21; Lis\u00e4tarvike\/lis\u00e4tieto: Asennusmateriaalilla; Korvaava tuote\/korvaava tiedote 2: sisemm\u00e4ll\u00e4 ohjausnivelell\u00e4, Kuulatapilla, Kumilaakerilla, Alapallo-\/pallonivelell\u00e4; Ohjaus: Raidetangonp\u00e4ill\u00e4; T\u00e4yssarja: ; Yksitt\u00e4isosat luettelossa: ; Lukum\u00e4\u00e4r\u00e4 akselille: 1; Akselimittaus asennuksen j\u00e4lkeen: ; lis\u00e4tieto: t+; Alustanumeroon: 1M-1-035000; VW: GOLF IV 1J1,BORA 1J2,NEW BEETLE 9C1, 1C1,BORA Kombi 1J6,NEW BEETLE Cabriolet 1Y7; AUDI: A3 8L1; SKODA: OCTAVIA 1U2; SEAT: LEON 1M1,TOLEDO I 1L; 1J0498KIT01, 1J0498KIT01, 1J0498KIT01, 1J0498KIT01<\/p>\n","protected":false},"excerpt":{"rendered":"<p>TOPRAN Tukivarsisarja, Py\u00f6rien Tuenta 115 798  VW,AUDI,SKODA,GOLF IV 1J1,BORA 1J2,NEW BEETLE 9C1, 1C1,BORA Kombi 1J6,NEW BEETLE Cabriolet 1Y7,A3 8L1<\/p>\n","protected":false},"featured_media":0,"template":"","meta":{"site-sidebar-layout":"default","site-content-layout":"default","ast-global-header-display":"","ast-main-header-display":"","ast-hfb-above-header-display":"","ast-hfb-below-header-display":"","ast-hfb-mobile-header-display":"","site-post-title":"","ast-breadcrumbs-content":"","ast-featured-img":"","footer-sml-layout":"","theme-transparent-header-meta":"","adv-header-id-meta":"","stick-header-meta":"","header-above-stick-meta":"","header-main-stick-meta":"","header-below-stick-meta":""},"pwb-brand":[18],"product_cat":[62],"product_tag":[],"class_list":{"0":"post-95246","1":"product","2":"type-product","3":"status-publish","5":"pwb-brand-topran","6":"product_cat-alatukivarsi","7":"desktop-align-left","8":"tablet-align-left","9":"mobile-align-left","11":"first","12":"instock","13":"product-type-external"},"brands":[{"id":18,"name":"TOPRAN","slug":"topran"}],"_links":{"self":[{"href":"https:\/\/www.autonvaraosahaku.fi\/index.php?rest_route=\/wp\/v2\/product\/95246","targetHints":{"allow":["GET"]}}],"collection":[{"href":"https:\/\/www.autonvaraosahaku.fi\/index.php?rest_route=\/wp\/v2\/product"}],"about":[{"href":"https:\/\/www.autonvaraosahaku.fi\/index.php?rest_route=\/wp\/v2\/types\/product"}],"wp:attachment":[{"href":"https:\/\/www.autonvaraosahaku.fi\/index.php?rest_route=%2Fwp%2Fv2%2Fmedia&parent=95246"}],"wp:term":[{"taxonomy":"pwb-brand","embeddable":true,"href":"https:\/\/www.autonvaraosahaku.fi\/index.php?rest_route=%2Fwp%2Fv2%2Fpwb-brand&post=95246"},{"taxonomy":"product_cat","embeddable":true,"href":"https:\/\/www.autonvaraosahaku.fi\/index.php?rest_route=%2Fwp%2Fv2%2Fproduct_cat&post=95246"},{"taxonomy":"product_tag","embeddable":true,"href":"https:\/\/www.autonvaraosahaku.fi\/index.php?rest_route=%2Fwp%2Fv2%2Fproduct_tag&post=95246"}],"curies":[{"name":"wp","href":"https:\/\/api.w.org\/{rel}","templated":true}]}}