{"id":95247,"date":"2021-02-21T21:58:02","date_gmt":"2021-02-21T21:58:02","guid":{"rendered":"https:\/\/www.autonvaraosahaku.fi\/?product=magnum-technology-agm031mt-iskunvaimennin"},"modified":"2021-02-21T21:58:09","modified_gmt":"2021-02-21T21:58:09","slug":"magnum-technology-agm031mt-iskunvaimennin","status":"publish","type":"product","link":"https:\/\/www.autonvaraosahaku.fi\/?product=magnum-technology-agm031mt-iskunvaimennin","title":{"rendered":"Magnum Technology AGM031MT Iskunvaimennin"},"content":{"rendered":"<p>Iskunvaimennin tyyppi: Kaasupaine; Iskunvaimennusj\u00e4rjestelm\u00e4: Yksiputki; Iskunvaimennin asennustapa: Tappi ylh\u00e4\u00e4ll\u00e4, Silmukka alhaalla; Asennuspuoli: Taka-akseli; Iskunvaimennin malli: Joustintuki; Alustarakenne: f\u00fcr Fahrzeuge mit Sportfahrwerk; MERCEDES-BENZ: C-CLASS W203,C-CLASS T-Model S203,C-CLASS Coupe CL203,CLK C209,CLK Cabriolet A209; 2033200131, 2033200631, 2033260200, 2033261700, 2033261800, 2033262900, 2033263300, 2033263600, 2033264100, 2093260200, 2093261400, 2093261600, A2033200131, A2033200631, A2033260200, A2033261700, A2033261800, A2033262900, A2033263300, A2033263600, A2033264100, A2093260200, A2093261400, A2093261600; Iskarit,Iskunvaimennin<\/p>\n","protected":false},"excerpt":{"rendered":"<p>Magnum Technology Iskunvaimentimet AGM031MT Iskarit,Iskunvaimennin MERCEDES-BENZ,C-CLASS W203,C-CLASS T-Model S203,C-CLASS Coupe CL203,CLK C209<\/p>\n","protected":false},"featured_media":0,"template":"","meta":{"site-sidebar-layout":"default","site-content-layout":"default","ast-global-header-display":"","ast-main-header-display":"","ast-hfb-above-header-display":"","ast-hfb-below-header-display":"","ast-hfb-mobile-header-display":"","site-post-title":"","ast-breadcrumbs-content":"","ast-featured-img":"","footer-sml-layout":"","theme-transparent-header-meta":"","adv-header-id-meta":"","stick-header-meta":"","header-above-stick-meta":"","header-main-stick-meta":"","header-below-stick-meta":""},"pwb-brand":[311],"product_cat":[80],"product_tag":[],"class_list":{"0":"post-95247","1":"product","2":"type-product","3":"status-publish","5":"pwb-brand-magnum-technology","6":"product_cat-iskunvaimennin","7":"desktop-align-left","8":"tablet-align-left","9":"mobile-align-left","11":"first","12":"instock","13":"product-type-external"},"brands":[{"id":311,"name":"Magnum Technology","slug":"magnum-technology"}],"_links":{"self":[{"href":"https:\/\/www.autonvaraosahaku.fi\/index.php?rest_route=\/wp\/v2\/product\/95247","targetHints":{"allow":["GET"]}}],"collection":[{"href":"https:\/\/www.autonvaraosahaku.fi\/index.php?rest_route=\/wp\/v2\/product"}],"about":[{"href":"https:\/\/www.autonvaraosahaku.fi\/index.php?rest_route=\/wp\/v2\/types\/product"}],"wp:attachment":[{"href":"https:\/\/www.autonvaraosahaku.fi\/index.php?rest_route=%2Fwp%2Fv2%2Fmedia&parent=95247"}],"wp:term":[{"taxonomy":"pwb-brand","embeddable":true,"href":"https:\/\/www.autonvaraosahaku.fi\/index.php?rest_route=%2Fwp%2Fv2%2Fpwb-brand&post=95247"},{"taxonomy":"product_cat","embeddable":true,"href":"https:\/\/www.autonvaraosahaku.fi\/index.php?rest_route=%2Fwp%2Fv2%2Fproduct_cat&post=95247"},{"taxonomy":"product_tag","embeddable":true,"href":"https:\/\/www.autonvaraosahaku.fi\/index.php?rest_route=%2Fwp%2Fv2%2Fproduct_tag&post=95247"}],"curies":[{"name":"wp","href":"https:\/\/api.w.org\/{rel}","templated":true}]}}