{"id":95270,"date":"2021-02-21T21:58:19","date_gmt":"2021-02-21T21:58:19","guid":{"rendered":"https:\/\/www.autonvaraosahaku.fi\/?product=brembo-08-3126-76-jarrulevyt"},"modified":"2021-02-21T21:58:20","modified_gmt":"2021-02-21T21:58:20","slug":"brembo-08-3126-76-jarrulevyt","status":"publish","type":"product","link":"https:\/\/www.autonvaraosahaku.fi\/?product=brembo-08-3126-76-jarrulevyt","title":{"rendered":"BREMBO 08.3126.76 Jarrulevyt"},"content":{"rendered":"<p>Korvaava tuote\/korvaava tiedote 2: Ruuveilla; Pinta: pinnoitettu; Kiristysmomentti: 98; keskitt\u00e4misl\u00e4pimitta [mm]: 59; Reikien m\u00e4\u00e4r\u00e4: 5; V\u00e4himm\u00e4ispaksuus (mm): 9; Jarrulevyn paksuus (mm): 10; Jarrulevytyyppi: Uritettu, Vakiomalli; Korkeus (mm): 50,5; L\u00e4pimitta [mm]: 251; Tuotelinja: MAX LINE; Tuning: 1; Asennuspuoli: Hinterachse; LANCIA: DELTA I 831AB0,THEMA 834; ALFA ROMEO: 147 937,156 Sportwagon 932,156 932,164 164; 164062610001, 60569164, 60653479, 60658566, 60801786, 60801787, 60814804, 71738911, 71738912, 82440275, 71738911, 7789267, 82418684, 82439939, 82440275; Jarrulevy<\/p>\n","protected":false},"excerpt":{"rendered":"<p>BREMBO Jarrulevyt 08.3126.76 Jarrulevy LANCIA,ALFA ROMEO,DELTA I 831AB0,THEMA 834,147 937,156 Sportwagon 932,156 932,164 164<\/p>\n","protected":false},"featured_media":0,"template":"","meta":{"site-sidebar-layout":"default","site-content-layout":"default","ast-global-header-display":"","ast-main-header-display":"","ast-hfb-above-header-display":"","ast-hfb-below-header-display":"","ast-hfb-mobile-header-display":"","site-post-title":"","ast-breadcrumbs-content":"","ast-featured-img":"","footer-sml-layout":"","theme-transparent-header-meta":"","adv-header-id-meta":"","stick-header-meta":"","header-above-stick-meta":"","header-main-stick-meta":"","header-below-stick-meta":""},"pwb-brand":[146],"product_cat":[66],"product_tag":[],"class_list":{"0":"post-95270","1":"product","2":"type-product","3":"status-publish","5":"pwb-brand-brembo","6":"product_cat-jarrulevyt","7":"desktop-align-left","8":"tablet-align-left","9":"mobile-align-left","11":"first","12":"instock","13":"product-type-external"},"brands":[{"id":146,"name":"BREMBO","slug":"brembo"}],"_links":{"self":[{"href":"https:\/\/www.autonvaraosahaku.fi\/index.php?rest_route=\/wp\/v2\/product\/95270","targetHints":{"allow":["GET"]}}],"collection":[{"href":"https:\/\/www.autonvaraosahaku.fi\/index.php?rest_route=\/wp\/v2\/product"}],"about":[{"href":"https:\/\/www.autonvaraosahaku.fi\/index.php?rest_route=\/wp\/v2\/types\/product"}],"wp:attachment":[{"href":"https:\/\/www.autonvaraosahaku.fi\/index.php?rest_route=%2Fwp%2Fv2%2Fmedia&parent=95270"}],"wp:term":[{"taxonomy":"pwb-brand","embeddable":true,"href":"https:\/\/www.autonvaraosahaku.fi\/index.php?rest_route=%2Fwp%2Fv2%2Fpwb-brand&post=95270"},{"taxonomy":"product_cat","embeddable":true,"href":"https:\/\/www.autonvaraosahaku.fi\/index.php?rest_route=%2Fwp%2Fv2%2Fproduct_cat&post=95270"},{"taxonomy":"product_tag","embeddable":true,"href":"https:\/\/www.autonvaraosahaku.fi\/index.php?rest_route=%2Fwp%2Fv2%2Fproduct_tag&post=95270"}],"curies":[{"name":"wp","href":"https:\/\/api.w.org\/{rel}","templated":true}]}}