{"id":95284,"date":"2021-02-21T21:58:19","date_gmt":"2021-02-21T21:58:19","guid":{"rendered":"https:\/\/www.autonvaraosahaku.fi\/?product=ate-13-0460-2746-2-jarrupalat"},"modified":"2021-02-21T21:58:25","modified_gmt":"2021-02-21T21:58:25","slug":"ate-13-0460-2746-2-jarrupalat","status":"publish","type":"product","link":"https:\/\/www.autonvaraosahaku.fi\/?product=ate-13-0460-2746-2-jarrupalat","title":{"rendered":"ATE 13.0460-2746.2 Jarrupalat"},"content":{"rendered":"<p>Leveys (mm): 188,0; Korkeus (mm): 73,5; Korkeus 2 (mm): 73,0; Jousikiinnikehalkaisija [mm]: 44; Paksuus [mm]: 19,2; Huomioi mitat: ; Kulumisenilmaisimen liitos: Sis. kulumisenilmaisimen; Kulumisvaroittimia [pro Achse]: 1; Varoittimen pituus [mm]: 305; Korvaava tuote\/korvaava tiedote 2: Jarrusatulan ruuveilla; Ruuvien m\u00e4\u00e4r\u00e4: 4; Jarruj\u00e4rjestelm\u00e4: Lucas \/ TRW; Tarkistuskilpi: E1 90R-02A0612\/0458; MAPP-koodi saatavilla: ; M\u00e4\u00e4r\u00e4yksikk\u00f6: Akselisarja; PR-numerolle: 1LA; AUDI: A4 Avant 8K5, B8,A4 8K2, B8,A5 8T3,A5 Sportback 8TA,A4 Allroad 8KH, B8,A5 Cabriolet 8F7; Jarrupalasarja,Jarrupala, Levyjarru<\/p>\n","protected":false},"excerpt":{"rendered":"<p>ATE Jarrupalat 13.0460-2746.2 Jarrupalasarja,Jarrupala, Levyjarru AUDI,A4 Avant 8K5, B8,A4 8K2, B8,A5 8T3,A5 Sportback 8TA,A4 Allroad 8KH, B8<\/p>\n","protected":false},"featured_media":0,"template":"","meta":{"site-sidebar-layout":"default","site-content-layout":"default","ast-global-header-display":"","ast-main-header-display":"","ast-hfb-above-header-display":"","ast-hfb-below-header-display":"","ast-hfb-mobile-header-display":"","site-post-title":"","ast-breadcrumbs-content":"","ast-featured-img":"","footer-sml-layout":"","theme-transparent-header-meta":"","adv-header-id-meta":"","stick-header-meta":"","header-above-stick-meta":"","header-main-stick-meta":"","header-below-stick-meta":""},"pwb-brand":[108],"product_cat":[100],"product_tag":[],"class_list":{"0":"post-95284","1":"product","2":"type-product","3":"status-publish","5":"pwb-brand-ate","6":"product_cat-jarrupalat","7":"desktop-align-left","8":"tablet-align-left","9":"mobile-align-left","11":"first","12":"instock","13":"product-type-external"},"brands":[{"id":108,"name":"ATE","slug":"ate"}],"_links":{"self":[{"href":"https:\/\/www.autonvaraosahaku.fi\/index.php?rest_route=\/wp\/v2\/product\/95284","targetHints":{"allow":["GET"]}}],"collection":[{"href":"https:\/\/www.autonvaraosahaku.fi\/index.php?rest_route=\/wp\/v2\/product"}],"about":[{"href":"https:\/\/www.autonvaraosahaku.fi\/index.php?rest_route=\/wp\/v2\/types\/product"}],"wp:attachment":[{"href":"https:\/\/www.autonvaraosahaku.fi\/index.php?rest_route=%2Fwp%2Fv2%2Fmedia&parent=95284"}],"wp:term":[{"taxonomy":"pwb-brand","embeddable":true,"href":"https:\/\/www.autonvaraosahaku.fi\/index.php?rest_route=%2Fwp%2Fv2%2Fpwb-brand&post=95284"},{"taxonomy":"product_cat","embeddable":true,"href":"https:\/\/www.autonvaraosahaku.fi\/index.php?rest_route=%2Fwp%2Fv2%2Fproduct_cat&post=95284"},{"taxonomy":"product_tag","embeddable":true,"href":"https:\/\/www.autonvaraosahaku.fi\/index.php?rest_route=%2Fwp%2Fv2%2Fproduct_tag&post=95284"}],"curies":[{"name":"wp","href":"https:\/\/api.w.org\/{rel}","templated":true}]}}