{"id":9529,"date":"2021-02-21T14:06:09","date_gmt":"2021-02-21T14:06:09","guid":{"rendered":"https:\/\/www.autonvaraosahaku.fi\/?product=metzger-0905412-oljyn-lampotila-anturi"},"modified":"2021-02-21T14:06:10","modified_gmt":"2021-02-21T14:06:10","slug":"metzger-0905412-oljyn-lampotila-anturi","status":"publish","type":"product","link":"https:\/\/www.autonvaraosahaku.fi\/?product=metzger-0905412-oljyn-lampotila-anturi","title":{"rendered":"METZGER 0905412 \u00d6ljyn l\u00e4mp\u00f6tila anturi"},"content":{"rendered":"<p>Kopan v\u00e4ri: Sininen; Napojen m\u00e4\u00e4r\u00e4: 1; Lis\u00e4tarvike\/lis\u00e4tieto: Tiivisteill\u00e4; Valmistusvuoteen: 08\/1991; VW: PASSAT Variant 3B6,PASSAT Variant 3B5,PASSAT 3B2,PASSAT Variant 32B,PASSAT 32B,PASSAT Stufenheck 32B; AUDI: A4 8D2, B5,A6 Avant 4B5, C5,A4 Avant 8D5, B5,80 8C, B4,A6 4B2, C5,80 89, 89Q, 8A, B3,CABRIOLET 8G7, B4,100 4A, C4,A8 4D2, 4D8,80 Avant 8C, B4,100 44, 44Q, C3,A6 Avant 4A, C4,A6 4A, C4,COUPE 89, 8B,100 Avant 4A, C4,100 Avant 44, 44Q, C3,COUPE 81, 85; Tunnistin, \u00d6ljyl\u00e4mp\u00f6tila<\/p>\n","protected":false},"excerpt":{"rendered":"<p>METZGER \u00d6ljyn L\u00e4mp\u00f6tila Anturi 0905412 Tunnistin, \u00d6ljyl\u00e4mp\u00f6tila VW,AUDI,PASSAT Variant 3B6,PASSAT Variant 3B5,PASSAT 3B2,PASSAT Variant 32B,PASSAT 32B<\/p>\n","protected":false},"featured_media":0,"template":"","meta":{"site-sidebar-layout":"default","site-content-layout":"default","ast-global-header-display":"","ast-main-header-display":"","ast-hfb-above-header-display":"","ast-hfb-below-header-display":"","ast-hfb-mobile-header-display":"","site-post-title":"","ast-breadcrumbs-content":"","ast-featured-img":"","footer-sml-layout":"","theme-transparent-header-meta":"","adv-header-id-meta":"","stick-header-meta":"","header-above-stick-meta":"","header-main-stick-meta":"","header-below-stick-meta":""},"pwb-brand":[69],"product_cat":[275],"product_tag":[],"class_list":{"0":"post-9529","1":"product","2":"type-product","3":"status-publish","5":"pwb-brand-metzger","6":"product_cat-oljyn-lampotila-anturi","7":"desktop-align-left","8":"tablet-align-left","9":"mobile-align-left","11":"first","12":"instock","13":"product-type-external"},"brands":[{"id":69,"name":"METZGER","slug":"metzger"}],"_links":{"self":[{"href":"https:\/\/www.autonvaraosahaku.fi\/index.php?rest_route=\/wp\/v2\/product\/9529","targetHints":{"allow":["GET"]}}],"collection":[{"href":"https:\/\/www.autonvaraosahaku.fi\/index.php?rest_route=\/wp\/v2\/product"}],"about":[{"href":"https:\/\/www.autonvaraosahaku.fi\/index.php?rest_route=\/wp\/v2\/types\/product"}],"wp:attachment":[{"href":"https:\/\/www.autonvaraosahaku.fi\/index.php?rest_route=%2Fwp%2Fv2%2Fmedia&parent=9529"}],"wp:term":[{"taxonomy":"pwb-brand","embeddable":true,"href":"https:\/\/www.autonvaraosahaku.fi\/index.php?rest_route=%2Fwp%2Fv2%2Fpwb-brand&post=9529"},{"taxonomy":"product_cat","embeddable":true,"href":"https:\/\/www.autonvaraosahaku.fi\/index.php?rest_route=%2Fwp%2Fv2%2Fproduct_cat&post=9529"},{"taxonomy":"product_tag","embeddable":true,"href":"https:\/\/www.autonvaraosahaku.fi\/index.php?rest_route=%2Fwp%2Fv2%2Fproduct_tag&post=9529"}],"curies":[{"name":"wp","href":"https:\/\/api.w.org\/{rel}","templated":true}]}}