{"id":95305,"date":"2021-02-21T21:58:28","date_gmt":"2021-02-21T21:58:28","guid":{"rendered":"https:\/\/www.autonvaraosahaku.fi\/?product=topran-502-800-anturit-sensorit"},"modified":"2021-02-21T21:58:34","modified_gmt":"2021-02-21T21:58:34","slug":"topran-502-800-anturit-sensorit","status":"publish","type":"product","link":"https:\/\/www.autonvaraosahaku.fi\/?product=topran-502-800-anturit-sensorit","title":{"rendered":"TOPRAN 502 800 Anturit (sensorit)"},"content":{"rendered":"<p>Varusteet: ajoneuvoille ajovalons\u00e4\u00e4d\u00f6ll\u00e4 (automaattisella); OE-numerolle: 3714 6 853 753; Asennuspuoli: Vorderachse links; BMW: 3 Touring E91,3 E90,5 E60,1 E87,5 Touring E61,X1 E84,1 E81,X5 E70,3 Coupe E92,3 Cabriolet E93,1 Cabriolet E88,1 Coupe E82,X6 E71, E72; 37146763735, 37146763737, 37146778815, 37146785207, 37146853753, 6763735, 6763737, 6778815, 6785207, 6853753<\/p>\n","protected":false},"excerpt":{"rendered":"<p>TOPRAN Sensori, Xenonvalo (Ajovalokorkeuden S\u00e4\u00e4t\u00f6) 502 800  BMW,3 Touring E91,3 E90,5 E60,1 E87,5 Touring E61,X1 E84,1 E81,X5 E70,3 Coupe E92<\/p>\n","protected":false},"featured_media":0,"template":"","meta":{"site-sidebar-layout":"default","site-content-layout":"default","ast-global-header-display":"","ast-main-header-display":"","ast-hfb-above-header-display":"","ast-hfb-below-header-display":"","ast-hfb-mobile-header-display":"","site-post-title":"","ast-breadcrumbs-content":"","ast-featured-img":"","footer-sml-layout":"","theme-transparent-header-meta":"","adv-header-id-meta":"","stick-header-meta":"","header-above-stick-meta":"","header-main-stick-meta":"","header-below-stick-meta":""},"pwb-brand":[18],"product_cat":[98],"product_tag":[],"class_list":{"0":"post-95305","1":"product","2":"type-product","3":"status-publish","5":"pwb-brand-topran","6":"product_cat-anturit-sensorit","7":"desktop-align-left","8":"tablet-align-left","9":"mobile-align-left","11":"first","12":"instock","13":"product-type-external"},"brands":[{"id":18,"name":"TOPRAN","slug":"topran"}],"_links":{"self":[{"href":"https:\/\/www.autonvaraosahaku.fi\/index.php?rest_route=\/wp\/v2\/product\/95305","targetHints":{"allow":["GET"]}}],"collection":[{"href":"https:\/\/www.autonvaraosahaku.fi\/index.php?rest_route=\/wp\/v2\/product"}],"about":[{"href":"https:\/\/www.autonvaraosahaku.fi\/index.php?rest_route=\/wp\/v2\/types\/product"}],"wp:attachment":[{"href":"https:\/\/www.autonvaraosahaku.fi\/index.php?rest_route=%2Fwp%2Fv2%2Fmedia&parent=95305"}],"wp:term":[{"taxonomy":"pwb-brand","embeddable":true,"href":"https:\/\/www.autonvaraosahaku.fi\/index.php?rest_route=%2Fwp%2Fv2%2Fpwb-brand&post=95305"},{"taxonomy":"product_cat","embeddable":true,"href":"https:\/\/www.autonvaraosahaku.fi\/index.php?rest_route=%2Fwp%2Fv2%2Fproduct_cat&post=95305"},{"taxonomy":"product_tag","embeddable":true,"href":"https:\/\/www.autonvaraosahaku.fi\/index.php?rest_route=%2Fwp%2Fv2%2Fproduct_tag&post=95305"}],"curies":[{"name":"wp","href":"https:\/\/api.w.org\/{rel}","templated":true}]}}