{"id":95333,"date":"2021-02-21T21:58:45","date_gmt":"2021-02-21T21:58:45","guid":{"rendered":"https:\/\/www.autonvaraosahaku.fi\/?product=ashika-21-mi-mi7-raitisilmasuodatin"},"modified":"2021-02-21T21:58:46","modified_gmt":"2021-02-21T21:58:46","slug":"ashika-21-mi-mi7-raitisilmasuodatin","status":"publish","type":"product","link":"https:\/\/www.autonvaraosahaku.fi\/?product=ashika-21-mi-mi7-raitisilmasuodatin","title":{"rendered":"ASHIKA 21-MI-MI7 Raitisilmasuodatin"},"content":{"rendered":"<p>Pituus (mm): 215; Leveys (mm): 201; Korkeus (mm): 30; FIAT: FULLBACK Pick-up 502_, 503_; PEUGEOT: 4007 GP_; CITRO\u00cbN: C-CROSSER EP_,C4 AIRCROSS,C-CROSSER ENTERPRISE; NISSAN: X-TRAIL T30; MITSUBISHI: ASX GA_W_,OUTLANDER XL II CW_W,OUTLANDER III GG_W, GF_W, ZJ,LANCER SPORTBACK CX_A,LANCER Stufenheck CY\/Z_A,L200 KJ_; ISUZU: D-MAX TFR, TFS; 6447ZY, 6479E9, 7803A004, 7803A005, 7803A043, 7803A045, 7803A109, 7803A112, MZ690961, TS200001, 27277CL025, 999M1VS251, 6447ZX, 6479E9; Sis\u00e4ilmansuodatin,Suodatin, Sis\u00e4ilma<\/p>\n","protected":false},"excerpt":{"rendered":"<p>ASHIKA Raitisilmasuodatin 21-MI-MI7 Sis\u00e4ilmansuodatin,Suodatin, Sis\u00e4ilma FIAT,PEUGEOT,CITRO\u00cbN,FULLBACK Pick-up 502_, 503_,4007 GP_,C-CROSSER EP_<\/p>\n","protected":false},"featured_media":0,"template":"","meta":{"site-sidebar-layout":"default","site-content-layout":"default","ast-global-header-display":"","ast-main-header-display":"","ast-hfb-above-header-display":"","ast-hfb-below-header-display":"","ast-hfb-mobile-header-display":"","site-post-title":"","ast-breadcrumbs-content":"","ast-featured-img":"","footer-sml-layout":"","theme-transparent-header-meta":"","adv-header-id-meta":"","stick-header-meta":"","header-above-stick-meta":"","header-main-stick-meta":"","header-below-stick-meta":""},"pwb-brand":[102],"product_cat":[19],"product_tag":[],"class_list":{"0":"post-95333","1":"product","2":"type-product","3":"status-publish","5":"pwb-brand-ashika","6":"product_cat-raitisilmasuodatin","7":"desktop-align-left","8":"tablet-align-left","9":"mobile-align-left","11":"first","12":"instock","13":"product-type-external"},"brands":[{"id":102,"name":"ASHIKA","slug":"ashika"}],"_links":{"self":[{"href":"https:\/\/www.autonvaraosahaku.fi\/index.php?rest_route=\/wp\/v2\/product\/95333","targetHints":{"allow":["GET"]}}],"collection":[{"href":"https:\/\/www.autonvaraosahaku.fi\/index.php?rest_route=\/wp\/v2\/product"}],"about":[{"href":"https:\/\/www.autonvaraosahaku.fi\/index.php?rest_route=\/wp\/v2\/types\/product"}],"wp:attachment":[{"href":"https:\/\/www.autonvaraosahaku.fi\/index.php?rest_route=%2Fwp%2Fv2%2Fmedia&parent=95333"}],"wp:term":[{"taxonomy":"pwb-brand","embeddable":true,"href":"https:\/\/www.autonvaraosahaku.fi\/index.php?rest_route=%2Fwp%2Fv2%2Fpwb-brand&post=95333"},{"taxonomy":"product_cat","embeddable":true,"href":"https:\/\/www.autonvaraosahaku.fi\/index.php?rest_route=%2Fwp%2Fv2%2Fproduct_cat&post=95333"},{"taxonomy":"product_tag","embeddable":true,"href":"https:\/\/www.autonvaraosahaku.fi\/index.php?rest_route=%2Fwp%2Fv2%2Fproduct_tag&post=95333"}],"curies":[{"name":"wp","href":"https:\/\/api.w.org\/{rel}","templated":true}]}}