{"id":95348,"date":"2021-02-21T21:58:45","date_gmt":"2021-02-21T21:58:45","guid":{"rendered":"https:\/\/www.autonvaraosahaku.fi\/?product=vaico-v24-0054-moottorin-kumityyny"},"modified":"2021-02-21T21:58:52","modified_gmt":"2021-02-21T21:58:52","slug":"vaico-v24-0054-moottorin-kumityyny","status":"publish","type":"product","link":"https:\/\/www.autonvaraosahaku.fi\/?product=vaico-v24-0054-moottorin-kumityyny","title":{"rendered":"VAICO V24-0054 Moottorin kumityyny"},"content":{"rendered":"<p>Kiinnitysmalli: Kumimetallilaakeri; OE-numerolle: 9613 305 380; Asennuspuoli: Laakeripukissa, Moottorin puoli, Takana; Ulkol\u00e4pimitta [mm]: 70; Sis\u00e4l\u00e4pimitta [mm]: 10; Paino [kg]: 0,2; Pakkausleveys [cm]: 7,09; Pakkauskorkeus [mm]: 7,09; Pakkaussyvyys [cm]: 5,32; lis\u00e4tieto: CST99; Rakennemalli: Mot. Bracket; LANCIA: PHEDRA 179,ZETA 220; FIAT: SCUDO 270_,ULYSSE 179AX,SCUDO Kasten 270_,ULYSSE 220,SCUDO Kasten 220L,SCUDO Combinato 220P,SCUDO Pritsche\/Fahrgestell 270_,SCUDO Pritsche\/Fahrgestell 220_; CITRO\u00cbN: BERLINGO MF,XSARA PICASSO N68,C5 III Break TD_,C8 EA_, EB_,BERLINGO Kasten M_,C5 II Break RE_,C5 I DC_,C5 I Break DE_,C5 III RD_,XSARA N1,C5 II RC_,XSARA Break N2,JUMPY,JUMPY Kasten,XM Y4,XANTIA X2,XSARA Coupe N0,XANTIA X1,AX ZA-_,EVASION 22, U6,XANTIA Break X2,ZX N2,BX XB-_,JUMPY U6U,JUMPY Kasten BS_, BT_, BY_, BZ_,XM Y3,XANTIA Break X1,ZX Break N2,XM Break Y4,BX Break XB-_,C15 VD-_,JUMPY Pritsche\/Fahrgestell BU_, BV_, BW_, BX_,XM Break Y3,C15 Kombi,XSARA Kasten; PEUGEOT: 206 Schr\u00e4gheck 2A\/C,206 CC 2D,307 SW 3H,407 SW 6E_,307 3A\/C,206 SW 2E\/K,807 E,307 Break 3E,306 Schr\u00e4gheck 7A, 7C, N3, N5,607 9D, 9U,306 Cabriolet 7D, N3, N5,407 6D_,406 Break 8E\/F,PARTNER Combispace 5F,106 I 1A, 1C,205 II 20A\/C,PARTNER Kasten 5,406 Coupe 8C,306 Break 7E, N3, N5,406 8B,806 221,407 Coupe 6C_,EXPERT Tepee VF3V_,EXPERT Kasten VF3A_, VF3U_, VF3X_,306 7B, N3, N5,205 I Cabriolet 741B, 20D,EXPERT Kasten 222,309 II 3C, 3A,205 I 741A\/C,405 I 15B,206 Van,605 6B,EXPERT 224,405 II 4B,309 I 10C, 10A,306 Van N_, 7_,405 II Break 4E,405 I Break 15E,305 II 581M,305 II Break 581E,EXPERT Pritsche\/Fahrgestell 223,205 Kasten,EXPERT Pritsche\/Fahrgestell; 180916, 180921, 180929, 282711, 9606121080, 9613305380, 9616121080, 9637053480, 9606121080, 9613305380, 180916, 180921, 180929, 180932; Moottorin Tukikumit,Moottorin Tuki<\/p>\n","protected":false},"excerpt":{"rendered":"<p>VAICO Moottorin Kumityyny V24-0054 Moottorin Tukikumit,Moottorin Tuki LANCIA,FIAT,CITRO\u00cbN,PHEDRA 179,ZETA 220,SCUDO 270_,ULYSSE 179AX<\/p>\n","protected":false},"featured_media":0,"template":"","meta":{"site-sidebar-layout":"default","site-content-layout":"default","ast-global-header-display":"","ast-main-header-display":"","ast-hfb-above-header-display":"","ast-hfb-below-header-display":"","ast-hfb-mobile-header-display":"","site-post-title":"","ast-breadcrumbs-content":"","ast-featured-img":"","footer-sml-layout":"","theme-transparent-header-meta":"","adv-header-id-meta":"","stick-header-meta":"","header-above-stick-meta":"","header-main-stick-meta":"","header-below-stick-meta":""},"pwb-brand":[330],"product_cat":[74],"product_tag":[],"class_list":{"0":"post-95348","1":"product","2":"type-product","3":"status-publish","5":"pwb-brand-vaico","6":"product_cat-moottorin-kumityyny","7":"desktop-align-left","8":"tablet-align-left","9":"mobile-align-left","11":"first","12":"instock","13":"product-type-external"},"brands":[{"id":330,"name":"VAICO","slug":"vaico"}],"_links":{"self":[{"href":"https:\/\/www.autonvaraosahaku.fi\/index.php?rest_route=\/wp\/v2\/product\/95348","targetHints":{"allow":["GET"]}}],"collection":[{"href":"https:\/\/www.autonvaraosahaku.fi\/index.php?rest_route=\/wp\/v2\/product"}],"about":[{"href":"https:\/\/www.autonvaraosahaku.fi\/index.php?rest_route=\/wp\/v2\/types\/product"}],"wp:attachment":[{"href":"https:\/\/www.autonvaraosahaku.fi\/index.php?rest_route=%2Fwp%2Fv2%2Fmedia&parent=95348"}],"wp:term":[{"taxonomy":"pwb-brand","embeddable":true,"href":"https:\/\/www.autonvaraosahaku.fi\/index.php?rest_route=%2Fwp%2Fv2%2Fpwb-brand&post=95348"},{"taxonomy":"product_cat","embeddable":true,"href":"https:\/\/www.autonvaraosahaku.fi\/index.php?rest_route=%2Fwp%2Fv2%2Fproduct_cat&post=95348"},{"taxonomy":"product_tag","embeddable":true,"href":"https:\/\/www.autonvaraosahaku.fi\/index.php?rest_route=%2Fwp%2Fv2%2Fproduct_tag&post=95348"}],"curies":[{"name":"wp","href":"https:\/\/api.w.org\/{rel}","templated":true}]}}