{"id":95350,"date":"2021-02-21T21:58:53","date_gmt":"2021-02-21T21:58:53","guid":{"rendered":"https:\/\/www.autonvaraosahaku.fi\/?product=master-sport-13046039542n-set-ms-jarrupalat"},"modified":"2021-02-21T21:58:54","modified_gmt":"2021-02-21T21:58:54","slug":"master-sport-13046039542n-set-ms-jarrupalat","status":"publish","type":"product","link":"https:\/\/www.autonvaraosahaku.fi\/?product=master-sport-13046039542n-set-ms-jarrupalat","title":{"rendered":"MASTER-SPORT 13046039542N-SET-MS Jarrupalat"},"content":{"rendered":"<p>Paksuus [mm]: 11,0; Jarruj\u00e4rjestelm\u00e4: Bendix; Leveys (mm): 105,0; Korkeus (mm): 54,9; Kulumisenilmaisimen liitos: Ilman kulumisenilmaisinta; Korvaava tuote\/korvaava tiedote 2: Huudonvaimennuspellill\u00e4; Nettopaino [kg]: 0,81; Bruttopaino [kg]: 0,84; Asennuspuoli: Hinterachse; CITRO\u00cbN: ZX N2; PEUGEOT: 106 II 1,306 Schr\u00e4gheck 7A, 7C, N3, N5,306 Cabriolet 7D, N3, N5,205 II 20A\/C,306 Break 7E, N3, N5,306 7B, N3, N5,205 I Cabriolet 741B, 20D,309 II 3C, 3A,205 I 741A\/C,309 I 10C, 10A,306 Van N_, 7_; RENAULT: MEGANE I BA0\/1_,MEGANE I Cabriolet EA0\/1_,MEGANE I Classic LA0\/1_,MEGANE I Coach DA0\/1_,SUPER 5 B\/C40_,9 L42_,11 B\/C37_; 425146, 425197, 425274, 95659341, 95666971, 425071, 425104, 425148, 425256, 7701202210, 7701202308, 7701202662, 7701204626, 7701204664, 7701204845; Jarrupalasarja,Jarrupala, Levyjarru<\/p>\n","protected":false},"excerpt":{"rendered":"<p>MASTER-SPORT Jarrupalat Premium 13046039542N-SET-MS Jarrupalasarja,Jarrupala, Levyjarru CITRO\u00cbN,PEUGEOT,RENAULT,ZX N2,106 II 1<\/p>\n","protected":false},"featured_media":0,"template":"","meta":{"site-sidebar-layout":"default","site-content-layout":"default","ast-global-header-display":"","ast-main-header-display":"","ast-hfb-above-header-display":"","ast-hfb-below-header-display":"","ast-hfb-mobile-header-display":"","site-post-title":"","ast-breadcrumbs-content":"","ast-featured-img":"","footer-sml-layout":"","theme-transparent-header-meta":"","adv-header-id-meta":"","stick-header-meta":"","header-above-stick-meta":"","header-main-stick-meta":"","header-below-stick-meta":""},"pwb-brand":[61],"product_cat":[100],"product_tag":[],"class_list":{"0":"post-95350","1":"product","2":"type-product","3":"status-publish","5":"pwb-brand-master-sport","6":"product_cat-jarrupalat","7":"desktop-align-left","8":"tablet-align-left","9":"mobile-align-left","11":"first","12":"instock","13":"product-type-external"},"brands":[{"id":61,"name":"MASTER-SPORT","slug":"master-sport"}],"_links":{"self":[{"href":"https:\/\/www.autonvaraosahaku.fi\/index.php?rest_route=\/wp\/v2\/product\/95350","targetHints":{"allow":["GET"]}}],"collection":[{"href":"https:\/\/www.autonvaraosahaku.fi\/index.php?rest_route=\/wp\/v2\/product"}],"about":[{"href":"https:\/\/www.autonvaraosahaku.fi\/index.php?rest_route=\/wp\/v2\/types\/product"}],"wp:attachment":[{"href":"https:\/\/www.autonvaraosahaku.fi\/index.php?rest_route=%2Fwp%2Fv2%2Fmedia&parent=95350"}],"wp:term":[{"taxonomy":"pwb-brand","embeddable":true,"href":"https:\/\/www.autonvaraosahaku.fi\/index.php?rest_route=%2Fwp%2Fv2%2Fpwb-brand&post=95350"},{"taxonomy":"product_cat","embeddable":true,"href":"https:\/\/www.autonvaraosahaku.fi\/index.php?rest_route=%2Fwp%2Fv2%2Fproduct_cat&post=95350"},{"taxonomy":"product_tag","embeddable":true,"href":"https:\/\/www.autonvaraosahaku.fi\/index.php?rest_route=%2Fwp%2Fv2%2Fproduct_tag&post=95350"}],"curies":[{"name":"wp","href":"https:\/\/api.w.org\/{rel}","templated":true}]}}