{"id":95382,"date":"2021-02-21T21:59:02","date_gmt":"2021-02-21T21:59:02","guid":{"rendered":"https:\/\/www.autonvaraosahaku.fi\/?product=ridex-854s1043-iskunvaimennin"},"modified":"2021-02-21T21:59:07","modified_gmt":"2021-02-21T21:59:07","slug":"ridex-854s1043-iskunvaimennin","status":"publish","type":"product","link":"https:\/\/www.autonvaraosahaku.fi\/?product=ridex-854s1043-iskunvaimennin","title":{"rendered":"RIDEX 854S1043 Iskunvaimennin"},"content":{"rendered":"<p>Iskunvaimennin tyyppi: Kaasupaine; Iskunvaimennin malli: Vaimennin, jousituella; Iskunvaimennusj\u00e4rjestelm\u00e4: Kaksiputki, Vahvistettu vaimennus; Iskunvaimennin asennustapa: Tappi ylh\u00e4\u00e4ll\u00e4, Haarukka alhaalla, Purisitin alhaalla, Silta alhaalla, levyn alla; Vuosimalliin: 1999; Asennuspuoli: Etuakseli; Alustanumerosta: 8D-1-030001; VW: PASSAT Variant 3B6,PASSAT Variant 3B5,PASSAT 3B2,PASSAT 3B3; AUDI: A4 8D2, B5,A6 Avant 4B5, C5,A4 Avant 8D5, B5,A6 4B2, C5,TT Roadster 8N9; SKODA: SUPERB 3U4; 3B0413031H, 4B0412031AN, 4B0412031AP, 4B0412031BC, 4B0412031BD, 4B0412031BP, 4B0412031BQ, 4B0412031CD, 4B0412031CE, 4B0412031CF, 4B0412031K, 4B0412031L, 8D0413031BB, 8D0413031BC, 8D0413031BE, 8D0413031BG, 8D0413031BL, 8D0413031BN, 8D0413031BP, 8D0413031BQ, 4B0412031CD, 4B0412031CE, 3B0413031H, 4B0412031AN, 4B0412031AP, 4B0412031BC, 4B0412031BD, 4B0412031BP, 4B0412031BQ, 4B0412031CD, 4B0412031CE, 4B0412031CF, 4B0412031K, 4B0412031L, 8D0413031BB, 8D0413031BC, 8D0413031BE, 8D0413031BG, 8D0413031BL, 8D0413031BN, 8D0413031BP, 8D0413031BQ; Iskarit,Iskunvaimennin<\/p>\n","protected":false},"excerpt":{"rendered":"<p>RIDEX Iskunvaimentimet 854S1043 Iskarit,Iskunvaimennin VW,AUDI,SKODA,PASSAT Variant 3B6,PASSAT Variant 3B5,PASSAT 3B2,PASSAT 3B3,A4 8D2, B5<\/p>\n","protected":false},"featured_media":0,"template":"","meta":{"site-sidebar-layout":"default","site-content-layout":"default","ast-global-header-display":"","ast-main-header-display":"","ast-hfb-above-header-display":"","ast-hfb-below-header-display":"","ast-hfb-mobile-header-display":"","site-post-title":"","ast-breadcrumbs-content":"","ast-featured-img":"","footer-sml-layout":"","theme-transparent-header-meta":"","adv-header-id-meta":"","stick-header-meta":"","header-above-stick-meta":"","header-main-stick-meta":"","header-below-stick-meta":""},"pwb-brand":[157],"product_cat":[80],"product_tag":[],"class_list":{"0":"post-95382","1":"product","2":"type-product","3":"status-publish","5":"pwb-brand-ridex","6":"product_cat-iskunvaimennin","7":"desktop-align-left","8":"tablet-align-left","9":"mobile-align-left","11":"first","12":"instock","13":"product-type-external"},"brands":[{"id":157,"name":"RIDEX","slug":"ridex"}],"_links":{"self":[{"href":"https:\/\/www.autonvaraosahaku.fi\/index.php?rest_route=\/wp\/v2\/product\/95382","targetHints":{"allow":["GET"]}}],"collection":[{"href":"https:\/\/www.autonvaraosahaku.fi\/index.php?rest_route=\/wp\/v2\/product"}],"about":[{"href":"https:\/\/www.autonvaraosahaku.fi\/index.php?rest_route=\/wp\/v2\/types\/product"}],"wp:attachment":[{"href":"https:\/\/www.autonvaraosahaku.fi\/index.php?rest_route=%2Fwp%2Fv2%2Fmedia&parent=95382"}],"wp:term":[{"taxonomy":"pwb-brand","embeddable":true,"href":"https:\/\/www.autonvaraosahaku.fi\/index.php?rest_route=%2Fwp%2Fv2%2Fpwb-brand&post=95382"},{"taxonomy":"product_cat","embeddable":true,"href":"https:\/\/www.autonvaraosahaku.fi\/index.php?rest_route=%2Fwp%2Fv2%2Fproduct_cat&post=95382"},{"taxonomy":"product_tag","embeddable":true,"href":"https:\/\/www.autonvaraosahaku.fi\/index.php?rest_route=%2Fwp%2Fv2%2Fproduct_tag&post=95382"}],"curies":[{"name":"wp","href":"https:\/\/api.w.org\/{rel}","templated":true}]}}