{"id":9539,"date":"2021-02-21T14:06:12","date_gmt":"2021-02-21T14:06:12","guid":{"rendered":"https:\/\/www.autonvaraosahaku.fi\/?product=maxgear-60-0388-jouset"},"modified":"2021-02-21T14:06:13","modified_gmt":"2021-02-21T14:06:13","slug":"maxgear-60-0388-jouset","status":"publish","type":"product","link":"https:\/\/www.autonvaraosahaku.fi\/?product=maxgear-60-0388-jouset","title":{"rendered":"MAXGEAR 60-0388 Jouset"},"content":{"rendered":"<p>Asennuspuoli: Etuakseli; Pituus (mm): 373; Ulkol\u00e4pimitta [mm]: 148; L\u00e4pimitta [mm]: 12,5; Varusteet: f\u00fcr Fahrzeuge mit Niveauregulierung; OPEL: ASTRA H Caravan L35,ASTRA H L48,ASTRA H GTC L08,ASTRA H TwinTop L67,ASTRA H Stufenheck L69,ASTRA H Kasten L70; VAUXHALL: ASTRA Mk V H CC,ASTRA Mk V H Estate,ASTRAVAN Mk V H; 312256, 93179669; Kierrejousi<\/p>\n","protected":false},"excerpt":{"rendered":"<p>MAXGEAR Jousi 60-0388 Kierrejousi OPEL,VAUXHALL,ASTRA H Caravan L35,ASTRA H L48,ASTRA H GTC L08,ASTRA H TwinTop L67,ASTRA H Stufenheck L69<\/p>\n","protected":false},"featured_media":0,"template":"","meta":{"site-sidebar-layout":"default","site-content-layout":"default","ast-global-header-display":"","ast-main-header-display":"","ast-hfb-above-header-display":"","ast-hfb-below-header-display":"","ast-hfb-mobile-header-display":"","site-post-title":"","ast-breadcrumbs-content":"","ast-featured-img":"","footer-sml-layout":"","theme-transparent-header-meta":"","adv-header-id-meta":"","stick-header-meta":"","header-above-stick-meta":"","header-main-stick-meta":"","header-below-stick-meta":""},"pwb-brand":[48],"product_cat":[171],"product_tag":[],"class_list":{"0":"post-9539","1":"product","2":"type-product","3":"status-publish","5":"pwb-brand-maxgear","6":"product_cat-jouset","7":"desktop-align-left","8":"tablet-align-left","9":"mobile-align-left","11":"first","12":"instock","13":"product-type-external"},"brands":[{"id":48,"name":"MAXGEAR","slug":"maxgear"}],"_links":{"self":[{"href":"https:\/\/www.autonvaraosahaku.fi\/index.php?rest_route=\/wp\/v2\/product\/9539","targetHints":{"allow":["GET"]}}],"collection":[{"href":"https:\/\/www.autonvaraosahaku.fi\/index.php?rest_route=\/wp\/v2\/product"}],"about":[{"href":"https:\/\/www.autonvaraosahaku.fi\/index.php?rest_route=\/wp\/v2\/types\/product"}],"wp:attachment":[{"href":"https:\/\/www.autonvaraosahaku.fi\/index.php?rest_route=%2Fwp%2Fv2%2Fmedia&parent=9539"}],"wp:term":[{"taxonomy":"pwb-brand","embeddable":true,"href":"https:\/\/www.autonvaraosahaku.fi\/index.php?rest_route=%2Fwp%2Fv2%2Fpwb-brand&post=9539"},{"taxonomy":"product_cat","embeddable":true,"href":"https:\/\/www.autonvaraosahaku.fi\/index.php?rest_route=%2Fwp%2Fv2%2Fproduct_cat&post=9539"},{"taxonomy":"product_tag","embeddable":true,"href":"https:\/\/www.autonvaraosahaku.fi\/index.php?rest_route=%2Fwp%2Fv2%2Fproduct_tag&post=9539"}],"curies":[{"name":"wp","href":"https:\/\/api.w.org\/{rel}","templated":true}]}}