{"id":9542,"date":"2021-02-21T14:06:12","date_gmt":"2021-02-21T14:06:12","guid":{"rendered":"https:\/\/www.autonvaraosahaku.fi\/?product=van-wezel-5814593-puskurin-ritila"},"modified":"2021-02-21T14:06:13","modified_gmt":"2021-02-21T14:06:13","slug":"van-wezel-5814593-puskurin-ritila","status":"publish","type":"product","link":"https:\/\/www.autonvaraosahaku.fi\/?product=van-wezel-5814593-puskurin-ritila","title":{"rendered":"VAN WEZEL 5814593 Puskurin ritil\u00e4"},"content":{"rendered":"<p>Asennuspuoli: Eteen, vasen; V\u00e4ri: Kromi; Mekaanisesti ty\u00f6stetty: Aukko\/aukot sumuvaloille; Varustelumahdollisuudet: Comfortline; Ei varustelumuunnoksille: GTi \/ R-Line, CrossPolo \/ BlueMo.; Muotoilu: Koristelistalla; parilliset tuotenumerot: 5814594; Valmistusvuosi alkaen: 05\/2014; VW: POLO 6R, 6C,POLO Van 6R; 6C0854661, 6C0854661C, 6C0854661CRYP, 6C0854661RYP; Ritil\u00e4<\/p>\n","protected":false},"excerpt":{"rendered":"<p>VAN WEZEL Puskurin Ritil\u00e4 5814593 Ritil\u00e4 VW,POLO 6R, 6C,POLO Van 6R<\/p>\n","protected":false},"featured_media":0,"template":"","meta":{"site-sidebar-layout":"default","site-content-layout":"default","ast-global-header-display":"","ast-main-header-display":"","ast-hfb-above-header-display":"","ast-hfb-below-header-display":"","ast-hfb-mobile-header-display":"","site-post-title":"","ast-breadcrumbs-content":"","ast-featured-img":"","footer-sml-layout":"","theme-transparent-header-meta":"","adv-header-id-meta":"","stick-header-meta":"","header-above-stick-meta":"","header-main-stick-meta":"","header-below-stick-meta":""},"pwb-brand":[54],"product_cat":[259],"product_tag":[],"class_list":{"0":"post-9542","1":"product","2":"type-product","3":"status-publish","5":"pwb-brand-van-wezel","6":"product_cat-puskurin-ritila","7":"desktop-align-left","8":"tablet-align-left","9":"mobile-align-left","11":"first","12":"instock","13":"product-type-external"},"brands":[{"id":54,"name":"VAN WEZEL","slug":"van-wezel"}],"_links":{"self":[{"href":"https:\/\/www.autonvaraosahaku.fi\/index.php?rest_route=\/wp\/v2\/product\/9542","targetHints":{"allow":["GET"]}}],"collection":[{"href":"https:\/\/www.autonvaraosahaku.fi\/index.php?rest_route=\/wp\/v2\/product"}],"about":[{"href":"https:\/\/www.autonvaraosahaku.fi\/index.php?rest_route=\/wp\/v2\/types\/product"}],"wp:attachment":[{"href":"https:\/\/www.autonvaraosahaku.fi\/index.php?rest_route=%2Fwp%2Fv2%2Fmedia&parent=9542"}],"wp:term":[{"taxonomy":"pwb-brand","embeddable":true,"href":"https:\/\/www.autonvaraosahaku.fi\/index.php?rest_route=%2Fwp%2Fv2%2Fpwb-brand&post=9542"},{"taxonomy":"product_cat","embeddable":true,"href":"https:\/\/www.autonvaraosahaku.fi\/index.php?rest_route=%2Fwp%2Fv2%2Fproduct_cat&post=9542"},{"taxonomy":"product_tag","embeddable":true,"href":"https:\/\/www.autonvaraosahaku.fi\/index.php?rest_route=%2Fwp%2Fv2%2Fproduct_tag&post=9542"}],"curies":[{"name":"wp","href":"https:\/\/api.w.org\/{rel}","templated":true}]}}