{"id":95428,"date":"2021-02-21T21:59:19","date_gmt":"2021-02-21T21:59:19","guid":{"rendered":"https:\/\/www.autonvaraosahaku.fi\/?product=mapco-19425-alapallonivel"},"modified":"2021-02-21T21:59:26","modified_gmt":"2021-02-21T21:59:26","slug":"mapco-19425-alapallonivel","status":"publish","type":"product","link":"https:\/\/www.autonvaraosahaku.fi\/?product=mapco-19425-alapallonivel","title":{"rendered":"MAPCO 19425 Alapallonivel"},"content":{"rendered":"<p>Asennuspuoli: etuakseli molemminpuoleinen, Alla; Ulkokierre [mm]: M14x1,5; Tarvittava kappalem\u00e4\u00e4r\u00e4: 2; Alustanumerosta: 71358280; PEUGEOT: 607 9D, 9U,406 Break 8E\/F,406 Coupe 8C,406 8B,405 I 15B,605 6B,405 II 4B,405 II Break 4E,405 I Break 15E; CITRO\u00cbN: C5 II Break RE_,C5 I DC_,C5 I Break DE_,C5 II RC_,XM Y4,XANTIA X2,XANTIA X1,XANTIA Break X2,XM Y3,XANTIA Break X1,XM Break Y4,XM Break Y3; 364034, 364071, 95028039, 96233739, 364028, 364034, 364071; Pallonivel<\/p>\n","protected":false},"excerpt":{"rendered":"<p>MAPCO Alapallonivel 19425 Pallonivel PEUGEOT,CITRO\u00cbN,607 9D, 9U,406 Break 8E\/F,406 Coupe 8C,406 8B,405 I 15B,605 6B,405 II 4B,405 II Break 4E<\/p>\n","protected":false},"featured_media":0,"template":"","meta":{"site-sidebar-layout":"default","site-content-layout":"default","ast-global-header-display":"","ast-main-header-display":"","ast-hfb-above-header-display":"","ast-hfb-below-header-display":"","ast-hfb-mobile-header-display":"","site-post-title":"","ast-breadcrumbs-content":"","ast-featured-img":"","footer-sml-layout":"","theme-transparent-header-meta":"","adv-header-id-meta":"","stick-header-meta":"","header-above-stick-meta":"","header-main-stick-meta":"","header-below-stick-meta":""},"pwb-brand":[36],"product_cat":[93],"product_tag":[],"class_list":{"0":"post-95428","1":"product","2":"type-product","3":"status-publish","5":"pwb-brand-mapco","6":"product_cat-alapallonivel","7":"desktop-align-left","8":"tablet-align-left","9":"mobile-align-left","11":"first","12":"instock","13":"product-type-external"},"brands":[{"id":36,"name":"MAPCO","slug":"mapco"}],"_links":{"self":[{"href":"https:\/\/www.autonvaraosahaku.fi\/index.php?rest_route=\/wp\/v2\/product\/95428","targetHints":{"allow":["GET"]}}],"collection":[{"href":"https:\/\/www.autonvaraosahaku.fi\/index.php?rest_route=\/wp\/v2\/product"}],"about":[{"href":"https:\/\/www.autonvaraosahaku.fi\/index.php?rest_route=\/wp\/v2\/types\/product"}],"wp:attachment":[{"href":"https:\/\/www.autonvaraosahaku.fi\/index.php?rest_route=%2Fwp%2Fv2%2Fmedia&parent=95428"}],"wp:term":[{"taxonomy":"pwb-brand","embeddable":true,"href":"https:\/\/www.autonvaraosahaku.fi\/index.php?rest_route=%2Fwp%2Fv2%2Fpwb-brand&post=95428"},{"taxonomy":"product_cat","embeddable":true,"href":"https:\/\/www.autonvaraosahaku.fi\/index.php?rest_route=%2Fwp%2Fv2%2Fproduct_cat&post=95428"},{"taxonomy":"product_tag","embeddable":true,"href":"https:\/\/www.autonvaraosahaku.fi\/index.php?rest_route=%2Fwp%2Fv2%2Fproduct_tag&post=95428"}],"curies":[{"name":"wp","href":"https:\/\/api.w.org\/{rel}","templated":true}]}}