{"id":95472,"date":"2021-02-21T21:59:44","date_gmt":"2021-02-21T21:59:44","guid":{"rendered":"https:\/\/www.autonvaraosahaku.fi\/?product=mapco-15589-jarrulevyt"},"modified":"2021-02-21T21:59:46","modified_gmt":"2021-02-21T21:59:46","slug":"mapco-15589-jarrulevyt","status":"publish","type":"product","link":"https:\/\/www.autonvaraosahaku.fi\/?product=mapco-15589-jarrulevyt","title":{"rendered":"MAPCO 15589 Jarrulevyt"},"content":{"rendered":"<p>Asennuspuoli: Etuakseli; Ulkol\u00e4pimitta [mm]: 280; Jarrulevyn paksuus (mm): 9; Jarrulevytyyppi: Vakiomalli; Reikien m\u00e4\u00e4r\u00e4: 3; Korkeus (mm): 38; keskitt\u00e4misl\u00e4pimitta [mm]: 58; Sis\u00e4l\u00e4pimitta [mm]: 153,5; Reik\u00e4ympyr\u00e4-\u00d8 [mm]: 112; Reik\u00e4-\u00d8 [mm]: 12,5; Paino [kg]: 1,9; SMART: FORTWO Coupe 451,CITY-COUPE 450,FORTWO Cabrio 451,CABRIO 450,FORTWO Coupe 450,ROADSTER 452,FORTWO Cabrio 450,ROADSTER Coupe 452,CROSSBLADE 450; 0001431V003000000, 0004341V001, 0004341V001000000, 0004341V002, 0004341V002000000, 0004341V003000000, 004341V004000000, 4341V001000000, 4341V002000000, C0004341V001000000, Q004341V001, Q004341V002; Jarrulevy<\/p>\n","protected":false},"excerpt":{"rendered":"<p>MAPCO Jarrulevyt 15589 Jarrulevy SMART,FORTWO Coupe 451,CITY-COUPE 450,FORTWO Cabrio 451,CABRIO 450,FORTWO Coupe 450,ROADSTER 452,FORTWO Cabrio 450<\/p>\n","protected":false},"featured_media":0,"template":"","meta":{"site-sidebar-layout":"default","site-content-layout":"default","ast-global-header-display":"","ast-main-header-display":"","ast-hfb-above-header-display":"","ast-hfb-below-header-display":"","ast-hfb-mobile-header-display":"","site-post-title":"","ast-breadcrumbs-content":"","ast-featured-img":"","footer-sml-layout":"","theme-transparent-header-meta":"","adv-header-id-meta":"","stick-header-meta":"","header-above-stick-meta":"","header-main-stick-meta":"","header-below-stick-meta":""},"pwb-brand":[36],"product_cat":[66],"product_tag":[],"class_list":{"0":"post-95472","1":"product","2":"type-product","3":"status-publish","5":"pwb-brand-mapco","6":"product_cat-jarrulevyt","7":"desktop-align-left","8":"tablet-align-left","9":"mobile-align-left","11":"first","12":"instock","13":"product-type-external"},"brands":[{"id":36,"name":"MAPCO","slug":"mapco"}],"_links":{"self":[{"href":"https:\/\/www.autonvaraosahaku.fi\/index.php?rest_route=\/wp\/v2\/product\/95472","targetHints":{"allow":["GET"]}}],"collection":[{"href":"https:\/\/www.autonvaraosahaku.fi\/index.php?rest_route=\/wp\/v2\/product"}],"about":[{"href":"https:\/\/www.autonvaraosahaku.fi\/index.php?rest_route=\/wp\/v2\/types\/product"}],"wp:attachment":[{"href":"https:\/\/www.autonvaraosahaku.fi\/index.php?rest_route=%2Fwp%2Fv2%2Fmedia&parent=95472"}],"wp:term":[{"taxonomy":"pwb-brand","embeddable":true,"href":"https:\/\/www.autonvaraosahaku.fi\/index.php?rest_route=%2Fwp%2Fv2%2Fpwb-brand&post=95472"},{"taxonomy":"product_cat","embeddable":true,"href":"https:\/\/www.autonvaraosahaku.fi\/index.php?rest_route=%2Fwp%2Fv2%2Fproduct_cat&post=95472"},{"taxonomy":"product_tag","embeddable":true,"href":"https:\/\/www.autonvaraosahaku.fi\/index.php?rest_route=%2Fwp%2Fv2%2Fproduct_tag&post=95472"}],"curies":[{"name":"wp","href":"https:\/\/api.w.org\/{rel}","templated":true}]}}