{"id":95484,"date":"2021-02-21T21:59:44","date_gmt":"2021-02-21T21:59:44","guid":{"rendered":"https:\/\/www.autonvaraosahaku.fi\/?product=japanparts-fc-k17s-polttoainesuodatin"},"modified":"2021-02-21T21:59:50","modified_gmt":"2021-02-21T21:59:50","slug":"japanparts-fc-k17s-polttoainesuodatin","status":"publish","type":"product","link":"https:\/\/www.autonvaraosahaku.fi\/?product=japanparts-fc-k17s-polttoainesuodatin","title":{"rendered":"JAPANPARTS FC-K17S Polttoainesuodatin"},"content":{"rendered":"<p>Suodatintyyppi: Letkusuodatin; Pituus (mm): 131; Ulkol\u00e4pimitta [mm]: 113; L\u00e4pimitta 1\/l\u00e4pimitta 2 [mm]: IN:12\/OUT:16; Asennuspuoli: hydrauliikkapumpusta ohjausvaihteeseen, polttoaines\u00e4ili\u00f6ss\u00e4; KIA: PICANTO BA,CEE&#8217;D JD,PICANTO TA,CEE`D Sportswagon JD,PRO CEE\u00b4D JD,RIO III Stufenheck UB,PICANTO JA; 3111207000<\/p>\n","protected":false},"excerpt":{"rendered":"<p>JAPANPARTS Polttoainesuodatin FC-K17S  KIA,PICANTO BA,CEE&#8217;D JD,PICANTO TA,CEE`D Sportswagon JD,PRO CEE\u00b4D JD,RIO III Stufenheck UB,PICANTO JA<\/p>\n","protected":false},"featured_media":0,"template":"","meta":{"site-sidebar-layout":"default","site-content-layout":"default","ast-global-header-display":"","ast-main-header-display":"","ast-hfb-above-header-display":"","ast-hfb-below-header-display":"","ast-hfb-mobile-header-display":"","site-post-title":"","ast-breadcrumbs-content":"","ast-featured-img":"","footer-sml-layout":"","theme-transparent-header-meta":"","adv-header-id-meta":"","stick-header-meta":"","header-above-stick-meta":"","header-main-stick-meta":"","header-below-stick-meta":""},"pwb-brand":[334],"product_cat":[29],"product_tag":[],"class_list":{"0":"post-95484","1":"product","2":"type-product","3":"status-publish","5":"pwb-brand-japanparts","6":"product_cat-polttoainesuodatin","7":"desktop-align-left","8":"tablet-align-left","9":"mobile-align-left","11":"first","12":"instock","13":"product-type-external"},"brands":[{"id":334,"name":"JAPANPARTS","slug":"japanparts"}],"_links":{"self":[{"href":"https:\/\/www.autonvaraosahaku.fi\/index.php?rest_route=\/wp\/v2\/product\/95484","targetHints":{"allow":["GET"]}}],"collection":[{"href":"https:\/\/www.autonvaraosahaku.fi\/index.php?rest_route=\/wp\/v2\/product"}],"about":[{"href":"https:\/\/www.autonvaraosahaku.fi\/index.php?rest_route=\/wp\/v2\/types\/product"}],"wp:attachment":[{"href":"https:\/\/www.autonvaraosahaku.fi\/index.php?rest_route=%2Fwp%2Fv2%2Fmedia&parent=95484"}],"wp:term":[{"taxonomy":"pwb-brand","embeddable":true,"href":"https:\/\/www.autonvaraosahaku.fi\/index.php?rest_route=%2Fwp%2Fv2%2Fpwb-brand&post=95484"},{"taxonomy":"product_cat","embeddable":true,"href":"https:\/\/www.autonvaraosahaku.fi\/index.php?rest_route=%2Fwp%2Fv2%2Fproduct_cat&post=95484"},{"taxonomy":"product_tag","embeddable":true,"href":"https:\/\/www.autonvaraosahaku.fi\/index.php?rest_route=%2Fwp%2Fv2%2Fproduct_tag&post=95484"}],"curies":[{"name":"wp","href":"https:\/\/api.w.org\/{rel}","templated":true}]}}