{"id":95487,"date":"2021-02-21T21:59:44","date_gmt":"2021-02-21T21:59:44","guid":{"rendered":"https:\/\/www.autonvaraosahaku.fi\/?product=corteco-12053671-venttiilinvarren-kumit"},"modified":"2021-02-21T21:59:52","modified_gmt":"2021-02-21T21:59:52","slug":"corteco-12053671-venttiilinvarren-kumit","status":"publish","type":"product","link":"https:\/\/www.autonvaraosahaku.fi\/?product=corteco-12053671-venttiilinvarren-kumit","title":{"rendered":"CORTECO 12053671 Venttiilinvarren kumit"},"content":{"rendered":"<p>Sis\u00e4l\u00e4pimitta 1 [mm]: 6; Ulkol\u00e4pimitta 1 [mm]: 10; Ulkol\u00e4pimitta 2 [mm]: 20; Korkeus 1 (mm): 18,70; Materiaali: FPM (fluori-kumi); Tarvittava kappalem\u00e4\u00e4r\u00e4: 16; LAND ROVER: FREELANDER 2 FA_,RANGE ROVER EVOQUE LV; FORD: MONDEO IV Turnier BA7,S-MAX WA6,FOCUS III Turnier,GALAXY WA6,KUGA I,FOCUS III,MONDEO IV BA7,FOCUS III Stufenheck,MONDEO IV Stufenheck BA7,MONDEO V Turnier,MONDEO V Stufenheck,MONDEO V Schr\u00e4gheck,FOCUS III Kasten\/Schr\u00e4gheck; FIAT: ULYSSE 179AX; CITRO\u00cbN: C5 III Break TD_,C8 EA_, EB_,C5 II Break RE_,C5 III RD_,C5 II RC_,C6 TD_; PEUGEOT: 407 SW 6E_,807 E,5008,607 9D, 9U; 9653389180, 095658, 095663, 9653389180, 1427818, 6G9Q6571AA, 9653389180, LR001242, MN982147<\/p>\n","protected":false},"excerpt":{"rendered":"<p>CORTECO Tiiviste, Venttiilivarsi 12053671  LAND ROVER,FORD,FIAT,FREELANDER 2 FA_,RANGE ROVER EVOQUE LV,MONDEO IV Turnier BA7,S-MAX WA6<\/p>\n","protected":false},"featured_media":0,"template":"","meta":{"site-sidebar-layout":"default","site-content-layout":"default","ast-global-header-display":"","ast-main-header-display":"","ast-hfb-above-header-display":"","ast-hfb-below-header-display":"","ast-hfb-mobile-header-display":"","site-post-title":"","ast-breadcrumbs-content":"","ast-featured-img":"","footer-sml-layout":"","theme-transparent-header-meta":"","adv-header-id-meta":"","stick-header-meta":"","header-above-stick-meta":"","header-main-stick-meta":"","header-below-stick-meta":""},"pwb-brand":[53],"product_cat":[170],"product_tag":[],"class_list":{"0":"post-95487","1":"product","2":"type-product","3":"status-publish","5":"pwb-brand-corteco","6":"product_cat-venttiilinvarren-kumit","7":"desktop-align-left","8":"tablet-align-left","9":"mobile-align-left","11":"first","12":"instock","13":"product-type-external"},"brands":[{"id":53,"name":"CORTECO","slug":"corteco"}],"_links":{"self":[{"href":"https:\/\/www.autonvaraosahaku.fi\/index.php?rest_route=\/wp\/v2\/product\/95487","targetHints":{"allow":["GET"]}}],"collection":[{"href":"https:\/\/www.autonvaraosahaku.fi\/index.php?rest_route=\/wp\/v2\/product"}],"about":[{"href":"https:\/\/www.autonvaraosahaku.fi\/index.php?rest_route=\/wp\/v2\/types\/product"}],"wp:attachment":[{"href":"https:\/\/www.autonvaraosahaku.fi\/index.php?rest_route=%2Fwp%2Fv2%2Fmedia&parent=95487"}],"wp:term":[{"taxonomy":"pwb-brand","embeddable":true,"href":"https:\/\/www.autonvaraosahaku.fi\/index.php?rest_route=%2Fwp%2Fv2%2Fpwb-brand&post=95487"},{"taxonomy":"product_cat","embeddable":true,"href":"https:\/\/www.autonvaraosahaku.fi\/index.php?rest_route=%2Fwp%2Fv2%2Fproduct_cat&post=95487"},{"taxonomy":"product_tag","embeddable":true,"href":"https:\/\/www.autonvaraosahaku.fi\/index.php?rest_route=%2Fwp%2Fv2%2Fproduct_tag&post=95487"}],"curies":[{"name":"wp","href":"https:\/\/api.w.org\/{rel}","templated":true}]}}