{"id":95488,"date":"2021-02-21T21:59:44","date_gmt":"2021-02-21T21:59:44","guid":{"rendered":"https:\/\/www.autonvaraosahaku.fi\/?product=meyle-029-680-2700-pyyhkijansulat"},"modified":"2021-02-21T21:59:52","modified_gmt":"2021-02-21T21:59:52","slug":"meyle-029-680-2700-pyyhkijansulat","status":"publish","type":"product","link":"https:\/\/www.autonvaraosahaku.fi\/?product=meyle-029-680-2700-pyyhkijansulat","title":{"rendered":"MEYLE 029 680 2700 Pyyhkij\u00e4nsulat"},"content":{"rendered":"<p>Asennuspuoli: Edess\u00e4, fahrerseitig; Pituus (mm): 680; Pituus (tuumaa): 27; Huomioi huolto-ohjeet: ; Pyyhkij\u00e4nsulkatyyppi: Flatblade-pyyhinsulka (rungoton); AUDI: A8 4H_,A8 4N2, 4N8; MERCEDES-BENZ: S-CLASS W221; OPEL: ASTRA J Sports Tourer,ASTRA J,MERIVA B,ASTRA J Stufenheck,CASCADA W13; FORD: MONDEO V Turnier,MONDEO V Stufenheck,MONDEO V Schr\u00e4gheck; PEUGEOT: 5008,3008; RENAULT: ESPACE IV JK0\/1_; Tuulilasinpyyhkimet,Pyyhkij\u00e4t,Pyyhkij\u00e4nsulka<\/p>\n","protected":false},"excerpt":{"rendered":"<p>MEYLE Pyyhkij\u00e4nsulat 029 680 2700 Tuulilasinpyyhkimet,Pyyhkij\u00e4t AUDI,MERCEDES-BENZ,OPEL,A8 4H_,A8 4N2, 4N8,S-CLASS W221,ASTRA J Sports Tourer,ASTRA J<\/p>\n","protected":false},"featured_media":0,"template":"","meta":{"site-sidebar-layout":"default","site-content-layout":"default","ast-global-header-display":"","ast-main-header-display":"","ast-hfb-above-header-display":"","ast-hfb-below-header-display":"","ast-hfb-mobile-header-display":"","site-post-title":"","ast-breadcrumbs-content":"","ast-featured-img":"","footer-sml-layout":"","theme-transparent-header-meta":"","adv-header-id-meta":"","stick-header-meta":"","header-above-stick-meta":"","header-main-stick-meta":"","header-below-stick-meta":""},"pwb-brand":[84],"product_cat":[33],"product_tag":[],"class_list":{"0":"post-95488","1":"product","2":"type-product","3":"status-publish","5":"pwb-brand-meyle","6":"product_cat-pyyhkijansulat","7":"desktop-align-left","8":"tablet-align-left","9":"mobile-align-left","11":"first","12":"instock","13":"product-type-external"},"brands":[{"id":84,"name":"MEYLE","slug":"meyle"}],"_links":{"self":[{"href":"https:\/\/www.autonvaraosahaku.fi\/index.php?rest_route=\/wp\/v2\/product\/95488","targetHints":{"allow":["GET"]}}],"collection":[{"href":"https:\/\/www.autonvaraosahaku.fi\/index.php?rest_route=\/wp\/v2\/product"}],"about":[{"href":"https:\/\/www.autonvaraosahaku.fi\/index.php?rest_route=\/wp\/v2\/types\/product"}],"wp:attachment":[{"href":"https:\/\/www.autonvaraosahaku.fi\/index.php?rest_route=%2Fwp%2Fv2%2Fmedia&parent=95488"}],"wp:term":[{"taxonomy":"pwb-brand","embeddable":true,"href":"https:\/\/www.autonvaraosahaku.fi\/index.php?rest_route=%2Fwp%2Fv2%2Fpwb-brand&post=95488"},{"taxonomy":"product_cat","embeddable":true,"href":"https:\/\/www.autonvaraosahaku.fi\/index.php?rest_route=%2Fwp%2Fv2%2Fproduct_cat&post=95488"},{"taxonomy":"product_tag","embeddable":true,"href":"https:\/\/www.autonvaraosahaku.fi\/index.php?rest_route=%2Fwp%2Fv2%2Fproduct_tag&post=95488"}],"curies":[{"name":"wp","href":"https:\/\/api.w.org\/{rel}","templated":true}]}}