{"id":95500,"date":"2021-02-21T21:59:53","date_gmt":"2021-02-21T21:59:53","guid":{"rendered":"https:\/\/www.autonvaraosahaku.fi\/?product=meyle-300-343-2104-jarruletku"},"modified":"2021-02-21T21:59:58","modified_gmt":"2021-02-21T21:59:58","slug":"meyle-300-343-2104-jarruletku","status":"publish","type":"product","link":"https:\/\/www.autonvaraosahaku.fi\/?product=meyle-300-343-2104-jarruletku","title":{"rendered":"MEYLE 300 343 2104 Jarruletku"},"content":{"rendered":"<p>Asennuspuoli: Etuakseli; Pituus (mm): 448; Sis\u00e4kierre (mm): M10x1; Ulkokierre [mm]: M10x1; Tarvittava kappalem\u00e4\u00e4r\u00e4: 2; lis\u00e4tieto: ORIGINAL Quality; Valmistusvuosi alkaen: 08\/1987; BMW: 5 E28,6 E24; 34321159889<\/p>\n","protected":false},"excerpt":{"rendered":"<p>MEYLE Jarruletku 300 343 2104  BMW,5 E28,6 E24<\/p>\n","protected":false},"featured_media":0,"template":"","meta":{"site-sidebar-layout":"default","site-content-layout":"default","ast-global-header-display":"","ast-main-header-display":"","ast-hfb-above-header-display":"","ast-hfb-below-header-display":"","ast-hfb-mobile-header-display":"","site-post-title":"","ast-breadcrumbs-content":"","ast-featured-img":"","footer-sml-layout":"","theme-transparent-header-meta":"","adv-header-id-meta":"","stick-header-meta":"","header-above-stick-meta":"","header-main-stick-meta":"","header-below-stick-meta":""},"pwb-brand":[84],"product_cat":[70],"product_tag":[],"class_list":{"0":"post-95500","1":"product","2":"type-product","3":"status-publish","5":"pwb-brand-meyle","6":"product_cat-jarruletku","7":"desktop-align-left","8":"tablet-align-left","9":"mobile-align-left","11":"first","12":"instock","13":"product-type-external"},"brands":[{"id":84,"name":"MEYLE","slug":"meyle"}],"_links":{"self":[{"href":"https:\/\/www.autonvaraosahaku.fi\/index.php?rest_route=\/wp\/v2\/product\/95500","targetHints":{"allow":["GET"]}}],"collection":[{"href":"https:\/\/www.autonvaraosahaku.fi\/index.php?rest_route=\/wp\/v2\/product"}],"about":[{"href":"https:\/\/www.autonvaraosahaku.fi\/index.php?rest_route=\/wp\/v2\/types\/product"}],"wp:attachment":[{"href":"https:\/\/www.autonvaraosahaku.fi\/index.php?rest_route=%2Fwp%2Fv2%2Fmedia&parent=95500"}],"wp:term":[{"taxonomy":"pwb-brand","embeddable":true,"href":"https:\/\/www.autonvaraosahaku.fi\/index.php?rest_route=%2Fwp%2Fv2%2Fpwb-brand&post=95500"},{"taxonomy":"product_cat","embeddable":true,"href":"https:\/\/www.autonvaraosahaku.fi\/index.php?rest_route=%2Fwp%2Fv2%2Fproduct_cat&post=95500"},{"taxonomy":"product_tag","embeddable":true,"href":"https:\/\/www.autonvaraosahaku.fi\/index.php?rest_route=%2Fwp%2Fv2%2Fproduct_tag&post=95500"}],"curies":[{"name":"wp","href":"https:\/\/api.w.org\/{rel}","templated":true}]}}