{"id":95519,"date":"2021-02-21T22:00:02","date_gmt":"2021-02-21T22:00:02","guid":{"rendered":"https:\/\/www.autonvaraosahaku.fi\/?product=koni-80-1781-iskunvaimennin"},"modified":"2021-02-21T22:00:06","modified_gmt":"2021-02-21T22:00:06","slug":"koni-80-1781-iskunvaimennin","status":"publish","type":"product","link":"https:\/\/www.autonvaraosahaku.fi\/?product=koni-80-1781-iskunvaimennin","title":{"rendered":"KONI 80-1781 Iskunvaimennin"},"content":{"rendered":"<p>Asennuspuoli: Taka-akseli; Iskunvaimennin tyyppi: \u00d6ljypaine; Iskunvaimennusj\u00e4rjestelm\u00e4: Kaksiputki, S\u00e4\u00e4dett\u00e4v\u00e4; suurin pituus [mm]: 473; v\u00e4h. pituus [mm]: 308; Tuning: 1; Valmistusvuoteen: 06\/1978; ALFA ROMEO: SPIDER 115,SPIDER 105,GIULIA,GIULIA GT; 105142507003, 115602507000; Iskarit,Iskunvaimennin<\/p>\n","protected":false},"excerpt":{"rendered":"<p>KONI Iskunvaimentimet CLASSIC RED 80-1781 Iskarit,Iskunvaimennin ALFA ROMEO,SPIDER 115,SPIDER 105,GIULIA,GIULIA GT<\/p>\n","protected":false},"featured_media":0,"template":"","meta":{"site-sidebar-layout":"default","site-content-layout":"default","ast-global-header-display":"","ast-main-header-display":"","ast-hfb-above-header-display":"","ast-hfb-below-header-display":"","ast-hfb-mobile-header-display":"","site-post-title":"","ast-breadcrumbs-content":"","ast-featured-img":"","footer-sml-layout":"","theme-transparent-header-meta":"","adv-header-id-meta":"","stick-header-meta":"","header-above-stick-meta":"","header-main-stick-meta":"","header-below-stick-meta":""},"pwb-brand":[517],"product_cat":[80],"product_tag":[],"class_list":{"0":"post-95519","1":"product","2":"type-product","3":"status-publish","5":"pwb-brand-koni","6":"product_cat-iskunvaimennin","7":"desktop-align-left","8":"tablet-align-left","9":"mobile-align-left","11":"first","12":"instock","13":"product-type-external"},"brands":[{"id":517,"name":"KONI","slug":"koni"}],"_links":{"self":[{"href":"https:\/\/www.autonvaraosahaku.fi\/index.php?rest_route=\/wp\/v2\/product\/95519","targetHints":{"allow":["GET"]}}],"collection":[{"href":"https:\/\/www.autonvaraosahaku.fi\/index.php?rest_route=\/wp\/v2\/product"}],"about":[{"href":"https:\/\/www.autonvaraosahaku.fi\/index.php?rest_route=\/wp\/v2\/types\/product"}],"wp:attachment":[{"href":"https:\/\/www.autonvaraosahaku.fi\/index.php?rest_route=%2Fwp%2Fv2%2Fmedia&parent=95519"}],"wp:term":[{"taxonomy":"pwb-brand","embeddable":true,"href":"https:\/\/www.autonvaraosahaku.fi\/index.php?rest_route=%2Fwp%2Fv2%2Fpwb-brand&post=95519"},{"taxonomy":"product_cat","embeddable":true,"href":"https:\/\/www.autonvaraosahaku.fi\/index.php?rest_route=%2Fwp%2Fv2%2Fproduct_cat&post=95519"},{"taxonomy":"product_tag","embeddable":true,"href":"https:\/\/www.autonvaraosahaku.fi\/index.php?rest_route=%2Fwp%2Fv2%2Fproduct_tag&post=95519"}],"curies":[{"name":"wp","href":"https:\/\/api.w.org\/{rel}","templated":true}]}}