{"id":95529,"date":"2021-02-21T22:00:02","date_gmt":"2021-02-21T22:00:02","guid":{"rendered":"https:\/\/www.autonvaraosahaku.fi\/?product=bilstein-22-170071-iskunvaimennin"},"modified":"2021-02-21T22:00:10","modified_gmt":"2021-02-21T22:00:10","slug":"bilstein-22-170071-iskunvaimennin","status":"publish","type":"product","link":"https:\/\/www.autonvaraosahaku.fi\/?product=bilstein-22-170071-iskunvaimennin","title":{"rendered":"BILSTEIN 22-170071 Iskunvaimennin"},"content":{"rendered":"<p>Asennuspuoli: Etuakseli; Iskunvaimennin tyyppi: Kaasupaine; Iskunvaimennin malli: Joustintuki; Iskunvaimennusj\u00e4rjestelm\u00e4: Kaksiputki; Tuotelinja: &#8211; B4 OE Replacement; Alustarakenne: f\u00fcr Fahrzeuge mit Standard Fahrwerk; AUDI: TT 8J3,TT Roadster 8J9; 8J0413029G, 8J0413029N, 8J0413031AA, 8J0413031AD, 8J0413031M, 8J0413031N, 8J0413031P, 8J0413031Q, 8J0413031R, 8J0413031S, 8J0413031T; Iskarit,Iskunvaimennin<\/p>\n","protected":false},"excerpt":{"rendered":"<p>BILSTEIN Iskunvaimentimet 22-170071 Iskarit,Iskunvaimennin AUDI,TT 8J3,TT Roadster 8J9<\/p>\n","protected":false},"featured_media":0,"template":"","meta":{"site-sidebar-layout":"default","site-content-layout":"default","ast-global-header-display":"","ast-main-header-display":"","ast-hfb-above-header-display":"","ast-hfb-below-header-display":"","ast-hfb-mobile-header-display":"","site-post-title":"","ast-breadcrumbs-content":"","ast-featured-img":"","footer-sml-layout":"","theme-transparent-header-meta":"","adv-header-id-meta":"","stick-header-meta":"","header-above-stick-meta":"","header-main-stick-meta":"","header-below-stick-meta":""},"pwb-brand":[114],"product_cat":[80],"product_tag":[],"class_list":{"0":"post-95529","1":"product","2":"type-product","3":"status-publish","5":"pwb-brand-bilstein","6":"product_cat-iskunvaimennin","7":"desktop-align-left","8":"tablet-align-left","9":"mobile-align-left","11":"first","12":"instock","13":"product-type-external"},"brands":[{"id":114,"name":"BILSTEIN","slug":"bilstein"}],"_links":{"self":[{"href":"https:\/\/www.autonvaraosahaku.fi\/index.php?rest_route=\/wp\/v2\/product\/95529","targetHints":{"allow":["GET"]}}],"collection":[{"href":"https:\/\/www.autonvaraosahaku.fi\/index.php?rest_route=\/wp\/v2\/product"}],"about":[{"href":"https:\/\/www.autonvaraosahaku.fi\/index.php?rest_route=\/wp\/v2\/types\/product"}],"wp:attachment":[{"href":"https:\/\/www.autonvaraosahaku.fi\/index.php?rest_route=%2Fwp%2Fv2%2Fmedia&parent=95529"}],"wp:term":[{"taxonomy":"pwb-brand","embeddable":true,"href":"https:\/\/www.autonvaraosahaku.fi\/index.php?rest_route=%2Fwp%2Fv2%2Fpwb-brand&post=95529"},{"taxonomy":"product_cat","embeddable":true,"href":"https:\/\/www.autonvaraosahaku.fi\/index.php?rest_route=%2Fwp%2Fv2%2Fproduct_cat&post=95529"},{"taxonomy":"product_tag","embeddable":true,"href":"https:\/\/www.autonvaraosahaku.fi\/index.php?rest_route=%2Fwp%2Fv2%2Fproduct_tag&post=95529"}],"curies":[{"name":"wp","href":"https:\/\/api.w.org\/{rel}","templated":true}]}}