{"id":95537,"date":"2021-02-21T22:00:12","date_gmt":"2021-02-21T22:00:12","guid":{"rendered":"https:\/\/www.autonvaraosahaku.fi\/?product=mahle-original-hx-46d2-automaattivaihteiston-suodatin"},"modified":"2021-02-21T22:00:15","modified_gmt":"2021-02-21T22:00:15","slug":"mahle-original-hx-46d2-automaattivaihteiston-suodatin","status":"publish","type":"product","link":"https:\/\/www.autonvaraosahaku.fi\/?product=mahle-original-hx-46d2-automaattivaihteiston-suodatin","title":{"rendered":"MAHLE ORIGINAL HX 46D2 Automaattivaihteiston suodatin"},"content":{"rendered":"<p>Vaihteistomalli: Automaattivaihteisto; Suodatintyyppi: Suodatinpanos; Korkeus (mm): 23,0; Korkeus 1 (mm): 20,0; Kokonaispituus (mm): 189,7; Leveys (mm): 174,5; Sis\u00e4l\u00e4pimitta 1 [mm]: 33,0; Lis\u00e4tarvike\/lis\u00e4tieto: Tiivisteill\u00e4; Tiivistetyyppi: Komposiitti-tiiviste, Komposiitti-tiiviste; Vaihteistonumero: 722.400-722.440; MERCEDES-BENZ: C-CLASS W202,190 W201,E-CLASS W210,Stufenheck W124,E-CLASS Kombi S210,SL R129,C-CLASS Kombi S202,Stufenheck W123,S-CLASS W126,KOMBI Kombi S124,E-CLASS W124,COUPE C124,E-CLASS Kombi S124,COUPE C123,KOMBI Kombi S123,E-CLASS Cabriolet A124,E-CLASS Coupe C124; PORSCHE: 928; 1262770295, 2012710380, A1262770295, A2012710380<\/p>\n","protected":false},"excerpt":{"rendered":"<p>MAHLE ORIGINAL Hydrauliikkasuodatin, Automaattivaihteisto HX 46D2  MERCEDES-BENZ,PORSCHE,C-CLASS W202,190 W201,E-CLASS W210,Stufenheck W124<\/p>\n","protected":false},"featured_media":0,"template":"","meta":{"site-sidebar-layout":"default","site-content-layout":"default","ast-global-header-display":"","ast-main-header-display":"","ast-hfb-above-header-display":"","ast-hfb-below-header-display":"","ast-hfb-mobile-header-display":"","site-post-title":"","ast-breadcrumbs-content":"","ast-featured-img":"","footer-sml-layout":"","theme-transparent-header-meta":"","adv-header-id-meta":"","stick-header-meta":"","header-above-stick-meta":"","header-main-stick-meta":"","header-below-stick-meta":""},"pwb-brand":[153],"product_cat":[141],"product_tag":[],"class_list":{"0":"post-95537","1":"product","2":"type-product","3":"status-publish","5":"pwb-brand-mahle-original","6":"product_cat-automaattivaihteiston-suodatin","7":"desktop-align-left","8":"tablet-align-left","9":"mobile-align-left","11":"first","12":"instock","13":"product-type-external"},"brands":[{"id":153,"name":"MAHLE ORIGINAL","slug":"mahle-original"}],"_links":{"self":[{"href":"https:\/\/www.autonvaraosahaku.fi\/index.php?rest_route=\/wp\/v2\/product\/95537","targetHints":{"allow":["GET"]}}],"collection":[{"href":"https:\/\/www.autonvaraosahaku.fi\/index.php?rest_route=\/wp\/v2\/product"}],"about":[{"href":"https:\/\/www.autonvaraosahaku.fi\/index.php?rest_route=\/wp\/v2\/types\/product"}],"wp:attachment":[{"href":"https:\/\/www.autonvaraosahaku.fi\/index.php?rest_route=%2Fwp%2Fv2%2Fmedia&parent=95537"}],"wp:term":[{"taxonomy":"pwb-brand","embeddable":true,"href":"https:\/\/www.autonvaraosahaku.fi\/index.php?rest_route=%2Fwp%2Fv2%2Fpwb-brand&post=95537"},{"taxonomy":"product_cat","embeddable":true,"href":"https:\/\/www.autonvaraosahaku.fi\/index.php?rest_route=%2Fwp%2Fv2%2Fproduct_cat&post=95537"},{"taxonomy":"product_tag","embeddable":true,"href":"https:\/\/www.autonvaraosahaku.fi\/index.php?rest_route=%2Fwp%2Fv2%2Fproduct_tag&post=95537"}],"curies":[{"name":"wp","href":"https:\/\/api.w.org\/{rel}","templated":true}]}}