{"id":95554,"date":"2021-02-21T22:00:21","date_gmt":"2021-02-21T22:00:21","guid":{"rendered":"https:\/\/www.autonvaraosahaku.fi\/?product=luk-624-3241-34-kytkinpaketti"},"modified":"2021-02-21T22:00:24","modified_gmt":"2021-02-21T22:00:24","slug":"luk-624-3241-34-kytkinpaketti","status":"publish","type":"product","link":"https:\/\/www.autonvaraosahaku.fi\/?product=luk-624-3241-34-kytkinpaketti","title":{"rendered":"LuK 624 3241 34 Kytkinpaketti"},"content":{"rendered":"<p>L\u00e4pimitta [mm]: 240; Lis\u00e4tarvike\/lis\u00e4tieto: Irroitusmekanismilla; J\u00e4lkis\u00e4\u00e4t\u00f6: Automaattisella s\u00e4\u00e4d\u00f6ll\u00e4; Korvaava tuote\/korvaava tiedote 2: Erikoisty\u00f6kalu tarpeen asennuksessa, Tarkasta 2-massavauhtipy\u00f6r\u00e4 ja uusi tarvitaessa.; Moottorimalli: Moottoreihin, joissa kaksoismassa vauhtipy\u00f6r\u00e4; Moottorinumero: OM 611.962; MERCEDES-BENZ: C-CLASS W203,E-CLASS W211,C-CLASS T-Model S203,E-CLASS T-Model S211,E-CLASS W210,C-CLASS Coupe CL203,M-CLASS W163,E-CLASS Kombi S210,CLC-CLASS CL203; 0002523105, 0002523611, 0002526705, 0002526905, 0002527705, 0002541608, 0002542508, 0002544208, 0002545208, 0172503801, 0182507901, 0182508101, 0192503101, 0192506901, A0002523105, A0002523611, A0002526705, A0002526905, A0002527705, A0002541608, A0002542508, A0002544208, A0002545208, A0172503801, A0182507901, A0182508101, A0192503101, A0192506901; Kytkinsarja<\/p>\n","protected":false},"excerpt":{"rendered":"<p>LuK Kytkinpaketti 624 3241 34 Kytkinsarja MERCEDES-BENZ,C-CLASS W203,E-CLASS W211,C-CLASS T-Model S203,E-CLASS T-Model S211,E-CLASS W210<\/p>\n","protected":false},"featured_media":0,"template":"","meta":{"site-sidebar-layout":"default","site-content-layout":"default","ast-global-header-display":"","ast-main-header-display":"","ast-hfb-above-header-display":"","ast-hfb-below-header-display":"","ast-hfb-mobile-header-display":"","site-post-title":"","ast-breadcrumbs-content":"","ast-featured-img":"","footer-sml-layout":"","theme-transparent-header-meta":"","adv-header-id-meta":"","stick-header-meta":"","header-above-stick-meta":"","header-main-stick-meta":"","header-below-stick-meta":""},"pwb-brand":[20],"product_cat":[21],"product_tag":[],"class_list":{"0":"post-95554","1":"product","2":"type-product","3":"status-publish","5":"pwb-brand-luk","6":"product_cat-kytkinpaketti","7":"desktop-align-left","8":"tablet-align-left","9":"mobile-align-left","11":"first","12":"instock","13":"product-type-external"},"brands":[{"id":20,"name":"LuK","slug":"luk"}],"_links":{"self":[{"href":"https:\/\/www.autonvaraosahaku.fi\/index.php?rest_route=\/wp\/v2\/product\/95554","targetHints":{"allow":["GET"]}}],"collection":[{"href":"https:\/\/www.autonvaraosahaku.fi\/index.php?rest_route=\/wp\/v2\/product"}],"about":[{"href":"https:\/\/www.autonvaraosahaku.fi\/index.php?rest_route=\/wp\/v2\/types\/product"}],"wp:attachment":[{"href":"https:\/\/www.autonvaraosahaku.fi\/index.php?rest_route=%2Fwp%2Fv2%2Fmedia&parent=95554"}],"wp:term":[{"taxonomy":"pwb-brand","embeddable":true,"href":"https:\/\/www.autonvaraosahaku.fi\/index.php?rest_route=%2Fwp%2Fv2%2Fpwb-brand&post=95554"},{"taxonomy":"product_cat","embeddable":true,"href":"https:\/\/www.autonvaraosahaku.fi\/index.php?rest_route=%2Fwp%2Fv2%2Fproduct_cat&post=95554"},{"taxonomy":"product_tag","embeddable":true,"href":"https:\/\/www.autonvaraosahaku.fi\/index.php?rest_route=%2Fwp%2Fv2%2Fproduct_tag&post=95554"}],"curies":[{"name":"wp","href":"https:\/\/api.w.org\/{rel}","templated":true}]}}