{"id":95632,"date":"2021-02-21T22:00:56","date_gmt":"2021-02-21T22:00:56","guid":{"rendered":"https:\/\/www.autonvaraosahaku.fi\/?product=ate-24-5307-0320-3-jarruletku"},"modified":"2021-02-21T22:00:57","modified_gmt":"2021-02-21T22:00:57","slug":"ate-24-5307-0320-3-jarruletku","status":"publish","type":"product","link":"https:\/\/www.autonvaraosahaku.fi\/?product=ate-24-5307-0320-3-jarruletku","title":{"rendered":"ATE 24.5307-0320.3 Jarruletku"},"content":{"rendered":"<p>Pituus (mm): 320; Ulkokierre 1 [mm]: 3\/8-24UNF; Ulkokierre 2 [mm]: 3\/8-24UNF; MAPP-koodi saatavilla: ; Avainv\u00e4li 1 [mm]: 15; Tarvittava kappalem\u00e4\u00e4r\u00e4: 2; ALFA ROMEO: SPIDER 115,SPIDER 105,GT,1750-2000,MONTREAL,GTA Coupe; 115024554400, 115384505600, 60518410, 115024554400, 60518410<\/p>\n","protected":false},"excerpt":{"rendered":"<p>ATE Jarruletku 24.5307-0320.3  ALFA ROMEO,SPIDER 115,SPIDER 105,GT,1750-2000,MONTREAL,GTA Coupe<\/p>\n","protected":false},"featured_media":0,"template":"","meta":{"site-sidebar-layout":"default","site-content-layout":"default","ast-global-header-display":"","ast-main-header-display":"","ast-hfb-above-header-display":"","ast-hfb-below-header-display":"","ast-hfb-mobile-header-display":"","site-post-title":"","ast-breadcrumbs-content":"","ast-featured-img":"","footer-sml-layout":"","theme-transparent-header-meta":"","adv-header-id-meta":"","stick-header-meta":"","header-above-stick-meta":"","header-main-stick-meta":"","header-below-stick-meta":""},"pwb-brand":[108],"product_cat":[70],"product_tag":[],"class_list":{"0":"post-95632","1":"product","2":"type-product","3":"status-publish","5":"pwb-brand-ate","6":"product_cat-jarruletku","7":"desktop-align-left","8":"tablet-align-left","9":"mobile-align-left","11":"first","12":"instock","13":"product-type-external"},"brands":[{"id":108,"name":"ATE","slug":"ate"}],"_links":{"self":[{"href":"https:\/\/www.autonvaraosahaku.fi\/index.php?rest_route=\/wp\/v2\/product\/95632","targetHints":{"allow":["GET"]}}],"collection":[{"href":"https:\/\/www.autonvaraosahaku.fi\/index.php?rest_route=\/wp\/v2\/product"}],"about":[{"href":"https:\/\/www.autonvaraosahaku.fi\/index.php?rest_route=\/wp\/v2\/types\/product"}],"wp:attachment":[{"href":"https:\/\/www.autonvaraosahaku.fi\/index.php?rest_route=%2Fwp%2Fv2%2Fmedia&parent=95632"}],"wp:term":[{"taxonomy":"pwb-brand","embeddable":true,"href":"https:\/\/www.autonvaraosahaku.fi\/index.php?rest_route=%2Fwp%2Fv2%2Fpwb-brand&post=95632"},{"taxonomy":"product_cat","embeddable":true,"href":"https:\/\/www.autonvaraosahaku.fi\/index.php?rest_route=%2Fwp%2Fv2%2Fproduct_cat&post=95632"},{"taxonomy":"product_tag","embeddable":true,"href":"https:\/\/www.autonvaraosahaku.fi\/index.php?rest_route=%2Fwp%2Fv2%2Fproduct_tag&post=95632"}],"curies":[{"name":"wp","href":"https:\/\/api.w.org\/{rel}","templated":true}]}}