{"id":95659,"date":"2021-02-21T22:01:04","date_gmt":"2021-02-21T22:01:04","guid":{"rendered":"https:\/\/www.autonvaraosahaku.fi\/?product=ate-24-0129-0101-1-jarrulevyt"},"modified":"2021-02-21T22:01:08","modified_gmt":"2021-02-21T22:01:08","slug":"ate-24-0129-0101-1-jarrulevyt","status":"publish","type":"product","link":"https:\/\/www.autonvaraosahaku.fi\/?product=ate-24-0129-0101-1-jarrulevyt","title":{"rendered":"ATE 24.0129-0101.1 Jarrulevyt"},"content":{"rendered":"<p>Ulkol\u00e4pimitta [mm]: 296,0; Jarrulevyn paksuus (mm): 29,0; V\u00e4himm\u00e4ispaksuus (mm): 27,5; Jarrulevytyyppi: Tuuletettu; K\u00e4sittely: Seostettu \/ hiilletty; Pinta: pinnoitettu; Reikien m\u00e4\u00e4r\u00e4: 5; MAPP-koodi saatavilla: ; Reik\u00e4ympyr\u00e4-\u00d8 [mm]: 115,0; Korkeus (mm): 51,6; keskitt\u00e4misl\u00e4pimitta [mm]: 70,7; Sis\u00e4l\u00e4pimitta [mm]: 154,5; Reik\u00e4-\u00d8 [mm]: 12,8; Tarkistuskilpi: E1 90R-02C0115\/0050; Asennuspuoli: Vorderachse; OPEL: ANTARA; CHEVROLET: CAPTIVA C100, C140,CAPTIVA SPORT; VAUXHALL: ANTARA J26, H26; 20955857, 4801850, 96625948, 4808848, 96625948, 4808848, 96625948; Jarrulevy<\/p>\n","protected":false},"excerpt":{"rendered":"<p>ATE Jarrulevyt 24.0129-0101.1 Jarrulevy OPEL,CHEVROLET,VAUXHALL,ANTARA,CAPTIVA C100, C140,CAPTIVA SPORT,ANTARA J26, H26<\/p>\n","protected":false},"featured_media":0,"template":"","meta":{"site-sidebar-layout":"default","site-content-layout":"default","ast-global-header-display":"","ast-main-header-display":"","ast-hfb-above-header-display":"","ast-hfb-below-header-display":"","ast-hfb-mobile-header-display":"","site-post-title":"","ast-breadcrumbs-content":"","ast-featured-img":"","footer-sml-layout":"","theme-transparent-header-meta":"","adv-header-id-meta":"","stick-header-meta":"","header-above-stick-meta":"","header-main-stick-meta":"","header-below-stick-meta":""},"pwb-brand":[108],"product_cat":[66],"product_tag":[],"class_list":{"0":"post-95659","1":"product","2":"type-product","3":"status-publish","5":"pwb-brand-ate","6":"product_cat-jarrulevyt","7":"desktop-align-left","8":"tablet-align-left","9":"mobile-align-left","11":"first","12":"instock","13":"product-type-external"},"brands":[{"id":108,"name":"ATE","slug":"ate"}],"_links":{"self":[{"href":"https:\/\/www.autonvaraosahaku.fi\/index.php?rest_route=\/wp\/v2\/product\/95659","targetHints":{"allow":["GET"]}}],"collection":[{"href":"https:\/\/www.autonvaraosahaku.fi\/index.php?rest_route=\/wp\/v2\/product"}],"about":[{"href":"https:\/\/www.autonvaraosahaku.fi\/index.php?rest_route=\/wp\/v2\/types\/product"}],"wp:attachment":[{"href":"https:\/\/www.autonvaraosahaku.fi\/index.php?rest_route=%2Fwp%2Fv2%2Fmedia&parent=95659"}],"wp:term":[{"taxonomy":"pwb-brand","embeddable":true,"href":"https:\/\/www.autonvaraosahaku.fi\/index.php?rest_route=%2Fwp%2Fv2%2Fpwb-brand&post=95659"},{"taxonomy":"product_cat","embeddable":true,"href":"https:\/\/www.autonvaraosahaku.fi\/index.php?rest_route=%2Fwp%2Fv2%2Fproduct_cat&post=95659"},{"taxonomy":"product_tag","embeddable":true,"href":"https:\/\/www.autonvaraosahaku.fi\/index.php?rest_route=%2Fwp%2Fv2%2Fproduct_tag&post=95659"}],"curies":[{"name":"wp","href":"https:\/\/api.w.org\/{rel}","templated":true}]}}