{"id":95668,"date":"2021-02-21T22:01:04","date_gmt":"2021-02-21T22:01:04","guid":{"rendered":"https:\/\/www.autonvaraosahaku.fi\/?product=ate-24-0126-0140-1-jarrulevyt"},"modified":"2021-02-21T22:01:11","modified_gmt":"2021-02-21T22:01:11","slug":"ate-24-0126-0140-1-jarrulevyt","status":"publish","type":"product","link":"https:\/\/www.autonvaraosahaku.fi\/?product=ate-24-0126-0140-1-jarrulevyt","title":{"rendered":"ATE 24.0126-0140.1 Jarrulevyt"},"content":{"rendered":"<p>Ulkol\u00e4pimitta [mm]: 302,0; Jarrulevyn paksuus (mm): 26,0; V\u00e4himm\u00e4ispaksuus (mm): 24,0; Jarrulevytyyppi: Tuuletettu, ulko; Pinta: pinnoitettu; Reikien m\u00e4\u00e4r\u00e4: 4; Reik\u00e4ympyr\u00e4-\u00d8 [mm]: 108,0; Korkeus (mm): 34,2; keskitt\u00e4misl\u00e4pimitta [mm]: 66,0; Sis\u00e4l\u00e4pimitta [mm]: 133,0; Reik\u00e4-\u00d8 [mm]: 13,0; Korvaava tuote\/korvaava tiedote 2: Ruuveilla; MAPP-koodi saatavilla: ; Tarkistuskilpi: E1 90R-02C0118\/0059; Valmistusvuosi alkaen: 11\/2010; PEUGEOT: 207 WA_, WC_,307 SW 3H,307 CC 3B,307 3A\/C,207 SW WK_,307 Break 3E,3008; CITRO\u00cbN: C4 Picasso I UD_,C4 Grand Picasso I UA_,C4 I LC_,C4 Coupe LA_; 1606308280, 1618859580, 4246C0, 424933, 424985, 9687602180, 1606308280, 1618859580, 4246P5, 424985, 9687602180, 9809266280; Jarrulevy<\/p>\n","protected":false},"excerpt":{"rendered":"<p>ATE Jarrulevyt 24.0126-0140.1 Jarrulevy PEUGEOT,CITRO\u00cbN,207 WA_, WC_,307 SW 3H,307 CC 3B,307 3A\/C,207 SW WK_,307 Break 3E,3008,C4 Picasso I UD_<\/p>\n","protected":false},"featured_media":0,"template":"","meta":{"site-sidebar-layout":"default","site-content-layout":"default","ast-global-header-display":"","ast-main-header-display":"","ast-hfb-above-header-display":"","ast-hfb-below-header-display":"","ast-hfb-mobile-header-display":"","site-post-title":"","ast-breadcrumbs-content":"","ast-featured-img":"","footer-sml-layout":"","theme-transparent-header-meta":"","adv-header-id-meta":"","stick-header-meta":"","header-above-stick-meta":"","header-main-stick-meta":"","header-below-stick-meta":""},"pwb-brand":[108],"product_cat":[66],"product_tag":[],"class_list":{"0":"post-95668","1":"product","2":"type-product","3":"status-publish","5":"pwb-brand-ate","6":"product_cat-jarrulevyt","7":"desktop-align-left","8":"tablet-align-left","9":"mobile-align-left","11":"first","12":"instock","13":"product-type-external"},"brands":[{"id":108,"name":"ATE","slug":"ate"}],"_links":{"self":[{"href":"https:\/\/www.autonvaraosahaku.fi\/index.php?rest_route=\/wp\/v2\/product\/95668","targetHints":{"allow":["GET"]}}],"collection":[{"href":"https:\/\/www.autonvaraosahaku.fi\/index.php?rest_route=\/wp\/v2\/product"}],"about":[{"href":"https:\/\/www.autonvaraosahaku.fi\/index.php?rest_route=\/wp\/v2\/types\/product"}],"wp:attachment":[{"href":"https:\/\/www.autonvaraosahaku.fi\/index.php?rest_route=%2Fwp%2Fv2%2Fmedia&parent=95668"}],"wp:term":[{"taxonomy":"pwb-brand","embeddable":true,"href":"https:\/\/www.autonvaraosahaku.fi\/index.php?rest_route=%2Fwp%2Fv2%2Fpwb-brand&post=95668"},{"taxonomy":"product_cat","embeddable":true,"href":"https:\/\/www.autonvaraosahaku.fi\/index.php?rest_route=%2Fwp%2Fv2%2Fproduct_cat&post=95668"},{"taxonomy":"product_tag","embeddable":true,"href":"https:\/\/www.autonvaraosahaku.fi\/index.php?rest_route=%2Fwp%2Fv2%2Fproduct_tag&post=95668"}],"curies":[{"name":"wp","href":"https:\/\/api.w.org\/{rel}","templated":true}]}}