{"id":9567,"date":"2021-02-21T14:06:16","date_gmt":"2021-02-21T14:06:16","guid":{"rendered":"https:\/\/www.autonvaraosahaku.fi\/?product=febest-1482-kyrf-pyoranlaakerit"},"modified":"2021-02-21T14:06:17","modified_gmt":"2021-02-21T14:06:17","slug":"febest-1482-kyrf-pyoranlaakerit","status":"publish","type":"product","link":"https:\/\/www.autonvaraosahaku.fi\/?product=febest-1482-kyrf-pyoranlaakerit","title":{"rendered":"FEBEST 1482-KYRF Py\u00f6r\u00e4nlaakerit"},"content":{"rendered":"<p>Asennuspuoli: etuakseli molemminpuoleinen; Paino [kg]: 5,288; Hammasluku, ABS-keh\u00e4: 40; M\u00e4\u00e4r\u00e4: 1; Pakkauspituus [cm]: 15,9; Pakkausleveys [cm]: 15,9; Pakkauskorkeus [mm]: 12,6, 12,6; Jarru-\/ajodynamiikka: f\u00fcr Fahrzeuge mit ABS; SSANGYONG: REXTON GAB_,KYRON,REXTON W,ACTYON SPORTS I QJ,ACTYON I,ACTYON SPORTS II,RODIUS II,REXTON Y400,ACTYON II; 4142009401; Py\u00f6r\u00e4nlaakerisarja<\/p>\n","protected":false},"excerpt":{"rendered":"<p>FEBEST Py\u00f6r\u00e4nlaakerit 1482-KYRF Py\u00f6r\u00e4nlaakerisarja SSANGYONG,REXTON GAB_,KYRON,REXTON W,ACTYON SPORTS I QJ,ACTYON I,ACTYON SPORTS II,RODIUS II<\/p>\n","protected":false},"featured_media":0,"template":"","meta":{"site-sidebar-layout":"default","site-content-layout":"default","ast-global-header-display":"","ast-main-header-display":"","ast-hfb-above-header-display":"","ast-hfb-below-header-display":"","ast-hfb-mobile-header-display":"","site-post-title":"","ast-breadcrumbs-content":"","ast-featured-img":"","footer-sml-layout":"","theme-transparent-header-meta":"","adv-header-id-meta":"","stick-header-meta":"","header-above-stick-meta":"","header-main-stick-meta":"","header-below-stick-meta":""},"pwb-brand":[152],"product_cat":[83],"product_tag":[],"class_list":{"0":"post-9567","1":"product","2":"type-product","3":"status-publish","5":"pwb-brand-febest","6":"product_cat-pyoranlaakerit","7":"desktop-align-left","8":"tablet-align-left","9":"mobile-align-left","11":"first","12":"instock","13":"product-type-external"},"brands":[{"id":152,"name":"FEBEST","slug":"febest"}],"_links":{"self":[{"href":"https:\/\/www.autonvaraosahaku.fi\/index.php?rest_route=\/wp\/v2\/product\/9567","targetHints":{"allow":["GET"]}}],"collection":[{"href":"https:\/\/www.autonvaraosahaku.fi\/index.php?rest_route=\/wp\/v2\/product"}],"about":[{"href":"https:\/\/www.autonvaraosahaku.fi\/index.php?rest_route=\/wp\/v2\/types\/product"}],"wp:attachment":[{"href":"https:\/\/www.autonvaraosahaku.fi\/index.php?rest_route=%2Fwp%2Fv2%2Fmedia&parent=9567"}],"wp:term":[{"taxonomy":"pwb-brand","embeddable":true,"href":"https:\/\/www.autonvaraosahaku.fi\/index.php?rest_route=%2Fwp%2Fv2%2Fpwb-brand&post=9567"},{"taxonomy":"product_cat","embeddable":true,"href":"https:\/\/www.autonvaraosahaku.fi\/index.php?rest_route=%2Fwp%2Fv2%2Fproduct_cat&post=9567"},{"taxonomy":"product_tag","embeddable":true,"href":"https:\/\/www.autonvaraosahaku.fi\/index.php?rest_route=%2Fwp%2Fv2%2Fproduct_tag&post=9567"}],"curies":[{"name":"wp","href":"https:\/\/api.w.org\/{rel}","templated":true}]}}