{"id":95748,"date":"2021-02-21T22:01:40","date_gmt":"2021-02-21T22:01:40","guid":{"rendered":"https:\/\/www.autonvaraosahaku.fi\/?product=ate-13-0460-3834-2-jarrupalat"},"modified":"2021-02-21T22:01:47","modified_gmt":"2021-02-21T22:01:47","slug":"ate-13-0460-3834-2-jarrupalat","status":"publish","type":"product","link":"https:\/\/www.autonvaraosahaku.fi\/?product=ate-13-0460-3834-2-jarrupalat","title":{"rendered":"ATE 13.0460-3834.2 Jarrupalat"},"content":{"rendered":"<p>Leveys (mm): 164,8; Korkeus (mm): 66,8; Paksuus [mm]: 19,0; Kulumisenilmaisimen liitos: Sis. kulumisenilmaisimen; Kulumisvaroittimia [pro Achse]: 1; Varoittimen pituus [mm]: 245; Lis\u00e4tarvike\/lis\u00e4tieto: Tarvikkeilla; Korvaava tuote\/korvaava tiedote 2: Jarrusatulan ruuveilla; Ruuvien m\u00e4\u00e4r\u00e4: 2; Jarruj\u00e4rjestelm\u00e4: Bosch; Tarkistuskilpi: E1 90R-011057\/926; MAPP-koodi saatavilla: ; M\u00e4\u00e4r\u00e4yksikk\u00f6: Akselisarja; Rakennemalli: 330\/350; FORD: TRANSIT MK-7 Kasten,TRANSIT MK-7 Bus,TRANSIT MK-7 Pritsche\/Fahrgestell,TRANSIT TOURNEO FB; 1371402, 1433952, 1553797, 1560014, 1721087, 6C112K021AE, 9C112K021AA; Jarrupalasarja,Jarrupala, Levyjarru<\/p>\n","protected":false},"excerpt":{"rendered":"<p>ATE Jarrupalat 13.0460-3834.2 Jarrupalasarja,Jarrupala, Levyjarru FORD,TRANSIT MK-7 Kasten,TRANSIT MK-7 Bus,TRANSIT MK-7 Pritsche\/Fahrgestell<\/p>\n","protected":false},"featured_media":0,"template":"","meta":{"site-sidebar-layout":"default","site-content-layout":"default","ast-global-header-display":"","ast-main-header-display":"","ast-hfb-above-header-display":"","ast-hfb-below-header-display":"","ast-hfb-mobile-header-display":"","site-post-title":"","ast-breadcrumbs-content":"","ast-featured-img":"","footer-sml-layout":"","theme-transparent-header-meta":"","adv-header-id-meta":"","stick-header-meta":"","header-above-stick-meta":"","header-main-stick-meta":"","header-below-stick-meta":""},"pwb-brand":[108],"product_cat":[100],"product_tag":[],"class_list":{"0":"post-95748","1":"product","2":"type-product","3":"status-publish","5":"pwb-brand-ate","6":"product_cat-jarrupalat","7":"desktop-align-left","8":"tablet-align-left","9":"mobile-align-left","11":"first","12":"instock","13":"product-type-external"},"brands":[{"id":108,"name":"ATE","slug":"ate"}],"_links":{"self":[{"href":"https:\/\/www.autonvaraosahaku.fi\/index.php?rest_route=\/wp\/v2\/product\/95748","targetHints":{"allow":["GET"]}}],"collection":[{"href":"https:\/\/www.autonvaraosahaku.fi\/index.php?rest_route=\/wp\/v2\/product"}],"about":[{"href":"https:\/\/www.autonvaraosahaku.fi\/index.php?rest_route=\/wp\/v2\/types\/product"}],"wp:attachment":[{"href":"https:\/\/www.autonvaraosahaku.fi\/index.php?rest_route=%2Fwp%2Fv2%2Fmedia&parent=95748"}],"wp:term":[{"taxonomy":"pwb-brand","embeddable":true,"href":"https:\/\/www.autonvaraosahaku.fi\/index.php?rest_route=%2Fwp%2Fv2%2Fpwb-brand&post=95748"},{"taxonomy":"product_cat","embeddable":true,"href":"https:\/\/www.autonvaraosahaku.fi\/index.php?rest_route=%2Fwp%2Fv2%2Fproduct_cat&post=95748"},{"taxonomy":"product_tag","embeddable":true,"href":"https:\/\/www.autonvaraosahaku.fi\/index.php?rest_route=%2Fwp%2Fv2%2Fproduct_tag&post=95748"}],"curies":[{"name":"wp","href":"https:\/\/api.w.org\/{rel}","templated":true}]}}