{"id":95763,"date":"2021-02-21T22:01:49","date_gmt":"2021-02-21T22:01:49","guid":{"rendered":"https:\/\/www.autonvaraosahaku.fi\/?product=hella-8tw-005-496-051-pissapojan-pumppu"},"modified":"2021-02-21T22:01:54","modified_gmt":"2021-02-21T22:01:54","slug":"hella-8tw-005-496-051-pissapojan-pumppu","status":"publish","type":"product","link":"https:\/\/www.autonvaraosahaku.fi\/?product=hella-8tw-005-496-051-pissapojan-pumppu","title":{"rendered":"HELLA 8TW 005 496-051 Pissapojan pumppu"},"content":{"rendered":"<p>K\u00e4ytt\u00f6: S\u00e4hk\u00f6inen; Nimellisj\u00e4nnite (V): 24; Paine (bar): 2; Painejohdinliittimen l\u00e4pimitta [mm]: 6; Imuputken liittimen l\u00e4pimitta [mm]: 7; Siirtom\u00e4\u00e4r\u00e4 (l\/h): 60; Kopan l\u00e4pimitta (mm): 35; Pumpputyyppi: Pumppu, (monopumppu); MERCEDES-BENZ: T2\/LN1 Kasten\/Kombi,T2\/LN1 Pritsche\/Fahrgestell,T2\/LN1 Kipper,T2\/LN1 Bus,T2\/LN1 Triebkopf,LK\/LN2,O 404,O 405,O 407; VOLVO: 8700,9700,9900,B11; 0801157000, 89DB17K624BB, 97CT17K624BA, 11066856, N1011066856, 7470360547, 70360547; Pesurin Pumppu,Lasinpesurin Pumppu,Pesunestepumppu, Lasinpesu<\/p>\n","protected":false},"excerpt":{"rendered":"<p>HELLA Pissapojan Pumppu 8TW 005 496-051 Pesurin Pumppu,Lasinpesurin Pumppu MERCEDES-BENZ,VOLVO,T2\/LN1 Kasten\/Kombi,T2\/LN1 Pritsche\/Fahrgestell<\/p>\n","protected":false},"featured_media":0,"template":"","meta":{"site-sidebar-layout":"default","site-content-layout":"default","ast-global-header-display":"","ast-main-header-display":"","ast-hfb-above-header-display":"","ast-hfb-below-header-display":"","ast-hfb-mobile-header-display":"","site-post-title":"","ast-breadcrumbs-content":"","ast-featured-img":"","footer-sml-layout":"","theme-transparent-header-meta":"","adv-header-id-meta":"","stick-header-meta":"","header-above-stick-meta":"","header-main-stick-meta":"","header-below-stick-meta":""},"pwb-brand":[24],"product_cat":[182],"product_tag":[],"class_list":{"0":"post-95763","1":"product","2":"type-product","3":"status-publish","5":"pwb-brand-hella","6":"product_cat-pissapojan-pumppu","7":"desktop-align-left","8":"tablet-align-left","9":"mobile-align-left","11":"first","12":"instock","13":"product-type-external"},"brands":[{"id":24,"name":"HELLA","slug":"hella"}],"_links":{"self":[{"href":"https:\/\/www.autonvaraosahaku.fi\/index.php?rest_route=\/wp\/v2\/product\/95763","targetHints":{"allow":["GET"]}}],"collection":[{"href":"https:\/\/www.autonvaraosahaku.fi\/index.php?rest_route=\/wp\/v2\/product"}],"about":[{"href":"https:\/\/www.autonvaraosahaku.fi\/index.php?rest_route=\/wp\/v2\/types\/product"}],"wp:attachment":[{"href":"https:\/\/www.autonvaraosahaku.fi\/index.php?rest_route=%2Fwp%2Fv2%2Fmedia&parent=95763"}],"wp:term":[{"taxonomy":"pwb-brand","embeddable":true,"href":"https:\/\/www.autonvaraosahaku.fi\/index.php?rest_route=%2Fwp%2Fv2%2Fpwb-brand&post=95763"},{"taxonomy":"product_cat","embeddable":true,"href":"https:\/\/www.autonvaraosahaku.fi\/index.php?rest_route=%2Fwp%2Fv2%2Fproduct_cat&post=95763"},{"taxonomy":"product_tag","embeddable":true,"href":"https:\/\/www.autonvaraosahaku.fi\/index.php?rest_route=%2Fwp%2Fv2%2Fproduct_tag&post=95763"}],"curies":[{"name":"wp","href":"https:\/\/api.w.org\/{rel}","templated":true}]}}