{"id":95768,"date":"2021-02-21T22:01:49","date_gmt":"2021-02-21T22:01:49","guid":{"rendered":"https:\/\/www.autonvaraosahaku.fi\/?product=hella-8mk-376-720-591-jaahdytin"},"modified":"2021-02-21T22:01:56","modified_gmt":"2021-02-21T22:01:56","slug":"hella-8mk-376-720-591-jaahdytin","status":"publish","type":"product","link":"https:\/\/www.autonvaraosahaku.fi\/?product=hella-8mk-376-720-591-jaahdytin","title":{"rendered":"HELLA 8MK 376 720-591 J\u00e4\u00e4hdytin"},"content":{"rendered":"<p>Verkon pituus [mm]: 632; Verkon leveys [mm]: 385; Verkon syvyys [mm]: 32; Korvaava tuote\/korvaava tiedote 2: Ruuvilla; Varusteet: ajoneuvoille ilmastointilaitteella tai ilman; Vaihteistomalli: K\u00e4sivaihteisto; L\u00e4mmityslaite \/ j\u00e4\u00e4hdytys: Autoihin joissa suurteho; J\u00e4\u00e4hdytintyyppi: J\u00e4\u00e4hdytysrivat mekaan. kiinnitetyt; Kierremitta: M10x1,5; Alustanumeroon: 3B-Y-419084; VW: PASSAT Variant 3B6,PASSAT Variant 3B5,PASSAT 3B2,PASSAT 3B3; AUDI: A4 8D2, B5,A6 Avant 4B5, C5,A4 Avant 8D5, B5,A6 4B2, C5; SKODA: SUPERB 3U4; 4B0121251G, 8D0121251AC, 8D0121251AJ, 8D0121251AL, 8D0121251AT, 8D0121251BA, 8D0121251BH, 8D0121251BJ, 8D0121251E, 8D0121251J, 8D0121251K, 8D0121251P, 8D0121251Q, 4B0121251G, 8D0121251AC, 8D0121251AJ, 8D0121251AL, 8D0121251AT, 8D0121251BA, 8D0121251BH, 8D0121251BJ, 8D0121251E, 8D0121251J, 8D0121251K, 8D0121251P, 8D0121251Q, 4B0121251G, 8D0121251AC, 8D0121251AJ, 8D0121251AL, 8D0121251AT, 8D0121251BA, 8D0121251BH, 8D0121251BJ, 8D0121251E, 8D0121251J, 8D0121251K, 8D0121251P, 8D0121251Q; Syyl\u00e4ri,J\u00e4\u00e4hdytin,Moottorin J\u00e4\u00e4hdytys<\/p>\n","protected":false},"excerpt":{"rendered":"<p>HELLA J\u00e4\u00e4hdytin 8MK 376 720-591 Syyl\u00e4ri,J\u00e4\u00e4hdytin,Moottorin J\u00e4\u00e4hdytys VW,AUDI,SKODA,PASSAT Variant 3B6,PASSAT Variant 3B5,PASSAT 3B2,PASSAT 3B3<\/p>\n","protected":false},"featured_media":0,"template":"","meta":{"site-sidebar-layout":"default","site-content-layout":"default","ast-global-header-display":"","ast-main-header-display":"","ast-hfb-above-header-display":"","ast-hfb-below-header-display":"","ast-hfb-mobile-header-display":"","site-post-title":"","ast-breadcrumbs-content":"","ast-featured-img":"","footer-sml-layout":"","theme-transparent-header-meta":"","adv-header-id-meta":"","stick-header-meta":"","header-above-stick-meta":"","header-main-stick-meta":"","header-below-stick-meta":""},"pwb-brand":[24],"product_cat":[421],"product_tag":[],"class_list":{"0":"post-95768","1":"product","2":"type-product","3":"status-publish","5":"pwb-brand-hella","6":"product_cat-jaahdytin","7":"desktop-align-left","8":"tablet-align-left","9":"mobile-align-left","11":"first","12":"instock","13":"product-type-external"},"brands":[{"id":24,"name":"HELLA","slug":"hella"}],"_links":{"self":[{"href":"https:\/\/www.autonvaraosahaku.fi\/index.php?rest_route=\/wp\/v2\/product\/95768","targetHints":{"allow":["GET"]}}],"collection":[{"href":"https:\/\/www.autonvaraosahaku.fi\/index.php?rest_route=\/wp\/v2\/product"}],"about":[{"href":"https:\/\/www.autonvaraosahaku.fi\/index.php?rest_route=\/wp\/v2\/types\/product"}],"wp:attachment":[{"href":"https:\/\/www.autonvaraosahaku.fi\/index.php?rest_route=%2Fwp%2Fv2%2Fmedia&parent=95768"}],"wp:term":[{"taxonomy":"pwb-brand","embeddable":true,"href":"https:\/\/www.autonvaraosahaku.fi\/index.php?rest_route=%2Fwp%2Fv2%2Fpwb-brand&post=95768"},{"taxonomy":"product_cat","embeddable":true,"href":"https:\/\/www.autonvaraosahaku.fi\/index.php?rest_route=%2Fwp%2Fv2%2Fproduct_cat&post=95768"},{"taxonomy":"product_tag","embeddable":true,"href":"https:\/\/www.autonvaraosahaku.fi\/index.php?rest_route=%2Fwp%2Fv2%2Fproduct_tag&post=95768"}],"curies":[{"name":"wp","href":"https:\/\/api.w.org\/{rel}","templated":true}]}}