{"id":95771,"date":"2021-02-21T22:01:57","date_gmt":"2021-02-21T22:01:57","guid":{"rendered":"https:\/\/www.autonvaraosahaku.fi\/?product=hella-8gh-002-090-251-lamput-hehkulamppu"},"modified":"2021-02-21T22:01:58","modified_gmt":"2021-02-21T22:01:58","slug":"hella-8gh-002-090-251-lamput-hehkulamppu","status":"publish","type":"product","link":"https:\/\/www.autonvaraosahaku.fi\/?product=hella-8gh-002-090-251-lamput-hehkulamppu","title":{"rendered":"HELLA 8GH 002 090-251 Lamput (hehkulamppu)"},"content":{"rendered":"<p>Lamppumalli: H3; J\u00e4nnite (V): 24; Nimellisteho (W): 70; M\u00e4\u00e4r\u00e4: 1; Tarkistuskilpi: E1; Kantamalli: PK 22 S; Pakkaustyyppi: Laatikko; MERCEDES-BENZ: CITO (O 520),ECONIC,MK,O 405,O 408,SK,UNIMOG,ZETROS; VOLVO: 7700,8500,8700,9700,9900,B12,B7,B9,F10,F12,F16,FE,FH,FH12,FH16,FL,FL II,FL10,FL6,FL7,FM,FM12,FM7,FMX; IVECO: EUROCARGO I-III; SETRA: Series 300; SCANIA: 3 &#8211; series,3 &#8211; series bus,4 &#8211; series,P,G,R,T &#8211; series; RENAULT TRUCKS: AGORA,PREMIUM 2; NEOPLAN: Centroliner,Cityliner,Skyliner; MAN: EM,F2000,F90,F90 Unterflur,G,LION\u00b4S COACH,LION\u00b4S COMFORT,LION\u00b4S STAR,M 2000 M,M90,TGS,TGX,\u00dcL; IRISBUS: ARWAY; DAF: 75 CF,CF 65,CF 75,CF 85,LF 45,LF 55,XF 105; 1354883, 32009011, 5C4613N429AA, V1C4613465AA, 21EK10240, 1102259, 100073733, T1659, ZF259010027, S4545453, 0050192, 7050637<\/p>\n","protected":false},"excerpt":{"rendered":"<p>HELLA Polttimo, Ty\u00f6valo HEAVY DUTY 8GH 002 090-251  MERCEDES-BENZ,VOLVO,IVECO,CITO (O 520),ECONIC,MK,O 405,O 408,SK,UNIMOG,ZETROS,7700,8500,8700,9700<\/p>\n","protected":false},"featured_media":0,"template":"","meta":{"site-sidebar-layout":"default","site-content-layout":"default","ast-global-header-display":"","ast-main-header-display":"","ast-hfb-above-header-display":"","ast-hfb-below-header-display":"","ast-hfb-mobile-header-display":"","site-post-title":"","ast-breadcrumbs-content":"","ast-featured-img":"","footer-sml-layout":"","theme-transparent-header-meta":"","adv-header-id-meta":"","stick-header-meta":"","header-above-stick-meta":"","header-main-stick-meta":"","header-below-stick-meta":""},"pwb-brand":[24],"product_cat":[151],"product_tag":[],"class_list":{"0":"post-95771","1":"product","2":"type-product","3":"status-publish","5":"pwb-brand-hella","6":"product_cat-lamput-hehkulamppu","7":"desktop-align-left","8":"tablet-align-left","9":"mobile-align-left","11":"first","12":"instock","13":"product-type-external"},"brands":[{"id":24,"name":"HELLA","slug":"hella"}],"_links":{"self":[{"href":"https:\/\/www.autonvaraosahaku.fi\/index.php?rest_route=\/wp\/v2\/product\/95771","targetHints":{"allow":["GET"]}}],"collection":[{"href":"https:\/\/www.autonvaraosahaku.fi\/index.php?rest_route=\/wp\/v2\/product"}],"about":[{"href":"https:\/\/www.autonvaraosahaku.fi\/index.php?rest_route=\/wp\/v2\/types\/product"}],"wp:attachment":[{"href":"https:\/\/www.autonvaraosahaku.fi\/index.php?rest_route=%2Fwp%2Fv2%2Fmedia&parent=95771"}],"wp:term":[{"taxonomy":"pwb-brand","embeddable":true,"href":"https:\/\/www.autonvaraosahaku.fi\/index.php?rest_route=%2Fwp%2Fv2%2Fpwb-brand&post=95771"},{"taxonomy":"product_cat","embeddable":true,"href":"https:\/\/www.autonvaraosahaku.fi\/index.php?rest_route=%2Fwp%2Fv2%2Fproduct_cat&post=95771"},{"taxonomy":"product_tag","embeddable":true,"href":"https:\/\/www.autonvaraosahaku.fi\/index.php?rest_route=%2Fwp%2Fv2%2Fproduct_tag&post=95771"}],"curies":[{"name":"wp","href":"https:\/\/api.w.org\/{rel}","templated":true}]}}