{"id":95774,"date":"2021-02-21T22:01:57","date_gmt":"2021-02-21T22:01:57","guid":{"rendered":"https:\/\/www.autonvaraosahaku.fi\/?product=hella-6zl-008-280-061-oljynpaineanturi"},"modified":"2021-02-21T22:01:59","modified_gmt":"2021-02-21T22:01:59","slug":"hella-6zl-008-280-061-oljynpaineanturi","status":"publish","type":"product","link":"https:\/\/www.autonvaraosahaku.fi\/?product=hella-6zl-008-280-061-oljynpaineanturi","title":{"rendered":"HELLA 6ZL 008 280-061 \u00d6ljynpaineanturi"},"content":{"rendered":"<p>Kiristysmomentti > [Nm]: 50; Kytkent\u00e4paine alkaen [bar]: 0,15; Kytkinpaine enint. [bar]: 0,35; Nimellisj\u00e4nnite (V): 12; Liittimi\u00e4: 1; V\u00e4ri vastaa alkuper\u00e4isosaa: Sininen; Kierremitta: M12x1,5; Yhdistelm\u00e4kytkintoiminto: Avaaja; Avainv\u00e4li: 24; Pistokemalli: Lattapistoke; Toleranssi [%]: 10; Varusteet: f\u00fcr Fahrzeuge ohne Diesel-Partikel-Filter (DPF); SMART: FORTWO Coupe 451,CITY-COUPE 450,FORTWO Cabrio 451,CABRIO 450,FORTWO Coupe 450,ROADSTER 452,FORTWO Cabrio 450,ROADSTER Coupe 452,CROSSBLADE 450; 0003043V002000000, 1601500079, A0003043V002000000, A1601500079, 0003043V002, 0003043V002000000, 1601500079, A0003043V002000000, A1601500079, Q0003043V002000000; \u00d6ljynpainekytkin<\/p>\n","protected":false},"excerpt":{"rendered":"<p>HELLA \u00d6ljynpaineanturi 6ZL 008 280-061 \u00d6ljynpainekytkin SMART,FORTWO Coupe 451,CITY-COUPE 450,FORTWO Cabrio 451,CABRIO 450,FORTWO Coupe 450<\/p>\n","protected":false},"featured_media":0,"template":"","meta":{"site-sidebar-layout":"default","site-content-layout":"default","ast-global-header-display":"","ast-main-header-display":"","ast-hfb-above-header-display":"","ast-hfb-below-header-display":"","ast-hfb-mobile-header-display":"","site-post-title":"","ast-breadcrumbs-content":"","ast-featured-img":"","footer-sml-layout":"","theme-transparent-header-meta":"","adv-header-id-meta":"","stick-header-meta":"","header-above-stick-meta":"","header-main-stick-meta":"","header-below-stick-meta":""},"pwb-brand":[24],"product_cat":[235],"product_tag":[],"class_list":{"0":"post-95774","1":"product","2":"type-product","3":"status-publish","5":"pwb-brand-hella","6":"product_cat-oljynpaineanturi","7":"desktop-align-left","8":"tablet-align-left","9":"mobile-align-left","11":"first","12":"instock","13":"product-type-external"},"brands":[{"id":24,"name":"HELLA","slug":"hella"}],"_links":{"self":[{"href":"https:\/\/www.autonvaraosahaku.fi\/index.php?rest_route=\/wp\/v2\/product\/95774","targetHints":{"allow":["GET"]}}],"collection":[{"href":"https:\/\/www.autonvaraosahaku.fi\/index.php?rest_route=\/wp\/v2\/product"}],"about":[{"href":"https:\/\/www.autonvaraosahaku.fi\/index.php?rest_route=\/wp\/v2\/types\/product"}],"wp:attachment":[{"href":"https:\/\/www.autonvaraosahaku.fi\/index.php?rest_route=%2Fwp%2Fv2%2Fmedia&parent=95774"}],"wp:term":[{"taxonomy":"pwb-brand","embeddable":true,"href":"https:\/\/www.autonvaraosahaku.fi\/index.php?rest_route=%2Fwp%2Fv2%2Fpwb-brand&post=95774"},{"taxonomy":"product_cat","embeddable":true,"href":"https:\/\/www.autonvaraosahaku.fi\/index.php?rest_route=%2Fwp%2Fv2%2Fproduct_cat&post=95774"},{"taxonomy":"product_tag","embeddable":true,"href":"https:\/\/www.autonvaraosahaku.fi\/index.php?rest_route=%2Fwp%2Fv2%2Fproduct_tag&post=95774"}],"curies":[{"name":"wp","href":"https:\/\/api.w.org\/{rel}","templated":true}]}}